{"id":9838,"date":"2025-08-15T14:33:30","date_gmt":"2025-08-15T12:33:30","guid":{"rendered":"https:\/\/impact.be\/candidati\/cine-suntem-noi\/"},"modified":"2025-11-14T18:33:59","modified_gmt":"2025-11-14T17:33:59","slug":"cine-suntem-noi","status":"publish","type":"page","link":"https:\/\/impact.be\/ro\/candidati\/cine-suntem-noi\/","title":{"rendered":"Cine suntem noi?"},"content":{"rendered":"<div class=\"wpb-content-wrapper\"><p>[vc_row full_width=&#8221;stretch_row&#8221; content_placement=&#8221;bottom&#8221; bg_custom_divider=&#8221;diagonal-50&#8243; bg_custom_style=&#8221;image&#8221; row_height=&#8221;row_900px&#8221; bg_color=&#8221;bg_gray&#8221; bg_custom_img=&#8221;1974&#8243; css=&#8221;.vc_custom_1759406783333{background-color: bg_gray !important;}&#8221;][vc_column width=&#8221;2\/5&#8243;]\n        <div class=\"sd-block-breadcrumb  align-left color-white marginbottom-60px\n        \">\n            <ul id=\"breadcrumbs\" class=\"breadcrumbs\"><\/ul>\n        <\/div>\n        <div class=\"sd-block-title \">\n            <h1 class=\"sd-block-title-htag  marginbottom-30px align-left color-white\n            \">\n\t\t\t\t\n            \tAgen\u021bie de ocupare a for\u021bei de munc\u0103 pentru profesioni\u0219ti foarte ambi\u021bio\u0219i\n\t\t\t<\/h1>\n        <\/div>\n        <div class=\"sd-block-text  marginbottom-0px color-white\n        \">\n        \t\n            <p>\u00centr-o lume \u00een care totul poate fi controlat prin simpla ap\u0103sare a unui buton, ave\u021bi nevoie de m\u00e2ini pricepute \u0219i min\u021bi ascu\u021bite. IMPACT \u0219tie c\u0103 talentul potrivit la locul potrivit poate face toat\u0103 diferen\u021ba. Acesta este motivul pentru care adopt\u0103m o abordare personal\u0103 \u00een c\u0103utarea exper\u021bilor \u00een construc\u021bii, tehnic\u0103, logistic\u0103, produc\u021bie \u0219i alte sectoare.<\/p>\n\n        <\/div>[\/vc_column][vc_column width=&#8221;3\/5&#8243;][\/vc_column][\/vc_row][vc_row][vc_column][vc_row_inner][vc_column_inner width=&#8221;1\/3&#8243; responsive_marginbottom=&#8221;30px&#8221;]\n                <a class=\"sd-block-cta  marginbottom-30px\" title=\"15 birouri \u00een Belgia \u0219i 1 birou \u00een Polonia\" href=\"https:\/\/impact.be\/ro\/candidati\/birourile-noastre\/\"\n                >\n                    <div class=\"cta-inner\">\n                    \t<img decoding=\"async\" src=\"https:\/\/impact.be\/wp-content\/uploads\/2025\/10\/23_kantoren_verspreid.jpg\" alt=\"\">\n                        <div class=\"sd-block-cta-title\">\n                            \n        <div class=\"sd-block-title \">\n            <h3 class=\"sd-block-title-htag  marginbottom-30px align-center color-dark_gray\n            \">\n\t\t\t\t\n            \t15 birouri \u00een Belgia \u0219i 1 birou \u00een Polonia\n\t\t\t<\/h3>\n        <\/div>\n                        <\/div>\n                        <div class=\"sd-block-cta-text\">\n                        \t\n        <div class=\"sd-block-text  marginbottom-30px color-dark_gray\n        \">\n        \t\n            \n        <\/div>\n                        <\/div>\n                        <div class=\"sd-block-cta-button\">\n                        \t\n        <div class=\"sd-block-button  marginbottom-0px align-center button-type-background button-size-normal background-color-green\">\n            <span class=\"inner-button\"\n            href=\"\" title=\"G\u0103si\u021bi un birou \u00een apropierea dumneavoastr\u0103\">\n                <div class=\"button-content\">\n                    <span>G\u0103si\u021bi un birou \u00een apropierea dumneavoastr\u0103<\/span>\n\t\t\t\t    <svg height=\"15\" width=\"15\" xmlns=\"http:\/\/www.w3.org\/2000\/svg\" viewBox=\"0 0 15 13.56\"><path fill=\"currentColor\" d=\"M0,5.64h11.64L7.56,0h2.64l4.8,6.84-4.8,6.72h-2.64l4.08-5.64H0v-2.28Z\"\/><\/svg>\n                <\/div>\n            <\/span>\n        <\/div>\n                        <\/div>\n                    <\/div>\n                <\/a>[\/vc_column_inner][vc_column_inner width=&#8221;1\/3&#8243; responsive_marginbottom=&#8221;30px&#8221;]\n                <a class=\"sd-block-cta  marginbottom-30px\" title=\"+100 de colegi entuzia\u0219ti \u0219i dedica\u021bi\" href=\"https:\/\/impact.be\/ro\/candidati\/recrutare-internationala\/expertii-nostri\/\"\n                >\n                    <div class=\"cta-inner\">\n                    \t<img decoding=\"async\" src=\"https:\/\/impact.be\/wp-content\/uploads\/2025\/10\/IMPACT-website-enthousiaste-collegas.png\" alt=\"\">\n                        <div class=\"sd-block-cta-title\">\n                            \n        <div class=\"sd-block-title \">\n            <h3 class=\"sd-block-title-htag  marginbottom-30px align-center color-dark_gray\n            \">\n\t\t\t\t\n            \t+100 de colegi entuzia\u0219ti \u0219i dedica\u021bi\n\t\t\t<\/h3>\n        <\/div>\n                        <\/div>\n                        <div class=\"sd-block-cta-text\">\n                        \t\n        <div class=\"sd-block-text  marginbottom-30px color-dark_gray\n        \">\n        \t\n            \n        <\/div>\n                        <\/div>\n                        <div class=\"sd-block-cta-button\">\n                        \t\n        <div class=\"sd-block-button  marginbottom-0px align-center button-type-background button-size-normal background-color-green\">\n            <span class=\"inner-button\"\n            href=\"\" title=\"Face\u021bi cuno\u0219tin\u021b\u0103 cu echipa noastr\u0103\">\n                <div class=\"button-content\">\n                    <span>Face\u021bi cuno\u0219tin\u021b\u0103 cu echipa noastr\u0103<\/span>\n\t\t\t\t    <svg height=\"15\" width=\"15\" xmlns=\"http:\/\/www.w3.org\/2000\/svg\" viewBox=\"0 0 15 13.56\"><path fill=\"currentColor\" d=\"M0,5.64h11.64L7.56,0h2.64l4.8,6.84-4.8,6.72h-2.64l4.08-5.64H0v-2.28Z\"\/><\/svg>\n                <\/div>\n            <\/span>\n        <\/div>\n                        <\/div>\n                    <\/div>\n                <\/a>[\/vc_column_inner][vc_column_inner width=&#8221;1\/3&#8243; responsive_marginbottom=&#8221;0px&#8221;]\n                <a class=\"sd-block-cta  marginbottom-30px\" title=\"+1000 de lucr\u0103tori temporari care \u00ee\u0219i fac treaba \u00een fiecare zi\" href=\"https:\/\/impact.be\/ro\/candidati\/testimoniale\/\"\n                >\n                    <div class=\"cta-inner\">\n                    \t<img decoding=\"async\" src=\"https:\/\/impact.be\/wp-content\/uploads\/2025\/10\/1000_uitzendkrachten.jpg\" alt=\"\">\n                        <div class=\"sd-block-cta-title\">\n                            \n        <div class=\"sd-block-title \">\n            <h3 class=\"sd-block-title-htag  marginbottom-30px align-center color-dark_gray\n            \">\n\t\t\t\t\n            \t+1000 de lucr\u0103tori temporari care \u00ee\u0219i fac treaba \u00een fiecare zi\n\t\t\t<\/h3>\n        <\/div>\n                        <\/div>\n                        <div class=\"sd-block-cta-text\">\n                        \t\n        <div class=\"sd-block-text  marginbottom-30px color-dark_gray\n        \">\n        \t\n            \n        <\/div>\n                        <\/div>\n                        <div class=\"sd-block-cta-button\">\n                        \t\n        <div class=\"sd-block-button  marginbottom-0px align-center button-type-background button-size-normal background-color-green\">\n            <span class=\"inner-button\"\n            href=\"\" title=\"Citi\u021bi pove\u0219tile lor\">\n                <div class=\"button-content\">\n                    <span>Citi\u021bi pove\u0219tile lor<\/span>\n\t\t\t\t    <svg height=\"15\" width=\"15\" xmlns=\"http:\/\/www.w3.org\/2000\/svg\" viewBox=\"0 0 15 13.56\"><path fill=\"currentColor\" d=\"M0,5.64h11.64L7.56,0h2.64l4.8,6.84-4.8,6.72h-2.64l4.08-5.64H0v-2.28Z\"\/><\/svg>\n                <\/div>\n            <\/span>\n        <\/div>\n                        <\/div>\n                    <\/div>\n                <\/a>[\/vc_column_inner][\/vc_row_inner][\/vc_column][\/vc_row][vc_row full_width=&#8221;stretch_row&#8221; bg_color=&#8221;bg_gray&#8221; css=&#8221;.vc_custom_1758526923701{background-color: bg_green !important;}&#8221;][vc_column][vc_row_inner content_placement=&#8221;middle&#8221;][vc_column_inner width=&#8221;1\/2&#8243;]<div class=\"sd-block-video orientation-landscape mobile_marginbottom-60px marginbottom-0px\" data-video=\"xECQYv5K_Bw\" data-platform=\"youtube\">\n                <div class=\"sd-video-container background-enabled\">\n                    <div class=\"sd-bg-image-controls controls-desktop\">\n\t\t\t        \t<span class=\"play\"><svg width=\"15px\" height=\"15px\" xmlns=\"http:\/\/www.w3.org\/2000\/svg\" viewBox=\"0 0 11 14\"><path fill=\"currentColor\" d=\"M0,14V0l11,7L0,14z\"\/><\/svg><\/span>\n\t\t\t        \t<!--<span class=\"pause\"><svg width=\"15px\" height=\"15px\" xmlns=\"http:\/\/www.w3.org\/2000\/svg\" viewBox=\"0 0 12 14\"><path fill=\"currentColor\" d=\"M8,14V0h4v14H8z M0,14V0h4v14H0z\"\/><\/svg><\/span>-->\n\t\t\t        \t<span class=\"restart\"><svg width=\"15px\" height=\"15px\" xmlns=\"http:\/\/www.w3.org\/2000\/svg\" viewBox=\"0 0 18 21\"><path fill=\"currentColor\" d=\"M8,21c-0.8-0.1-1.6-0.3-2.4-0.6c-0.8-0.3-1.5-0.8-2.2-1.3l1.4-1.5c0.5,0.4,1,0.6,1.5,0.9s1.1,0.4,1.7,0.4V21z M9.9,21v-2.1c1.7-0.2,3.2-1,4.3-2.3s1.7-2.8,1.7-4.6c0-1.9-0.7-3.6-2-5s-3-2-5-2H8.8l1.6,1.6L8.9,8L5,4l4-4l1.4,1.5L8.8,3h0.1 c1.2,0,2.4,0.2,3.5,0.7s2,1.1,2.8,1.9s1.5,1.8,1.9,2.8C17.7,9.6,18,10.8,18,12c0,2.3-0.8,4.3-2.3,6C14.2,19.7,12.2,20.6,9.9,21z M1.9,17.6c-0.5-0.7-1-1.4-1.3-2.2C0.3,14.6,0.1,13.8,0,13h2c0.1,0.6,0.2,1.1,0.5,1.7c0.2,0.5,0.5,1.1,0.9,1.5L1.9,17.6z M0,11 c0.1-0.8,0.3-1.7,0.6-2.4s0.7-1.5,1.3-2.2l1.5,1.4C3,8.3,2.7,8.8,2.5,9.3C2.3,9.9,2.1,10.4,2,11H0z\"\/><\/svg><\/span>\n                    <\/div>\n                    <div class=\"sd-bg-image-controls controls-mobile\">\n\t\t\t        \t<span class=\"play\"><svg width=\"15px\" height=\"15px\" xmlns=\"http:\/\/www.w3.org\/2000\/svg\" viewBox=\"0 0 11 14\"><path fill=\"currentColor\" d=\"M0,14V0l11,7L0,14z\"\/><\/svg><\/span>\n\t\t\t        \t<!--<span class=\"pause\"><svg width=\"15px\" height=\"15px\" xmlns=\"http:\/\/www.w3.org\/2000\/svg\" viewBox=\"0 0 12 14\"><path fill=\"currentColor\" d=\"M8,14V0h4v14H8z M0,14V0h4v14H0z\"\/><\/svg><\/span>-->\n\t\t\t        \t<span class=\"restart\"><svg width=\"15px\" height=\"15px\" xmlns=\"http:\/\/www.w3.org\/2000\/svg\" viewBox=\"0 0 18 21\"><path fill=\"currentColor\" d=\"M8,21c-0.8-0.1-1.6-0.3-2.4-0.6c-0.8-0.3-1.5-0.8-2.2-1.3l1.4-1.5c0.5,0.4,1,0.6,1.5,0.9s1.1,0.4,1.7,0.4V21z M9.9,21v-2.1c1.7-0.2,3.2-1,4.3-2.3s1.7-2.8,1.7-4.6c0-1.9-0.7-3.6-2-5s-3-2-5-2H8.8l1.6,1.6L8.9,8L5,4l4-4l1.4,1.5L8.8,3h0.1 c1.2,0,2.4,0.2,3.5,0.7s2,1.1,2.8,1.9s1.5,1.8,1.9,2.8C17.7,9.6,18,10.8,18,12c0,2.3-0.8,4.3-2.3,6C14.2,19.7,12.2,20.6,9.9,21z M1.9,17.6c-0.5-0.7-1-1.4-1.3-2.2C0.3,14.6,0.1,13.8,0,13h2c0.1,0.6,0.2,1.1,0.5,1.7c0.2,0.5,0.5,1.1,0.9,1.5L1.9,17.6z M0,11 c0.1-0.8,0.3-1.7,0.6-2.4s0.7-1.5,1.3-2.2l1.5,1.4C3,8.3,2.7,8.8,2.5,9.3C2.3,9.9,2.1,10.4,2,11H0z\"\/><\/svg><\/span>\n                    <\/div>\n\t\t\t        <div class=\"sd-bg-image-container\" style=\"background-image: url(https:\/\/i.ytimg.com\/vi_webp\/xECQYv5K_Bw\/maxresdefault.webp)\"><\/div>\n                    <div class=\"sd-bg-video-container\" data-desktop-autoplay=\"true\" data-mobile-autoplay=\"true\" data-mobile=\"true\" data-desktop=\"true\" data-url=\"xECQYv5K_Bw\">\n                        <div class=\"sd-bg-video\" id=\"video-02514d9d18f4e\"><\/div>\n                    <\/div>\n                <\/div>\n            <div class=\"sd-block-video-inner\">\n                \n                <div class=\"sd-block-video-play\">\n                    <svg width=\"15px\" height=\"15px\" xmlns=\"http:\/\/www.w3.org\/2000\/svg\" viewBox=\"0 0 11 14\"><path fill=\"currentColor\" d=\"M0,14V0l11,7L0,14z\"\/><\/svg>\n                <\/div>\n                <div class=\"sd-block-video-cookie-text cookie-accepted\">\n                    <h3>Permission required to watch the video<\/h3>\n                    <p class=\"change-cookie-preferences\">You need to accept the advertising cookies, before you can watch this video. Click here to change your preferences.<\/p>\n                <\/div>\n            <\/div>\n        <\/div>[\/vc_column_inner][vc_column_inner width=&#8221;1\/12&#8243;][\/vc_column_inner][vc_column_inner width=&#8221;5\/12&#8243;]\n        <div class=\"sd-block-title \">\n            <h2 class=\"sd-block-title-htag  marginbottom-30px align-left color-white\n            \">\n\t\t\t\t\n            \tValorile noastre\n\t\t\t<\/h2>\n        <\/div>\n        <div class=\"sd-block-text  marginbottom-30px color-white\n        \">\n        \t\n            <p>Fiecare are un talent unic \u0219i poten\u021bialul de a schimba lumea. Acest lucru poate p\u0103rea exagerat, dar este adev\u0103rat. Pentru a maximiza acest talent \u0219i pentru a avea un impact real, am definit mai mul\u021bi piloni cheie. Nu doar spunem ceea ce facem, ci \u0219i facem ceea ce spunem.<\/p>\n\n        <\/div>\n        <div class=\"sd-block-button  marginbottom-30px align-left button-type-background button-size-small background-color-green\">\n            <a class=\"inner-button\"\n            href=\"https:\/\/impact.be\/ro\/candidati\/misiunea-noastra\/\" title=\"Afla\u021bi mai multe despre misiunea noastr\u0103\">\n                <div class=\"button-content\">\n                    <span>Afla\u021bi mai multe despre misiunea noastr\u0103<\/span>\n\t\t\t\t    <svg height=\"15\" width=\"15\" xmlns=\"http:\/\/www.w3.org\/2000\/svg\" viewBox=\"0 0 15 13.56\"><path fill=\"currentColor\" d=\"M0,5.64h11.64L7.56,0h2.64l4.8,6.84-4.8,6.72h-2.64l4.08-5.64H0v-2.28Z\"\/><\/svg>\n                <\/div>\n            <\/a>\n        <\/div>[\/vc_column_inner][vc_column_inner][vc_empty_space height=&#8221;60px&#8221;][\/vc_column_inner][\/vc_row_inner][vc_row_inner][vc_column_inner width=&#8221;1\/3&#8243;]\n        <div class=\"sd-block-title \">\n            <h3 class=\"sd-block-title-htag  marginbottom-30px align-left color-white\n            \">\n\t\t\t\t\n            \tRespectuos\n\t\t\t<\/h3>\n        <\/div>\n        <div class=\"sd-block-text  marginbottom-60px color-white\n        \">\n        \t\n            <p>Pentru noi, toat\u0103 lumea are aceea\u0219i valoare. Acord\u0103m o aten\u021bie deosebit\u0103 integr\u0103rii active a persoanelor care nu vorbesc limba matern\u0103, a noilor veni\u021bi, a femeilor \u0219i a persoanelor de peste 50 de ani, astfel \u00eenc\u00e2t ace\u0219tia s\u0103 \u00ee\u0219i poat\u0103 face bine treaba \u00eentr-un mediu sigur \u0219i favorabil.<\/p>\n\n        <\/div>\n        <div class=\"sd-block-title \">\n            <h3 class=\"sd-block-title-htag  marginbottom-30px align-left color-white\n            \">\n\t\t\t\t\n            \tSuper pro\n\t\t\t<\/h3>\n        <\/div>\n        <div class=\"sd-block-text  marginbottom-0px color-white mobile_marginbottom-60px\n        \">\n        \t\n            <p>To\u021bi angaja\u021bii no\u0219tri sunt profesioni\u0219ti cu experien\u021b\u0103, motiva\u021bi \u0219i muncitori, care se dedic\u0103 cu pasiune provoc\u0103rilor lor \u00een fiecare zi.<\/p>\n\n        <\/div>[\/vc_column_inner][vc_column_inner width=&#8221;1\/3&#8243;]\n        <div class=\"sd-block-title \">\n            <h3 class=\"sd-block-title-htag  marginbottom-30px align-left color-white\n            \">\n\t\t\t\t\n            \tConectarea\n\t\t\t<\/h3>\n        <\/div>\n        <div class=\"sd-block-text  marginbottom-60px color-white\n        \">\n        \t\n            <p>Construim pun\u021bi de leg\u0103tur\u0103 \u0219i alc\u0103tuim combina\u021bii perfecte, baz\u00e2ndu-ne pe cuno\u0219tin\u021bele vaste pe care le-am acumulat din 1999 \u0219i pe hot\u0103r\u00e2rea noastr\u0103 de a continua s\u0103 c\u0103ut\u0103m p\u00e2n\u0103 c\u00e2nd suntem mul\u021bumi\u021bi: persoana potrivit\u0103 pentru postul respectiv \u0219i postul potrivit pentru persoana respectiv\u0103.<\/p>\n\n        <\/div>\n        <div class=\"sd-block-title \">\n            <h3 class=\"sd-block-title-htag  marginbottom-30px align-left color-white\n            \">\n\t\t\t\t\n            \tAmbi\u021bios\n\t\t\t<\/h3>\n        <\/div>\n        <div class=\"sd-block-text  marginbottom-0px color-white mobile_marginbottom-60px\n        \">\n        \t\n            <p>Ne atingem obiectivele \u0219i suntem m\u00e2ndri de rezultatele noastre. Ne str\u0103duim \u00eentotdeauna s\u0103 ob\u021binem cea mai \u00eenalt\u0103 calitate.<\/p>\n\n        <\/div>[\/vc_column_inner][vc_column_inner width=&#8221;1\/3&#8243;]\n        <div class=\"sd-block-title \">\n            <h3 class=\"sd-block-title-htag  marginbottom-30px align-left color-white\n            \">\n\t\t\t\t\n            \tAlert\u0103\n\t\t\t<\/h3>\n        <\/div>\n        <div class=\"sd-block-text  marginbottom-30px color-white\n        \">\n        \t\n            <p>Suntem ascult\u0103tori aten\u021bi, cu un ochi ascu\u021bit pentru detalii. Nu st\u0103m niciodat\u0103 pe loc. Identific\u0103m problemele din timp \u0219i c\u0103ut\u0103m mereu solu\u021bii noi.<\/p>\n\n        <\/div>[\/vc_column_inner][\/vc_row_inner][\/vc_column][\/vc_row]<\/p>\n<\/div>","protected":false},"excerpt":{"rendered":"<p>[vc_row full_width=&#8221;stretch_row&#8221; content_placement=&#8221;bottom&#8221; bg_custom_divider=&#8221;diagonal-50&#8243; bg_custom_style=&#8221;image&#8221; row_height=&#8221;row_900px&#8221; bg_color=&#8221;bg_gray&#8221; bg_custom_img=&#8221;1974&#8243; css=&#8221;.vc_custom_1759406783333{background-color: bg_gray !important;}&#8221;][vc_column width=&#8221;2\/5&#8243;][\/vc_column][vc_column width=&#8221;3\/5&#8243;][\/vc_column][\/vc_row][vc_row][vc_column][vc_row_inner][vc_column_inner width=&#8221;1\/3&#8243; responsive_marginbottom=&#8221;30px&#8221;][\/vc_column_inner][vc_column_inner width=&#8221;1\/3&#8243; responsive_marginbottom=&#8221;30px&#8221;][\/vc_column_inner][vc_column_inner width=&#8221;1\/3&#8243; responsive_marginbottom=&#8221;0px&#8221;][\/vc_column_inner][\/vc_row_inner][\/vc_column][\/vc_row][vc_row full_width=&#8221;stretch_row&#8221; bg_color=&#8221;bg_gray&#8221; css=&#8221;.vc_custom_1758526923701{background-color: bg_green !important;}&#8221;][vc_column][vc_row_inner content_placement=&#8221;middle&#8221;][vc_column_inner width=&#8221;1\/2&#8243;][\/vc_column_inner][vc_column_inner width=&#8221;1\/12&#8243;][\/vc_column_inner][vc_column_inner width=&#8221;5\/12&#8243;][\/vc_column_inner][vc_column_inner][vc_empty_space height=&#8221;60px&#8221;][\/vc_column_inner][\/vc_row_inner][vc_row_inner][vc_column_inner width=&#8221;1\/3&#8243;][\/vc_column_inner][vc_column_inner width=&#8221;1\/3&#8243;][\/vc_column_inner][vc_column_inner width=&#8221;1\/3&#8243;][\/vc_column_inner][\/vc_row_inner][\/vc_column][\/vc_row]<\/p>\n","protected":false},"author":1,"featured_media":0,"parent":5190,"menu_order":0,"comment_status":"closed","ping_status":"closed","template":"","meta":{"_acf_changed":false,"footnotes":""},"class_list":["post-9838","page","type-page","status-publish","hentry"],"acf":[],"yoast_head":"<!-- This site is optimized with the Yoast SEO plugin v26.8 - https:\/\/yoast.com\/product\/yoast-seo-wordpress\/ -->\n<title>Cine suntem noi? | IMPACT<\/title>\n<meta name=\"description\" content=\"IMPACT este o agen\u021bie de recrutare de personal pentru lucr\u0103torii pedepsi\u021bi. Cu o abordare personal\u0103 \u0219i calitativ\u0103, g\u0103sim locul potrivit pentru talentul dumneavoastr\u0103.\" \/>\n<meta name=\"robots\" content=\"index, follow, max-snippet:-1, max-image-preview:large, max-video-preview:-1\" \/>\n<link rel=\"canonical\" href=\"https:\/\/impact.be\/ro\/candidati\/cine-suntem-noi\/\" \/>\n<meta property=\"og:locale\" content=\"ro_RO\" \/>\n<meta property=\"og:type\" content=\"article\" \/>\n<meta property=\"og:title\" content=\"Cine suntem noi? | IMPACT\" \/>\n<meta property=\"og:description\" content=\"IMPACT este o agen\u021bie de recrutare de personal pentru lucr\u0103torii pedepsi\u021bi. Cu o abordare personal\u0103 \u0219i calitativ\u0103, g\u0103sim locul potrivit pentru talentul dumneavoastr\u0103.\" \/>\n<meta property=\"og:url\" content=\"https:\/\/impact.be\/ro\/candidati\/cine-suntem-noi\/\" \/>\n<meta property=\"og:site_name\" content=\"IMPACT\" \/>\n<meta property=\"article:publisher\" content=\"https:\/\/www.facebook.com\/jobs.impact\" \/>\n<meta property=\"article:modified_time\" content=\"2025-11-14T17:33:59+00:00\" \/>\n<meta property=\"og:image\" content=\"https:\/\/impact.be\/wp-content\/uploads\/2025\/11\/Social-share.jpg\" \/>\n\t<meta property=\"og:image:width\" content=\"1200\" \/>\n\t<meta property=\"og:image:height\" content=\"675\" \/>\n\t<meta property=\"og:image:type\" content=\"image\/jpeg\" \/>\n<meta name=\"twitter:card\" content=\"summary_large_image\" \/>\n<meta name=\"twitter:label1\" content=\"Timp estimat pentru citire\" \/>\n\t<meta name=\"twitter:data1\" content=\"3 minute\" \/>\n<script type=\"application\/ld+json\" class=\"yoast-schema-graph\">{\"@context\":\"https:\/\/schema.org\",\"@graph\":[{\"@type\":\"WebPage\",\"@id\":\"https:\/\/impact.be\/ro\/candidati\/cine-suntem-noi\/\",\"url\":\"https:\/\/impact.be\/ro\/candidati\/cine-suntem-noi\/\",\"name\":\"Cine suntem noi? | IMPACT\",\"isPartOf\":{\"@id\":\"https:\/\/impact.be\/ro\/#website\"},\"datePublished\":\"2025-08-15T12:33:30+00:00\",\"dateModified\":\"2025-11-14T17:33:59+00:00\",\"description\":\"IMPACT este o agen\u021bie de recrutare de personal pentru lucr\u0103torii pedepsi\u021bi. Cu o abordare personal\u0103 \u0219i calitativ\u0103, g\u0103sim locul potrivit pentru talentul dumneavoastr\u0103.\",\"breadcrumb\":{\"@id\":\"https:\/\/impact.be\/ro\/candidati\/cine-suntem-noi\/#breadcrumb\"},\"inLanguage\":\"ro-RO\",\"potentialAction\":[{\"@type\":\"ReadAction\",\"target\":[\"https:\/\/impact.be\/ro\/candidati\/cine-suntem-noi\/\"]}]},{\"@type\":\"BreadcrumbList\",\"@id\":\"https:\/\/impact.be\/ro\/candidati\/cine-suntem-noi\/#breadcrumb\",\"itemListElement\":[{\"@type\":\"ListItem\",\"position\":1,\"name\":\"Home\",\"item\":\"https:\/\/impact.be\/ro\/\"},{\"@type\":\"ListItem\",\"position\":2,\"name\":\"Candida\u021bi\",\"item\":\"https:\/\/impact.be\/ro\/\"},{\"@type\":\"ListItem\",\"position\":3,\"name\":\"Cine suntem noi?\"}]},{\"@type\":\"WebSite\",\"@id\":\"https:\/\/impact.be\/ro\/#website\",\"url\":\"https:\/\/impact.be\/ro\/\",\"name\":\"IMPACT\",\"description\":\"Impact website\",\"inLanguage\":\"ro-RO\"}]}<\/script>\n<!-- \/ Yoast SEO plugin. -->","yoast_head_json":{"title":"Cine suntem noi? | IMPACT","description":"IMPACT este o agen\u021bie de recrutare de personal pentru lucr\u0103torii pedepsi\u021bi. Cu o abordare personal\u0103 \u0219i calitativ\u0103, g\u0103sim locul potrivit pentru talentul dumneavoastr\u0103.","robots":{"index":"index","follow":"follow","max-snippet":"max-snippet:-1","max-image-preview":"max-image-preview:large","max-video-preview":"max-video-preview:-1"},"canonical":"https:\/\/impact.be\/ro\/candidati\/cine-suntem-noi\/","og_locale":"ro_RO","og_type":"article","og_title":"Cine suntem noi? | IMPACT","og_description":"IMPACT este o agen\u021bie de recrutare de personal pentru lucr\u0103torii pedepsi\u021bi. Cu o abordare personal\u0103 \u0219i calitativ\u0103, g\u0103sim locul potrivit pentru talentul dumneavoastr\u0103.","og_url":"https:\/\/impact.be\/ro\/candidati\/cine-suntem-noi\/","og_site_name":"IMPACT","article_publisher":"https:\/\/www.facebook.com\/jobs.impact","article_modified_time":"2025-11-14T17:33:59+00:00","og_image":[{"width":1200,"height":675,"url":"https:\/\/impact.be\/wp-content\/uploads\/2025\/11\/Social-share.jpg","type":"image\/jpeg"}],"twitter_card":"summary_large_image","twitter_misc":{"Timp estimat pentru citire":"3 minute"},"schema":{"@context":"https:\/\/schema.org","@graph":[{"@type":"WebPage","@id":"https:\/\/impact.be\/ro\/candidati\/cine-suntem-noi\/","url":"https:\/\/impact.be\/ro\/candidati\/cine-suntem-noi\/","name":"Cine suntem noi? | IMPACT","isPartOf":{"@id":"https:\/\/impact.be\/ro\/#website"},"datePublished":"2025-08-15T12:33:30+00:00","dateModified":"2025-11-14T17:33:59+00:00","description":"IMPACT este o agen\u021bie de recrutare de personal pentru lucr\u0103torii pedepsi\u021bi. Cu o abordare personal\u0103 \u0219i calitativ\u0103, g\u0103sim locul potrivit pentru talentul dumneavoastr\u0103.","breadcrumb":{"@id":"https:\/\/impact.be\/ro\/candidati\/cine-suntem-noi\/#breadcrumb"},"inLanguage":"ro-RO","potentialAction":[{"@type":"ReadAction","target":["https:\/\/impact.be\/ro\/candidati\/cine-suntem-noi\/"]}]},{"@type":"BreadcrumbList","@id":"https:\/\/impact.be\/ro\/candidati\/cine-suntem-noi\/#breadcrumb","itemListElement":[{"@type":"ListItem","position":1,"name":"Home","item":"https:\/\/impact.be\/ro\/"},{"@type":"ListItem","position":2,"name":"Candida\u021bi","item":"https:\/\/impact.be\/ro\/"},{"@type":"ListItem","position":3,"name":"Cine suntem noi?"}]},{"@type":"WebSite","@id":"https:\/\/impact.be\/ro\/#website","url":"https:\/\/impact.be\/ro\/","name":"IMPACT","description":"Impact website","inLanguage":"ro-RO"}]}},"_links":{"self":[{"href":"https:\/\/impact.be\/ro\/wp-json\/wp\/v2\/pages\/9838","targetHints":{"allow":["GET"]}}],"collection":[{"href":"https:\/\/impact.be\/ro\/wp-json\/wp\/v2\/pages"}],"about":[{"href":"https:\/\/impact.be\/ro\/wp-json\/wp\/v2\/types\/page"}],"author":[{"embeddable":true,"href":"https:\/\/impact.be\/ro\/wp-json\/wp\/v2\/users\/1"}],"replies":[{"embeddable":true,"href":"https:\/\/impact.be\/ro\/wp-json\/wp\/v2\/comments?post=9838"}],"version-history":[{"count":5,"href":"https:\/\/impact.be\/ro\/wp-json\/wp\/v2\/pages\/9838\/revisions"}],"predecessor-version":[{"id":12800,"href":"https:\/\/impact.be\/ro\/wp-json\/wp\/v2\/pages\/9838\/revisions\/12800"}],"up":[{"embeddable":true,"href":"https:\/\/impact.be\/ro\/wp-json\/wp\/v2\/pages\/5190"}],"wp:attachment":[{"href":"https:\/\/impact.be\/ro\/wp-json\/wp\/v2\/media?parent=9838"}],"curies":[{"name":"wp","href":"https:\/\/api.w.org\/{rel}","templated":true}]}}