{"id":9757,"date":"2025-09-24T11:27:06","date_gmt":"2025-09-24T09:27:06","guid":{"rendered":"https:\/\/impact.be\/candidati\/intrebari-frecvente\/"},"modified":"2025-11-13T16:19:16","modified_gmt":"2025-11-13T15:19:16","slug":"intrebari-frecvente","status":"publish","type":"page","link":"https:\/\/impact.be\/ro\/candidati\/intrebari-frecvente\/","title":{"rendered":"\u00ceNTREB\u0102RI FRECVENTE"},"content":{"rendered":"<div class=\"wpb-content-wrapper\"><p>[vc_row css=&#8221;.vc_custom_1759403190432{padding-bottom: 0px !important;}&#8221;][vc_column]\n        <div class=\"sd-block-breadcrumb  align-left color-dark-gray marginbottom-30px\n        \">\n            <ul id=\"breadcrumbs\" class=\"breadcrumbs\"><\/ul>\n        <\/div>[\/vc_column][\/vc_row][vc_row css=&#8221;.vc_custom_1759403253006{padding-top: 0px !important;padding-bottom: 0px !important;}&#8221;][vc_column width=&#8221;3\/12&#8243;][\/vc_column][vc_column width=&#8221;6\/12&#8243;]\n        <div class=\"sd-block-title \">\n            <h1 class=\"sd-block-title-htag  marginbottom-0px align-center color-dark_gray\n            \">\n\t\t\t\t\n            \t\u00centreb\u0103ri frecvente\n\t\t\t<\/h1>\n        <\/div>[\/vc_column][vc_column width=&#8221;3\/12&#8243;][\/vc_column][\/vc_row][vc_row full_height=&#8221;yes&#8221; equal_height=&#8221;yes&#8221; content_placement=&#8221;middle&#8221;][vc_column][vc_row_inner row_inner_color=&#8221;white&#8221; row_inner_padding=&#8221;45px&#8221; row_inner_margin_bottom=&#8221;60px&#8221;][vc_column_inner width=&#8221;1\/2&#8243;]\n        <a class=\"sd-block-icon  marginbottom-30px align-left inline\"href=\"https:\/\/impact.be\/faq\/loon-voorwaarden\/\"\">\n                <?xml version=\"1.0\" encoding=\"UTF-8\"?>\n<svg xmlns=\"http:\/\/www.w3.org\/2000\/svg\" viewBox=\"0 0 8.6 10.5\" xml:space=\"preserve\" width=\"15px\" height=\"15px\">\n  <path d=\"M1.3,3.8C2,1.6,4,0,6.4,0h1.5c0.4,0,0.8,0.3,0.8,0.8S8.3,1.5,7.9,1.5H6.4c-1.5,0-2.9,0.9-3.4,2.2H6c0.3,0,0.6,0.3,0.6,0.6 S6.3,4.9,6,4.9H2.6c0,0.1,0,0.2,0,0.4s0,0.3,0,0.4H6c0.3,0,0.6,0.3,0.6,0.6S6.3,6.8,6,6.8H2.9C3.5,8.1,4.8,9,6.4,9h1.5 c0.4,0,0.8,0.3,0.8,0.8s-0.3,0.8-0.8,0.8H6.4c-2.4,0-4.4-1.6-5-3.8H0.6C0.3,6.8,0,6.5,0,6.2s0.3-0.6,0.6-0.6h0.6c0-0.2,0-0.5,0-0.8 H0.6C0.3,4.9,0,4.6,0,4.3s0.3-0.6,0.6-0.6H1.3z\" fill=\"currentColor\"><\/path>\n<\/svg>\n\n        <\/a>\n        <div class=\"sd-block-title \">\n            <h2 class=\"sd-block-title-htag  marginbottom-30px align-left color-dark_gray font-middle\n            \">\n\t\t\t\t\n            \tSalarii \u0219i condi\u021bii\n\t\t\t<\/h2>\n        <\/div>\n        <div class=\"sd-block-text  marginbottom-30px color-gray_dark\n        \">\n        \t\n            <p>\u00centreb\u0103ri legate de tipul de contract? C\u00e2nd v\u0103 va fi pl\u0103tit salariul? Ce se \u00eent\u00e2mpl\u0103 cu bonusurile de sf\u00e2r\u0219it de an, cheltuielile de transport, bonurile de mas\u0103 sau indemniza\u021bia de maternitate?<\/p>\n\n        <\/div>\n        <div class=\"sd-block-text  marginbottom-30px color-gray_dark\n        \">\n        \t\n            <p><a href=\"https:\/\/impact.be\/ro\/candidati\/intrebari-frecvente\/salarii-si-conditii\/\">Ce contract voi primi ca lucr\u0103tor temporar?<\/a><br \/>\n<a href=\"https:\/\/impact.be\/ro\/candidati\/intrebari-frecvente\/salarii-si-conditii\/\">Pot g\u0103si un loc de munc\u0103 permanent prin intermediul IMPACT?<\/a><br \/>\n<a href=\"https:\/\/impact.be\/ro\/candidati\/intrebari-frecvente\/salarii-si-conditii\/\">Care este durata contractului meu?<\/a><\/p>\n\n        <\/div>\n        <div class=\"sd-block-button  marginbottom-0px align-left button-type-background button-size-small background-color-fluent_yellow\">\n            <a class=\"inner-button\"\n            href=\"https:\/\/impact.be\/ro\/candidati\/intrebari-frecvente\/salarii-si-conditii\/\" title=\"Vezi toate r\u0103spunsurile\">\n                <div class=\"button-content\">\n                    <span>Vezi toate r\u0103spunsurile<\/span>\n\t\t\t\t    <svg height=\"15\" width=\"15\" xmlns=\"http:\/\/www.w3.org\/2000\/svg\" viewBox=\"0 0 15 13.56\"><path fill=\"currentColor\" d=\"M0,5.64h11.64L7.56,0h2.64l4.8,6.84-4.8,6.72h-2.64l4.08-5.64H0v-2.28Z\"\/><\/svg>\n                <\/div>\n            <\/a>\n        <\/div>[\/vc_column_inner][vc_column_inner width=&#8221;1\/2&#8243;]\n        <a class=\"sd-block-icon  marginbottom-30px align-left inline\"href=\"https:\/\/impact.be\/faq\/sollicitaties\/\"\">\n                <?xml version=\"1.0\" encoding=\"UTF-8\"?>\n<svg xmlns=\"http:\/\/www.w3.org\/2000\/svg\" viewBox=\"0 0 12.5 12.5\" xml:space=\"preserve\" width=\"15px\" height=\"15px\">\n  <path d=\"M6.4,0H4.9v3.3h1.5V0z M11,2.5L8.7,4.9L8.2,4.4H8.2L7.7,3.8l2.3-2.3L10.4,2L11,2.5z M12.5,6.2H9.2v1.5h3.3V6.2z M6.6,5.8 l-2.1,6.3L3,10.5l-2,2L0.5,12L0,11.5l2-2L0.5,7.9L6.6,5.8z\" fill=\"currentColor\"><\/path>\n<\/svg>\n\n        <\/a>\n        <div class=\"sd-block-title \">\n            <h2 class=\"sd-block-title-htag  marginbottom-30px align-left color-dark_gray font-middle\n            \">\n\t\t\t\t\n            \tCereri de locuri de munc\u0103\n\t\t\t<\/h2>\n        <\/div>\n        <div class=\"sd-block-text  marginbottom-30px color-gray_dark\n        \">\n        \t\n            <p>Ce locuri de munc\u0103 ofer\u0103 IMPACT? Cum func\u021bioneaz\u0103 procesul de aplicare? Pot aplica \u0219i spontan? Ce este mai exact My IMPACT?<\/p>\n\n        <\/div>\n        <div class=\"sd-block-text  marginbottom-30px color-gray_dark\n        \">\n        \t\n            <p><a href=\"https:\/\/impact.be\/ro\/candidati\/intrebari-frecvente\/aplicatii\/\">Cum este procesul de aplicare la IMPACT?<\/a><br \/>\n<a href=\"https:\/\/impact.be\/ro\/candidati\/intrebari-frecvente\/aplicatii\/\">Pot aplica spontan?<\/a><br \/>\n<a href=\"https:\/\/impact.be\/ro\/candidati\/intrebari-frecvente\/aplicatii\/\">Ce este IMPACT-ul meu?<\/a><\/p>\n\n        <\/div>\n        <div class=\"sd-block-button  marginbottom-0px align-left button-type-background button-size-small background-color-fluent_yellow\">\n            <a class=\"inner-button\"\n            href=\"https:\/\/impact.be\/ro\/candidati\/intrebari-frecvente\/aplicatii\/\" title=\"Vezi toate r\u0103spunsurile\">\n                <div class=\"button-content\">\n                    <span>Vezi toate r\u0103spunsurile<\/span>\n\t\t\t\t    <svg height=\"15\" width=\"15\" xmlns=\"http:\/\/www.w3.org\/2000\/svg\" viewBox=\"0 0 15 13.56\"><path fill=\"currentColor\" d=\"M0,5.64h11.64L7.56,0h2.64l4.8,6.84-4.8,6.72h-2.64l4.08-5.64H0v-2.28Z\"\/><\/svg>\n                <\/div>\n            <\/a>\n        <\/div>[\/vc_column_inner][\/vc_row_inner][vc_row_inner equal_height=&#8221;yes&#8221; content_placement=&#8221;bottom&#8221; row_inner_color=&#8221;white&#8221; row_inner_padding=&#8221;45px&#8221;][vc_column_inner width=&#8221;1\/4&#8243;][\/vc_column_inner][vc_column_inner width=&#8221;1\/2&#8243;]\n        <a class=\"sd-block-icon  marginbottom-30px align-left inline\"href=\"https:\/\/impact.be\/faq\/vakantie-welzijn\/\"\">\n                <?xml version=\"1.0\" encoding=\"UTF-8\"?>\n<svg xmlns=\"http:\/\/www.w3.org\/2000\/svg\" width=\"15\" height=\"15\" viewBox=\"0 0 24 24\" fill=\"none\">\n  <path fill=\"currentColor\" d=\"M4.57746 11.958C4.5762 12.9308 4.76749 13.8948 5.14125 14.7933L2.85333 16.1148L3.81984 17.7898L6.11154 16.4684C6.76973 17.3254 7.60786 18.0289 8.56557 18.5298L7.66324 21.0115L9.48047 21.6722L10.3765 19.1905C11.4374 19.4283 12.5373 19.4283 13.5982 19.1905L14.5005 21.6747L16.3178 21.014L15.4129 18.5298H15.4117C16.3694 18.0289 17.205 17.3254 17.8632 16.4684L20.1536 17.7923L21.1201 16.1173L18.8322 14.7959H18.8335C19.2073 13.8973 19.3985 12.932 19.3973 11.958V11.6358L21.9998 11.1777L21.6776 9.27363L19.0776 9.73173H19.0789C18.7504 8.69978 18.2004 7.75215 17.468 6.95426L19.1695 4.9281L17.687 3.68472L15.9855 5.71088C15.0681 5.12569 14.0336 4.75065 12.9538 4.61221V1.97067H11.0208V4.61221C9.94859 4.75316 8.91916 5.1282 8.00799 5.71088L6.30655 3.68472L4.82405 4.9281L6.5255 6.95426H6.52675C5.79307 7.75215 5.2431 8.69978 4.9159 9.73173L2.32217 9.27112L2 11.1752L4.57736 11.6358V11.958H4.57746ZM11.9874 17.4349C10.5351 17.4349 9.14197 16.8572 8.11489 15.8303C7.08781 14.8034 6.51032 13.4103 6.51032 11.9578C6.51032 10.5054 7.08797 9.11242 8.11489 8.08534C9.14181 7.05826 10.5349 6.48077 11.9874 6.48077C13.4398 6.48077 14.8328 7.05842 15.8599 8.08534C16.8869 9.11226 17.4644 10.5054 17.4644 11.9578C17.4644 13.4103 16.8868 14.8032 15.8599 15.8303C14.8329 16.8574 13.4398 17.4349 11.9874 17.4349Z\"><\/path>\n  <path fill=\"currentColor\" d=\"M11.3431 13.4077C11.3431 14.9116 9.08789 14.9116 9.08789 13.4077C9.08789 11.9038 11.3431 11.9038 11.3431 13.4077Z\"><\/path>\n  <path fill=\"currentColor\" d=\"M14.8878 10.5082C14.8878 12.4413 11.9883 12.4413 11.9883 10.5082C11.9883 8.57522 14.8878 8.57522 14.8878 10.5082Z\"><\/path>\n<\/svg>\n\n        <\/a>\n        <div class=\"sd-block-title \">\n            <h2 class=\"sd-block-title-htag  marginbottom-30px align-left color-dark_gray font-middle\n            \">\n\t\t\t\t\n            \tVacan\u021b\u0103 \u0219i wellness\n\t\t\t<\/h2>\n        <\/div>\n        <div class=\"sd-block-text  marginbottom-30px color-gray_dark\n        \">\n        \t\n            <p>C\u00e2te zile de concediu sunt de fapt pe contorul dumneavoastr\u0103? Ce se \u00eent\u00e2mpl\u0103 dac\u0103 v\u0103 \u00eemboln\u0103vi\u021bi sau sunte\u021bi implicat \u00eentr-un accident? Ave\u021bi dreptul la concediu minor?<\/p>\n\n        <\/div>\n        <div class=\"sd-block-text  marginbottom-30px color-gray_dark\n        \">\n        \t\n            <p><a href=\"https:\/\/impact.be\/ro\/candidati\/intrebari-frecvente\/vacanta-si-wellness\/\">Am dreptul la concedii pl\u0103tite?<\/a><br \/>\n<a href=\"https:\/\/impact.be\/ro\/candidati\/intrebari-frecvente\/vacanta-si-wellness\/\">La c\u00e2te zile de concediu am dreptul \u00een calitate de lucr\u0103tor temporar?<\/a><br \/>\n<a href=\"https:\/\/impact.be\/ro\/candidati\/intrebari-frecvente\/vacanta-si-wellness\/\">Cum pot solicita un certificat de vacan\u021b\u0103 ca lucr\u0103tor temporar?<\/a><\/p>\n\n        <\/div>\n        <div class=\"sd-block-button  marginbottom-0px align-left button-type-background button-size-small background-color-fluent_yellow\">\n            <a class=\"inner-button\"\n            href=\"https:\/\/impact.be\/ro\/candidati\/intrebari-frecvente\/vacanta-si-wellness\/\" title=\"Vezi toate r\u0103spunsurile\">\n                <div class=\"button-content\">\n                    <span>Vezi toate r\u0103spunsurile<\/span>\n\t\t\t\t    <svg height=\"15\" width=\"15\" xmlns=\"http:\/\/www.w3.org\/2000\/svg\" viewBox=\"0 0 15 13.56\"><path fill=\"currentColor\" d=\"M0,5.64h11.64L7.56,0h2.64l4.8,6.84-4.8,6.72h-2.64l4.08-5.64H0v-2.28Z\"\/><\/svg>\n                <\/div>\n            <\/a>\n        <\/div>[\/vc_column_inner][vc_column_inner width=&#8221;1\/4&#8243;][\/vc_column_inner][\/vc_row_inner][\/vc_column][\/vc_row]<\/p>\n<\/div>","protected":false},"excerpt":{"rendered":"<p>[vc_row css=&#8221;.vc_custom_1759403190432{padding-bottom: 0px !important;}&#8221;][vc_column][\/vc_column][\/vc_row][vc_row css=&#8221;.vc_custom_1759403253006{padding-top: 0px !important;padding-bottom: 0px !important;}&#8221;][vc_column width=&#8221;3\/12&#8243;][\/vc_column][vc_column width=&#8221;6\/12&#8243;][\/vc_column][vc_column width=&#8221;3\/12&#8243;][\/vc_column][\/vc_row][vc_row full_height=&#8221;yes&#8221; equal_height=&#8221;yes&#8221; content_placement=&#8221;middle&#8221;][vc_column][vc_row_inner row_inner_color=&#8221;white&#8221; row_inner_padding=&#8221;45px&#8221; row_inner_margin_bottom=&#8221;60px&#8221;][vc_column_inner width=&#8221;1\/2&#8243;][\/vc_column_inner][vc_column_inner width=&#8221;1\/2&#8243;][\/vc_column_inner][\/vc_row_inner][vc_row_inner equal_height=&#8221;yes&#8221; content_placement=&#8221;bottom&#8221; row_inner_color=&#8221;white&#8221; row_inner_padding=&#8221;45px&#8221;][vc_column_inner width=&#8221;1\/4&#8243;][\/vc_column_inner][vc_column_inner width=&#8221;1\/2&#8243;][\/vc_column_inner][vc_column_inner width=&#8221;1\/4&#8243;][\/vc_column_inner][\/vc_row_inner][\/vc_column][\/vc_row]<\/p>\n","protected":false},"author":1,"featured_media":0,"parent":5190,"menu_order":0,"comment_status":"closed","ping_status":"closed","template":"","meta":{"_acf_changed":false,"footnotes":""},"class_list":["post-9757","page","type-page","status-publish","hentry"],"acf":[],"yoast_head":"<!-- This site is optimized with the Yoast SEO plugin v26.8 - https:\/\/yoast.com\/product\/yoast-seo-wordpress\/ -->\n<title>\u00ceNTREB\u0102RI FRECVENTE | IMPACT<\/title>\n<meta name=\"robots\" content=\"index, follow, max-snippet:-1, max-image-preview:large, max-video-preview:-1\" \/>\n<link rel=\"canonical\" href=\"https:\/\/impact.be\/ro\/candidati\/intrebari-frecvente\/\" \/>\n<meta property=\"og:locale\" content=\"ro_RO\" \/>\n<meta property=\"og:type\" content=\"article\" \/>\n<meta property=\"og:title\" content=\"\u00ceNTREB\u0102RI FRECVENTE | IMPACT\" \/>\n<meta property=\"og:description\" content=\"[vc_row css=&#8221;.vc_custom_1759403190432{padding-bottom: 0px !important;}&#8221;][vc_column][\/vc_column][\/vc_row][vc_row css=&#8221;.vc_custom_1759403253006{padding-top: 0px !important;padding-bottom: 0px !important;}&#8221;][vc_column width=&#8221;3\/12&#8243;][\/vc_column][vc_column width=&#8221;6\/12&#8243;][\/vc_column][vc_column width=&#8221;3\/12&#8243;][\/vc_column][\/vc_row][vc_row full_height=&#8221;yes&#8221; equal_height=&#8221;yes&#8221; content_placement=&#8221;middle&#8221;][vc_column][vc_row_inner row_inner_color=&#8221;white&#8221; row_inner_padding=&#8221;45px&#8221; row_inner_margin_bottom=&#8221;60px&#8221;][vc_column_inner width=&#8221;1\/2&#8243;][\/vc_column_inner][vc_column_inner width=&#8221;1\/2&#8243;][\/vc_column_inner][\/vc_row_inner][vc_row_inner equal_height=&#8221;yes&#8221; content_placement=&#8221;bottom&#8221; row_inner_color=&#8221;white&#8221; row_inner_padding=&#8221;45px&#8221;][vc_column_inner width=&#8221;1\/4&#8243;][\/vc_column_inner][vc_column_inner width=&#8221;1\/2&#8243;][\/vc_column_inner][vc_column_inner width=&#8221;1\/4&#8243;][\/vc_column_inner][\/vc_row_inner][\/vc_column][\/vc_row]\" \/>\n<meta property=\"og:url\" content=\"https:\/\/impact.be\/ro\/candidati\/intrebari-frecvente\/\" \/>\n<meta property=\"og:site_name\" content=\"IMPACT\" \/>\n<meta property=\"article:publisher\" content=\"https:\/\/www.facebook.com\/jobs.impact\" \/>\n<meta property=\"article:modified_time\" content=\"2025-11-13T15:19:16+00:00\" \/>\n<meta property=\"og:image\" content=\"https:\/\/impact.be\/wp-content\/uploads\/2025\/11\/Social-share.jpg\" \/>\n\t<meta property=\"og:image:width\" content=\"1200\" \/>\n\t<meta property=\"og:image:height\" content=\"675\" \/>\n\t<meta property=\"og:image:type\" content=\"image\/jpeg\" \/>\n<meta name=\"twitter:card\" content=\"summary_large_image\" \/>\n<meta name=\"twitter:label1\" content=\"Timp estimat pentru citire\" \/>\n\t<meta name=\"twitter:data1\" content=\"2 minute\" \/>\n<script type=\"application\/ld+json\" class=\"yoast-schema-graph\">{\"@context\":\"https:\/\/schema.org\",\"@graph\":[{\"@type\":\"WebPage\",\"@id\":\"https:\/\/impact.be\/ro\/candidati\/intrebari-frecvente\/\",\"url\":\"https:\/\/impact.be\/ro\/candidati\/intrebari-frecvente\/\",\"name\":\"\u00ceNTREB\u0102RI FRECVENTE | IMPACT\",\"isPartOf\":{\"@id\":\"https:\/\/impact.be\/ro\/#website\"},\"datePublished\":\"2025-09-24T09:27:06+00:00\",\"dateModified\":\"2025-11-13T15:19:16+00:00\",\"breadcrumb\":{\"@id\":\"https:\/\/impact.be\/ro\/candidati\/intrebari-frecvente\/#breadcrumb\"},\"inLanguage\":\"ro-RO\",\"potentialAction\":[{\"@type\":\"ReadAction\",\"target\":[\"https:\/\/impact.be\/ro\/candidati\/intrebari-frecvente\/\"]}]},{\"@type\":\"BreadcrumbList\",\"@id\":\"https:\/\/impact.be\/ro\/candidati\/intrebari-frecvente\/#breadcrumb\",\"itemListElement\":[{\"@type\":\"ListItem\",\"position\":1,\"name\":\"Home\",\"item\":\"https:\/\/impact.be\/ro\/\"},{\"@type\":\"ListItem\",\"position\":2,\"name\":\"Candida\u021bi\",\"item\":\"https:\/\/impact.be\/ro\/\"},{\"@type\":\"ListItem\",\"position\":3,\"name\":\"\u00ceNTREB\u0102RI FRECVENTE\"}]},{\"@type\":\"WebSite\",\"@id\":\"https:\/\/impact.be\/ro\/#website\",\"url\":\"https:\/\/impact.be\/ro\/\",\"name\":\"IMPACT\",\"description\":\"Impact website\",\"inLanguage\":\"ro-RO\"}]}<\/script>\n<!-- \/ Yoast SEO plugin. -->","yoast_head_json":{"title":"\u00ceNTREB\u0102RI FRECVENTE | IMPACT","robots":{"index":"index","follow":"follow","max-snippet":"max-snippet:-1","max-image-preview":"max-image-preview:large","max-video-preview":"max-video-preview:-1"},"canonical":"https:\/\/impact.be\/ro\/candidati\/intrebari-frecvente\/","og_locale":"ro_RO","og_type":"article","og_title":"\u00ceNTREB\u0102RI FRECVENTE | IMPACT","og_description":"[vc_row css=&#8221;.vc_custom_1759403190432{padding-bottom: 0px !important;}&#8221;][vc_column][\/vc_column][\/vc_row][vc_row css=&#8221;.vc_custom_1759403253006{padding-top: 0px !important;padding-bottom: 0px !important;}&#8221;][vc_column width=&#8221;3\/12&#8243;][\/vc_column][vc_column width=&#8221;6\/12&#8243;][\/vc_column][vc_column width=&#8221;3\/12&#8243;][\/vc_column][\/vc_row][vc_row full_height=&#8221;yes&#8221; equal_height=&#8221;yes&#8221; content_placement=&#8221;middle&#8221;][vc_column][vc_row_inner row_inner_color=&#8221;white&#8221; row_inner_padding=&#8221;45px&#8221; row_inner_margin_bottom=&#8221;60px&#8221;][vc_column_inner width=&#8221;1\/2&#8243;][\/vc_column_inner][vc_column_inner width=&#8221;1\/2&#8243;][\/vc_column_inner][\/vc_row_inner][vc_row_inner equal_height=&#8221;yes&#8221; content_placement=&#8221;bottom&#8221; row_inner_color=&#8221;white&#8221; row_inner_padding=&#8221;45px&#8221;][vc_column_inner width=&#8221;1\/4&#8243;][\/vc_column_inner][vc_column_inner width=&#8221;1\/2&#8243;][\/vc_column_inner][vc_column_inner width=&#8221;1\/4&#8243;][\/vc_column_inner][\/vc_row_inner][\/vc_column][\/vc_row]","og_url":"https:\/\/impact.be\/ro\/candidati\/intrebari-frecvente\/","og_site_name":"IMPACT","article_publisher":"https:\/\/www.facebook.com\/jobs.impact","article_modified_time":"2025-11-13T15:19:16+00:00","og_image":[{"width":1200,"height":675,"url":"https:\/\/impact.be\/wp-content\/uploads\/2025\/11\/Social-share.jpg","type":"image\/jpeg"}],"twitter_card":"summary_large_image","twitter_misc":{"Timp estimat pentru citire":"2 minute"},"schema":{"@context":"https:\/\/schema.org","@graph":[{"@type":"WebPage","@id":"https:\/\/impact.be\/ro\/candidati\/intrebari-frecvente\/","url":"https:\/\/impact.be\/ro\/candidati\/intrebari-frecvente\/","name":"\u00ceNTREB\u0102RI FRECVENTE | IMPACT","isPartOf":{"@id":"https:\/\/impact.be\/ro\/#website"},"datePublished":"2025-09-24T09:27:06+00:00","dateModified":"2025-11-13T15:19:16+00:00","breadcrumb":{"@id":"https:\/\/impact.be\/ro\/candidati\/intrebari-frecvente\/#breadcrumb"},"inLanguage":"ro-RO","potentialAction":[{"@type":"ReadAction","target":["https:\/\/impact.be\/ro\/candidati\/intrebari-frecvente\/"]}]},{"@type":"BreadcrumbList","@id":"https:\/\/impact.be\/ro\/candidati\/intrebari-frecvente\/#breadcrumb","itemListElement":[{"@type":"ListItem","position":1,"name":"Home","item":"https:\/\/impact.be\/ro\/"},{"@type":"ListItem","position":2,"name":"Candida\u021bi","item":"https:\/\/impact.be\/ro\/"},{"@type":"ListItem","position":3,"name":"\u00ceNTREB\u0102RI FRECVENTE"}]},{"@type":"WebSite","@id":"https:\/\/impact.be\/ro\/#website","url":"https:\/\/impact.be\/ro\/","name":"IMPACT","description":"Impact website","inLanguage":"ro-RO"}]}},"_links":{"self":[{"href":"https:\/\/impact.be\/ro\/wp-json\/wp\/v2\/pages\/9757","targetHints":{"allow":["GET"]}}],"collection":[{"href":"https:\/\/impact.be\/ro\/wp-json\/wp\/v2\/pages"}],"about":[{"href":"https:\/\/impact.be\/ro\/wp-json\/wp\/v2\/types\/page"}],"author":[{"embeddable":true,"href":"https:\/\/impact.be\/ro\/wp-json\/wp\/v2\/users\/1"}],"replies":[{"embeddable":true,"href":"https:\/\/impact.be\/ro\/wp-json\/wp\/v2\/comments?post=9757"}],"version-history":[{"count":30,"href":"https:\/\/impact.be\/ro\/wp-json\/wp\/v2\/pages\/9757\/revisions"}],"predecessor-version":[{"id":12666,"href":"https:\/\/impact.be\/ro\/wp-json\/wp\/v2\/pages\/9757\/revisions\/12666"}],"up":[{"embeddable":true,"href":"https:\/\/impact.be\/ro\/wp-json\/wp\/v2\/pages\/5190"}],"wp:attachment":[{"href":"https:\/\/impact.be\/ro\/wp-json\/wp\/v2\/media?parent=9757"}],"curies":[{"name":"wp","href":"https:\/\/api.w.org\/{rel}","templated":true}]}}