{"id":9721,"date":"2025-08-15T14:33:57","date_gmt":"2025-08-15T12:33:57","guid":{"rendered":"https:\/\/impact.be\/candidati\/istoric-impact\/"},"modified":"2026-04-22T16:27:25","modified_gmt":"2026-04-22T14:27:25","slug":"istoric-impact","status":"publish","type":"page","link":"https:\/\/impact.be\/ro\/candidati\/istoric-impact\/","title":{"rendered":"Istoric IMPACT"},"content":{"rendered":"<div class=\"wpb-content-wrapper\"><p>[vc_row full_width=&#8221;stretch_row&#8221; content_placement=&#8221;bottom&#8221; bg_custom_divider=&#8221;diagonal-60&#8243; bg_custom_style=&#8221;image&#8221; row_height=&#8221;row_900px&#8221; bg_color=&#8221;bg_green&#8221; bg_custom_img=&#8221;1910&#8243; css=&#8221;.vc_custom_1761315449324{background-color: bg_gray !important;}&#8221;][vc_column width=&#8221;2\/5&#8243;]\n        <div class=\"sd-block-breadcrumb  align-left color-white marginbottom-60px\n        \">\n            <ul id=\"breadcrumbs\" class=\"breadcrumbs\"><\/ul>\n        <\/div>\n        <div class=\"sd-block-title \">\n            <h1 class=\"sd-block-title-htag  marginbottom-0px align-left color-white\n            \">\n\t\t\t\t\n            \tP\u0103trunde\u021bi \u00een istoria IMPACT\n\t\t\t<\/h1>\n        <\/div>[\/vc_column][vc_column width=&#8221;3\/5&#8243;][\/vc_column][\/vc_row][vc_row css=&#8221;.vc_custom_1761314728030{padding-bottom: 0px !important;}&#8221;][vc_column]<div class=\"sd-timeline marginbottom-30px\n\t\t\t\t\t\t\t\">\n                        <div id=\"item-0\" class=\"item first-item\">\n                            <div class=\"left-side\">\n                                <div class=\"label\">1999<\/div>\n                            <\/div>\n                            <div class=\"right-side\"><div class=\"image\"><img decoding=\"async\" title=\"\u00cenceputul IMPACT.\" alt=\"\u00cenceputul IMPACT.\" src=\"https:\/\/impact.be\/wp-content\/uploads\/2025\/09\/De_start_van.jpg\"><\/div>\n                                \n        <div class=\"sd-block-title \">\n            <h2 class=\"sd-block-title-htag  marginbottom-30px align-left font-middle\n            \">\n\t\t\t\t\n            \t\u00cenceputul IMPACT.\n\t\t\t<\/h2>\n        <\/div>\n                                \n        <div class=\"sd-block-text  marginbottom-0px color-gray_dark\n        \">\n        \t\n            <p>IMPACT a fost \u00eenfiin\u021bat\u0103 cu un obiectiv clar \u00een minte - s\u0103 creeze locuri de munc\u0103 calitative \u0219i durabile. De la primele sale birouri din Leuven \u0219i Neerpelt, IMPACT Interim a intrat \u00een r\u0103zboiul pentru talente ca o agen\u021bie de munc\u0103 temporar\u0103 generalist\u0103. \u00cen 2000, a fost deschis un al treilea birou \u00een Geel.    <\/p>\n\n        <\/div>\n                            <\/div>\n                        <\/div>\n                        <div id=\"item-1\" class=\"item\">\n                            <div class=\"left-side\">\n                                <div class=\"label\">2006<\/div>\n                            <\/div>\n                            <div class=\"right-side\"><div class=\"image\"><img decoding=\"async\" title=\"Inovare cu potrivire interna\u021bional\u0103 la distan\u021b\u0103\" alt=\"Inovare cu potrivire interna\u021bional\u0103 la distan\u021b\u0103\" src=\"https:\/\/impact.be\/wp-content\/uploads\/2025\/09\/Innovatie_met_international.jpg\"><\/div>\n                                \n        <div class=\"sd-block-title \">\n            <h2 class=\"sd-block-title-htag  marginbottom-30px align-left font-middle\n            \">\n\t\t\t\t\n            \tInovare cu potrivire interna\u021bional\u0103 la distan\u021b\u0103\n\t\t\t<\/h2>\n        <\/div>\n                                \n        <div class=\"sd-block-text  marginbottom-0px color-gray_dark\n        \">\n        \t\n            <p>\u00cen iunie 2006, IMPACT a introdus pe pia\u021ba belgian\u0103 a muncii conceptul International Distance Matching. Aceasta implic\u0103 recrutarea de personal interna\u021bional specializat pentru ocupa\u021biile care reprezint\u0103 un blocaj. \u00cen acest fel, IMPACT r\u0103spunde din timp unei provoc\u0103ri structurale care este relevant\u0103 \u0219i ast\u0103zi: ocuparea posturilor critice vacante cu talentul potrivit, indiferent de frontiere.    <\/p>\n\n        <\/div>\n                            <\/div>\n                        <\/div>\n                        <div id=\"item-2\" class=\"item\">\n                            <div class=\"left-side\">\n                                <div class=\"label\">2000 - 2020<\/div>\n                            <\/div>\n                            <div class=\"right-side\"><div class=\"image\"><img decoding=\"async\" title=\"Cre\u0219tere \u0219i schimbare\" alt=\"Cre\u0219tere \u0219i schimbare\" src=\"https:\/\/impact.be\/wp-content\/uploads\/2025\/09\/Groei_en_verandering.jpg\"><\/div>\n                                \n        <div class=\"sd-block-title \">\n            <h2 class=\"sd-block-title-htag  marginbottom-30px align-left font-middle\n            \">\n\t\t\t\t\n            \tCre\u0219tere \u0219i schimbare\n\t\t\t<\/h2>\n        <\/div>\n                                \n        <div class=\"sd-block-text  marginbottom-0px color-gray_dark\n        \">\n        \t\n            <p>De-a lungul anilor, IMPACT \u0219i-a consolidat pozi\u021bia de partener HR de \u00eencredere pentru profilurile de munc\u0103. Cu noi filiale, instrumente inovatoare \u0219i colabor\u0103ri puternice, am devenit o valoare stabilit\u0103 \u00een Belgia.   <\/p>\n\n        <\/div>\n                            <\/div>\n                        <\/div>\n                        <div id=\"item-3\" class=\"item last-item\">\n                            <div class=\"left-side\">\n                                <div class=\"label\">2023 - prezent<\/div>\n                            <\/div>\n                            <div class=\"right-side\"><div class=\"image\"><img decoding=\"async\" title=\"Re\u021bea de exper\u021bi \u00een resurse umane\" alt=\"Re\u021bea de exper\u021bi \u00een resurse umane\" src=\"https:\/\/impact.be\/wp-content\/uploads\/2025\/09\/Netwerk_van_hr.jpg\"><\/div>\n                                \n        <div class=\"sd-block-title \">\n            <h2 class=\"sd-block-title-htag  marginbottom-30px align-left font-middle\n            \">\n\t\t\t\t\n            \tRe\u021bea de exper\u021bi \u00een resurse umane\n\t\t\t<\/h2>\n        <\/div>\n                                \n        <div class=\"sd-block-text  marginbottom-0px color-gray_dark\n        \">\n        \t\n            <p>Ast\u0103zi, suntem m\u00e2ndri s\u0103 lucr\u0103m cu companiile noastre surori \u0219i cu partenerii no\u0219tri pentru a sprijini companiile \u0219i candida\u021bii din propria noastr\u0103 concentrare \u0219i din punctele noastre forte combinate:<\/p>\n<ul>\n<li>IMPACT - specialist \u00een angajarea de profiluri de lucr\u0103tori.<\/li>\n<li>Talentus - recrutare \u0219i selec\u021bie cu accent pe lucr\u0103torii cu gulere albe.<\/li>\n<li>NOVA Engineering - g\u0103sirea de ingineri \u0219i profiluri tehnice pentru proiecte.  <\/li>\n<li>Talenlink - recrutare \u0219i selec\u021bie de profesioni\u0219ti cu \u00eenalt\u0103 calificare, \u00een principal prin c\u0103utare direct\u0103.<\/li>\n<li>Essensys - Executive Interim Management & Change Management: punerea la dispozi\u021bie temporar\u0103 a managerilor cu experien\u021b\u0103.<\/li>\n<li>Essensys Professionals - recrutare & selec\u021bie \u0219i management interimar pentru profesioni\u0219ti \u00een domeniul financiar.<\/li>\n<li>Weevo HR - managementul talentelor \u0219i consultan\u021b\u0103 \u00een resurse umane: de la recrutare \u0219i integrare la coaching.<\/li>\n<li>Haldu Group (NL) - specialist \u00een personal tehnic pentru o varietate de proiecte \u00een \u021a\u0103rile de Jos.<\/li>\n<\/ul>\n<p>\u00cempreun\u0103 suntem mai puternici: o re\u021bea de exper\u021bi \u00een resurse umane dedicat\u0103 specializ\u0103rii, colabor\u0103rii \u0219i politicilor de resurse umane orientate c\u0103tre oameni.<\/p>\n<p>Continu\u0103m s\u0103 investim \u00een cre\u0219tere, digitalizare \u0219i talent uman, \u00eentotdeauna cu aceea\u0219i convingere ca \u00een 1999: s\u0103 facem IMPACT, pentru companii \u0219i candida\u021bi.<\/p>\n\n        <\/div>\n                            <\/div>\n                        <\/div><\/div><\/div>[\/vc_column][\/vc_row][vc_row][vc_column][vc_row_inner][vc_column_inner width=&#8221;1\/2&#8243;]\n        <div class=\"sd-block-title \">\n            <h2 class=\"sd-block-title-htag  marginbottom-30px align-left color-dark_gray\n            \">\n\t\t\t\t\n            \tArticole recente\n\t\t\t<\/h2>\n        <\/div>[\/vc_column_inner][vc_column_inner width=&#8221;1\/2&#8243;]\n        <div class=\"sd-block-button  marginbottom-0px align-right button-type-text text-size-normal text-color-dark_grey\">\n            <a class=\"inner-button\"\n            href=\"https:\/\/impact.be\/ro\/candidati\/blog\/\" title=\"Cite\u0219te toate articolele\">\n                <div class=\"button-content\">\n                    <span>Cite\u0219te toate articolele<\/span>\n\t\t\t\t    <svg height=\"15\" width=\"15\" xmlns=\"http:\/\/www.w3.org\/2000\/svg\" viewBox=\"0 0 15 13.56\"><path fill=\"currentColor\" d=\"M0,5.64h11.64L7.56,0h2.64l4.8,6.84-4.8,6.72h-2.64l4.08-5.64H0v-2.28Z\"\/><\/svg>\n                <\/div>\n            <\/a>\n        <\/div>[\/vc_column_inner][\/vc_row_inner]\n        <div class=\"sd-block-blog-overview\" data-atts=\"{&quot;posts_per_page&quot;:&quot;3&quot;,&quot;pagination&quot;:&quot;no&quot;}\" data-page-id=\"1\"><div class=\"blog-grid\">\n                            <a title=\"G\u0103si\u021bi rapid de lucru? Alege\u021bi o profesie cu blocaje \u00een construc\u021bii sau inginerie\" href=\"https:\/\/impact.be\/ro\/candida\u021bi\/blog\/sfaturi-si-trucuri\"\/gasiti-rapid-de-lucru-alegeti-o-profesie-cu-blocaje-in-constructii-sau-inginerie-2\/\" class=\"blog-tile\">\n                                <div class=\"blog-tile-image\"><img decoding=\"async\" src=\"https:\/\/impact.be\/wp-content\/uploads\/2026\/03\/IMPACT-1000x1000-blog-techniek.jpg\" alt=\"G\u0103si\u021bi rapid de lucru? Alege\u021bi o profesie cu blocaje \u00een construc\u021bii sau inginerie\"><\/div>\n                                <div class=\"blog-tile-text\">\n                                    <div class=\"blog-category\">Tips &amp; tricks<\/div>\n                                    \n        <div class=\"sd-block-title \">\n            <h2 class=\"sd-block-title-htag  marginbottom-30px align-left color-dark_gray font-small\n            \">\n\t\t\t\t\n            \tG\u0103si\u021bi rapid de lucru? Alege\u021bi o profesie cu blocaje \u00een construc\u021bii sau inginerie\n\t\t\t<\/h2>\n        <\/div>\n                                    \n        <div class=\"sd-block-button  marginbottom-0px align-left button-type-text text-size-normal text-color-dark_grey\">\n            <span class=\"inner-button\"\n            href=\"https:\/\/impact.be\/ro\/candida\u021bi\/blog\/sfaturi-si-trucuri\"\/gasiti-rapid-de-lucru-alegeti-o-profesie-cu-blocaje-in-constructii-sau-inginerie-2\/\" title=\"Cite\u0219te mai mult\">\n                <div class=\"button-content\">\n                    <span>Cite\u0219te mai mult<\/span>\n\t\t\t\t    <svg height=\"15\" width=\"15\" xmlns=\"http:\/\/www.w3.org\/2000\/svg\" viewBox=\"0 0 15 13.56\"><path fill=\"currentColor\" d=\"M0,5.64h11.64L7.56,0h2.64l4.8,6.84-4.8,6.72h-2.64l4.08-5.64H0v-2.28Z\"\/><\/svg>\n                <\/div>\n            <\/span>\n        <\/div>\n                                <\/div>\n                            <\/a>\n                            <a title=\"G\u0103si\u021bi rapid de lucru? Alege\u021bi o profesie cu blocaje \u00een construc\u021bii sau inginerie\" href=\"https:\/\/impact.be\/ro\/candida\u021bi\/blog\/sfaturi-si-trucuri\"\/gasiti-rapid-de-lucru-alegeti-o-profesie-cu-blocaje-in-constructii-sau-inginerie\/\" class=\"blog-tile\">\n                                <div class=\"blog-tile-image\"><img decoding=\"async\" src=\"https:\/\/impact.be\/wp-content\/uploads\/2025\/09\/Snel_werk_vinden.jpg\" alt=\"G\u0103si\u021bi rapid de lucru? Alege\u021bi o profesie cu blocaje \u00een construc\u021bii sau inginerie\"><\/div>\n                                <div class=\"blog-tile-text\">\n                                    <div class=\"blog-category\">Tips &amp; tricks<\/div>\n                                    \n        <div class=\"sd-block-title \">\n            <h2 class=\"sd-block-title-htag  marginbottom-30px align-left color-dark_gray font-small\n            \">\n\t\t\t\t\n            \tG\u0103si\u021bi rapid de lucru? Alege\u021bi o profesie cu blocaje \u00een construc\u021bii sau inginerie\n\t\t\t<\/h2>\n        <\/div>\n                                    \n        <div class=\"sd-block-button  marginbottom-0px align-left button-type-text text-size-normal text-color-dark_grey\">\n            <span class=\"inner-button\"\n            href=\"https:\/\/impact.be\/ro\/candida\u021bi\/blog\/sfaturi-si-trucuri\"\/gasiti-rapid-de-lucru-alegeti-o-profesie-cu-blocaje-in-constructii-sau-inginerie\/\" title=\"Cite\u0219te mai mult\">\n                <div class=\"button-content\">\n                    <span>Cite\u0219te mai mult<\/span>\n\t\t\t\t    <svg height=\"15\" width=\"15\" xmlns=\"http:\/\/www.w3.org\/2000\/svg\" viewBox=\"0 0 15 13.56\"><path fill=\"currentColor\" d=\"M0,5.64h11.64L7.56,0h2.64l4.8,6.84-4.8,6.72h-2.64l4.08-5.64H0v-2.28Z\"\/><\/svg>\n                <\/div>\n            <\/span>\n        <\/div>\n                                <\/div>\n                            <\/a>\n                            <a title=\"Un banner de protest apare la &#8222;schela etern\u0103&#8221; a tribunalului din Bruxelles\" href=\"https:\/\/impact.be\/ro\/candida\u021bi\/blog\/noutati\/un-banner-de-protest-apare-la-schela-eterna-a-tribunalului-din-bruxelles\/\" class=\"blog-tile\">\n                                <div class=\"blog-tile-image\"><img decoding=\"async\" src=\"https:\/\/impact.be\/wp-content\/uploads\/2025\/09\/opvallend-spandoek.jpg\" alt=\"Un banner de protest apare la &#8222;schela etern\u0103&#8221; a tribunalului din Bruxelles\"><\/div>\n                                <div class=\"blog-tile-text\">\n                                    <div class=\"blog-category\">News<\/div>\n                                    \n        <div class=\"sd-block-title \">\n            <h2 class=\"sd-block-title-htag  marginbottom-30px align-left color-dark_gray font-small\n            \">\n\t\t\t\t\n            \tUn banner de protest apare la &#8222;schela etern\u0103&#8221; a tribunalului din Bruxelles\n\t\t\t<\/h2>\n        <\/div>\n                                    \n        <div class=\"sd-block-button  marginbottom-0px align-left button-type-text text-size-normal text-color-dark_grey\">\n            <span class=\"inner-button\"\n            href=\"https:\/\/impact.be\/ro\/candida\u021bi\/blog\/noutati\/un-banner-de-protest-apare-la-schela-eterna-a-tribunalului-din-bruxelles\/\" title=\"Cite\u0219te mai mult\">\n                <div class=\"button-content\">\n                    <span>Cite\u0219te mai mult<\/span>\n\t\t\t\t    <svg height=\"15\" width=\"15\" xmlns=\"http:\/\/www.w3.org\/2000\/svg\" viewBox=\"0 0 15 13.56\"><path fill=\"currentColor\" d=\"M0,5.64h11.64L7.56,0h2.64l4.8,6.84-4.8,6.72h-2.64l4.08-5.64H0v-2.28Z\"\/><\/svg>\n                <\/div>\n            <\/span>\n        <\/div>\n                                <\/div>\n                            <\/a>\n                            <\/div>\n        <\/div>[\/vc_column][\/vc_row]<\/p>\n<\/div>","protected":false},"excerpt":{"rendered":"<p>[vc_row full_width=&#8221;stretch_row&#8221; content_placement=&#8221;bottom&#8221; bg_custom_divider=&#8221;diagonal-60&#8243; bg_custom_style=&#8221;image&#8221; row_height=&#8221;row_900px&#8221; bg_color=&#8221;bg_green&#8221; bg_custom_img=&#8221;1910&#8243; css=&#8221;.vc_custom_1761315449324{background-color: bg_gray !important;}&#8221;][vc_column width=&#8221;2\/5&#8243;][\/vc_column][vc_column width=&#8221;3\/5&#8243;][\/vc_column][\/vc_row][vc_row css=&#8221;.vc_custom_1761314728030{padding-bottom: 0px !important;}&#8221;][vc_column][\/vc_column][\/vc_row][vc_row][vc_column][vc_row_inner][vc_column_inner width=&#8221;1\/2&#8243;][\/vc_column_inner][vc_column_inner width=&#8221;1\/2&#8243;][\/vc_column_inner][\/vc_row_inner][\/vc_column][\/vc_row]<\/p>\n","protected":false},"author":1,"featured_media":0,"parent":5190,"menu_order":0,"comment_status":"closed","ping_status":"closed","template":"","meta":{"_acf_changed":false,"footnotes":""},"class_list":["post-9721","page","type-page","status-publish","hentry"],"acf":[],"yoast_head":"<!-- This site is optimized with the Yoast SEO plugin v26.8 - https:\/\/yoast.com\/product\/yoast-seo-wordpress\/ -->\n<title>Istoric IMPACT | IMPACT<\/title>\n<meta name=\"description\" content=\"Descoperi\u021bi cum, de la \u00eenfiin\u021barea sa, IMPACT a devenit un lider \u00een potrivirea lucr\u0103torilor temporari \u0219i a companiilor din construc\u021bii \u0219i inginerie.\" \/>\n<meta name=\"robots\" content=\"index, follow, max-snippet:-1, max-image-preview:large, max-video-preview:-1\" \/>\n<link rel=\"canonical\" href=\"https:\/\/impact.be\/ro\/candidati\/istoric-impact\/\" \/>\n<meta property=\"og:locale\" content=\"ro_RO\" \/>\n<meta property=\"og:type\" content=\"article\" \/>\n<meta property=\"og:title\" content=\"Istoric IMPACT | IMPACT\" \/>\n<meta property=\"og:description\" content=\"Descoperi\u021bi cum, de la \u00eenfiin\u021barea sa, IMPACT a devenit un lider \u00een potrivirea lucr\u0103torilor temporari \u0219i a companiilor din construc\u021bii \u0219i inginerie.\" \/>\n<meta property=\"og:url\" content=\"https:\/\/impact.be\/ro\/candidati\/istoric-impact\/\" \/>\n<meta property=\"og:site_name\" content=\"IMPACT\" \/>\n<meta property=\"article:publisher\" content=\"https:\/\/www.facebook.com\/jobs.impact\" \/>\n<meta property=\"article:modified_time\" content=\"2026-04-22T14:27:25+00:00\" \/>\n<meta property=\"og:image\" content=\"https:\/\/impact.be\/wp-content\/uploads\/2025\/11\/Social-share.jpg\" \/>\n\t<meta property=\"og:image:width\" content=\"1200\" \/>\n\t<meta property=\"og:image:height\" content=\"675\" \/>\n\t<meta property=\"og:image:type\" content=\"image\/jpeg\" \/>\n<meta name=\"twitter:card\" content=\"summary_large_image\" \/>\n<meta name=\"twitter:label1\" content=\"Timp estimat pentru citire\" \/>\n\t<meta name=\"twitter:data1\" content=\"1 minut\" \/>\n<script type=\"application\/ld+json\" class=\"yoast-schema-graph\">{\"@context\":\"https:\/\/schema.org\",\"@graph\":[{\"@type\":\"WebPage\",\"@id\":\"https:\/\/impact.be\/ro\/candidati\/istoric-impact\/\",\"url\":\"https:\/\/impact.be\/ro\/candidati\/istoric-impact\/\",\"name\":\"Istoric IMPACT | IMPACT\",\"isPartOf\":{\"@id\":\"https:\/\/impact.be\/ro\/#website\"},\"datePublished\":\"2025-08-15T12:33:57+00:00\",\"dateModified\":\"2026-04-22T14:27:25+00:00\",\"description\":\"Descoperi\u021bi cum, de la \u00eenfiin\u021barea sa, IMPACT a devenit un lider \u00een potrivirea lucr\u0103torilor temporari \u0219i a companiilor din construc\u021bii \u0219i inginerie.\",\"breadcrumb\":{\"@id\":\"https:\/\/impact.be\/ro\/candidati\/istoric-impact\/#breadcrumb\"},\"inLanguage\":\"ro-RO\",\"potentialAction\":[{\"@type\":\"ReadAction\",\"target\":[\"https:\/\/impact.be\/ro\/candidati\/istoric-impact\/\"]}]},{\"@type\":\"BreadcrumbList\",\"@id\":\"https:\/\/impact.be\/ro\/candidati\/istoric-impact\/#breadcrumb\",\"itemListElement\":[{\"@type\":\"ListItem\",\"position\":1,\"name\":\"Home\",\"item\":\"https:\/\/impact.be\/ro\/\"},{\"@type\":\"ListItem\",\"position\":2,\"name\":\"Candida\u021bi\",\"item\":\"https:\/\/impact.be\/ro\/\"},{\"@type\":\"ListItem\",\"position\":3,\"name\":\"Istoric IMPACT\"}]},{\"@type\":\"WebSite\",\"@id\":\"https:\/\/impact.be\/ro\/#website\",\"url\":\"https:\/\/impact.be\/ro\/\",\"name\":\"IMPACT\",\"description\":\"Impact website\",\"inLanguage\":\"ro-RO\"}]}<\/script>\n<!-- \/ Yoast SEO plugin. -->","yoast_head_json":{"title":"Istoric IMPACT | IMPACT","description":"Descoperi\u021bi cum, de la \u00eenfiin\u021barea sa, IMPACT a devenit un lider \u00een potrivirea lucr\u0103torilor temporari \u0219i a companiilor din construc\u021bii \u0219i inginerie.","robots":{"index":"index","follow":"follow","max-snippet":"max-snippet:-1","max-image-preview":"max-image-preview:large","max-video-preview":"max-video-preview:-1"},"canonical":"https:\/\/impact.be\/ro\/candidati\/istoric-impact\/","og_locale":"ro_RO","og_type":"article","og_title":"Istoric IMPACT | IMPACT","og_description":"Descoperi\u021bi cum, de la \u00eenfiin\u021barea sa, IMPACT a devenit un lider \u00een potrivirea lucr\u0103torilor temporari \u0219i a companiilor din construc\u021bii \u0219i inginerie.","og_url":"https:\/\/impact.be\/ro\/candidati\/istoric-impact\/","og_site_name":"IMPACT","article_publisher":"https:\/\/www.facebook.com\/jobs.impact","article_modified_time":"2026-04-22T14:27:25+00:00","og_image":[{"width":1200,"height":675,"url":"https:\/\/impact.be\/wp-content\/uploads\/2025\/11\/Social-share.jpg","type":"image\/jpeg"}],"twitter_card":"summary_large_image","twitter_misc":{"Timp estimat pentru citire":"1 minut"},"schema":{"@context":"https:\/\/schema.org","@graph":[{"@type":"WebPage","@id":"https:\/\/impact.be\/ro\/candidati\/istoric-impact\/","url":"https:\/\/impact.be\/ro\/candidati\/istoric-impact\/","name":"Istoric IMPACT | IMPACT","isPartOf":{"@id":"https:\/\/impact.be\/ro\/#website"},"datePublished":"2025-08-15T12:33:57+00:00","dateModified":"2026-04-22T14:27:25+00:00","description":"Descoperi\u021bi cum, de la \u00eenfiin\u021barea sa, IMPACT a devenit un lider \u00een potrivirea lucr\u0103torilor temporari \u0219i a companiilor din construc\u021bii \u0219i inginerie.","breadcrumb":{"@id":"https:\/\/impact.be\/ro\/candidati\/istoric-impact\/#breadcrumb"},"inLanguage":"ro-RO","potentialAction":[{"@type":"ReadAction","target":["https:\/\/impact.be\/ro\/candidati\/istoric-impact\/"]}]},{"@type":"BreadcrumbList","@id":"https:\/\/impact.be\/ro\/candidati\/istoric-impact\/#breadcrumb","itemListElement":[{"@type":"ListItem","position":1,"name":"Home","item":"https:\/\/impact.be\/ro\/"},{"@type":"ListItem","position":2,"name":"Candida\u021bi","item":"https:\/\/impact.be\/ro\/"},{"@type":"ListItem","position":3,"name":"Istoric IMPACT"}]},{"@type":"WebSite","@id":"https:\/\/impact.be\/ro\/#website","url":"https:\/\/impact.be\/ro\/","name":"IMPACT","description":"Impact website","inLanguage":"ro-RO"}]}},"_links":{"self":[{"href":"https:\/\/impact.be\/ro\/wp-json\/wp\/v2\/pages\/9721","targetHints":{"allow":["GET"]}}],"collection":[{"href":"https:\/\/impact.be\/ro\/wp-json\/wp\/v2\/pages"}],"about":[{"href":"https:\/\/impact.be\/ro\/wp-json\/wp\/v2\/types\/page"}],"author":[{"embeddable":true,"href":"https:\/\/impact.be\/ro\/wp-json\/wp\/v2\/users\/1"}],"replies":[{"embeddable":true,"href":"https:\/\/impact.be\/ro\/wp-json\/wp\/v2\/comments?post=9721"}],"version-history":[{"count":4,"href":"https:\/\/impact.be\/ro\/wp-json\/wp\/v2\/pages\/9721\/revisions"}],"predecessor-version":[{"id":13760,"href":"https:\/\/impact.be\/ro\/wp-json\/wp\/v2\/pages\/9721\/revisions\/13760"}],"up":[{"embeddable":true,"href":"https:\/\/impact.be\/ro\/wp-json\/wp\/v2\/pages\/5190"}],"wp:attachment":[{"href":"https:\/\/impact.be\/ro\/wp-json\/wp\/v2\/media?parent=9721"}],"curies":[{"name":"wp","href":"https:\/\/api.w.org\/{rel}","templated":true}]}}