{"id":9472,"date":"2025-09-04T17:30:15","date_gmt":"2025-09-04T15:30:15","guid":{"rendered":"https:\/\/impact.be\/kandydaci\/gebruiksvoorwaarden\/"},"modified":"2025-11-12T14:17:31","modified_gmt":"2025-11-12T13:17:31","slug":"warunki-uzytkowania","status":"publish","type":"page","link":"https:\/\/impact.be\/pl\/kandydaci\/warunki-uzytkowania\/","title":{"rendered":"Warunki uzytkowania"},"content":{"rendered":"<div class=\"wpb-content-wrapper\"><p>[vc_row][vc_column width=&#8221;1\/6&#8243;][\/vc_column][vc_column width=&#8221;4\/6&#8243;]\n        <div class=\"sd-block-title \">\n            <h1 class=\"sd-block-title-htag  marginbottom-30px align-left color-dark_gray\n            \">\n\t\t\t\t\n            \tWarunki u\u017cytkowania www.impactpraca.pl\n\t\t\t<\/h1>\n        <\/div>\n        <div class=\"sd-block-text  marginbottom-30px color-gray_dark\n        \">\n        \t\n            <p>Niniejsza strona internetowa stanowi w\u0142asno\u015b\u0107 IMPACT NV, z siedzib\u0105 pod adresem Genkersteenweg 379a, 3500 Hasselt, Belgia, wpisanej do rejestru O\u015brodka Informacji Gospodarczej ds. Przedsi\u0119biorstw [Crossroads Bank for Enterprises] pod numerem 0464.633.166 (dalej zwanej \u201eIMPACT\u201d, \u201emy\u201d, \u201enas\u201d).<\/p>\n<p>Prosimy o dok\u0142adne zapoznanie si\u0119 z warunkami u\u017cytkowania przed rozpocz\u0119ciem korzystania ze strony. Korzystanie ze strony oznacza przyj\u0119cie niniejszych warunk\u00f3w jako u\u017cytkownik oraz bezwarunkow\u0105 zgod\u0119 na przestrzeganie ich. Je\u015bli u\u017cytkownik nie przyjmuje przedmiotowych warunk\u00f3w, nie powinien kontynuowa\u0107 korzystania ze strony.<\/p>\n<p>Zastrzegamy prawo do zmiany niniejszych warunk\u00f3w u\u017cytkowania wed\u0142ug w\u0142asnego uznania. W zwi\u0105zku z powy\u017cszym, zaleca si\u0119 regularne sprawdzanie tre\u015bci warunk\u00f3w.<\/p>\n\n        <\/div>\n        <div class=\"sd-block-title \">\n            <h2 class=\"sd-block-title-htag  marginbottom-30px align-left color-dark_gray\n            \">\n\t\t\t\t\n            \t1. W\u0142asno\u015b\u0107 intelektualna\n\t\t\t<\/h2>\n        <\/div>\n        <div class=\"sd-block-text  marginbottom-30px color-gray_dark\n        \">\n        \t\n            <p>Strona zawiera logo, slogany, zdj\u0119cia, ilustracje, informacje, teksty, faktury, artyku\u0142y, funkcje oraz inne materia\u0142y prawnie chronione przez znaki towarowe, prawa autorskie, lub inne przedmiotowe prawa rzeczowe (dalej zwane \u201emateria\u0142ami chronionymi\u201d). O ile nie okre\u015blono inaczej, u\u017cytkownik otrzymuje niewy\u0142\u0105czne oraz ograniczone prawo dost\u0119pu oraz wy\u015bwietlania materia\u0142\u00f3w chronionych na u\u017cytek w\u0142asny i niekomercyjny. Wszelkie formy kopiowania, rozprzestrzeniania, odtwarzania materia\u0142\u00f3w chronionych bez uzyskania wcze\u015bniejszej zgody IMPACT s\u0105 zakazane. Wnioski o zezwolenie nale\u017cy przesy\u0142a\u0107 na adres marketing@impact.be.<\/p>\n\n        <\/div>\n        <div class=\"sd-block-title \">\n            <h2 class=\"sd-block-title-htag  marginbottom-30px align-left color-dark_gray\n            \">\n\t\t\t\t\n            \t2. Prywatno\u015b\u0107\n\t\t\t<\/h2>\n        <\/div>\n        <div class=\"sd-block-text  marginbottom-30px color-gray_dark\n        \">\n        \t\n            <p>Prywatno\u015b\u0107 u\u017cytkownika oraz bezpiecze\u0144stwo jego danych osobowych s\u0105 dla nas wa\u017cne. Dane zebrane w zwi\u0105zku z korzystaniem ze strony przetwarzamy jedynie w spos\u00f3b okre\u015blony w naszej polityce prywatno\u015bci. Wi\u0119cej informacji na temat przetwarzania danych kandydat\u00f3w oraz na temat przetwarzania danych pracodawc\u00f3w znajduje si\u0119 tutaj.<\/p>\n\n        <\/div>\n        <div class=\"sd-block-title \">\n            <h2 class=\"sd-block-title-htag  marginbottom-30px align-left color-dark_gray\n            \">\n\t\t\t\t\n            \t3. Odpowiedzialno\u015b\u0107\n\t\t\t<\/h2>\n        <\/div>\n        <div class=\"sd-block-text  marginbottom-30px color-gray_dark\n        \">\n        \t\n            <p>Dok\u0142adamy wszelkich stara\u0144, aby tre\u015bci przedstawiane na stronie by\u0142y aktualne, pe\u0142ne i zgodne z prawd\u0105. Jednak IMPACT nie ponosi odpowiedzialno\u015bci za poprawno\u015b\u0107 oraz kompletno\u015b\u0107 tych tre\u015bci. U\u017cytkownik przyjmuje do wiadomo\u015bci oraz wyra\u017anie wyra\u017ca zgod\u0119 na fakt, i\u017c IMPACT nie ponosi odpowiedzialno\u015bci za \u017cadne szkody, kt\u00f3re mog\u0105 wynikn\u0105\u0107 z korzystania ze strony.<\/p>\n\n        <\/div>\n        <div class=\"sd-block-title \">\n            <h2 class=\"sd-block-title-htag  marginbottom-30px align-left color-dark_gray\n            \">\n\t\t\t\t\n            \t4. U\u017cytkowanie strony w spos\u00f3b zgodny z prawem\n\t\t\t<\/h2>\n        <\/div>\n        <div class=\"sd-block-text  marginbottom-30px color-gray_dark\n        \">\n        \t\n            <p>Korzystaj\u0105c z niniejszej strony, u\u017cytkownik podejmuje si\u0119 u\u017cytkowania jej zgodnie z warunkami oraz polityk\u0105 prywatno\u015bci. U\u017cytkownik dzia\u0142a jako odpowiedzialny oraz ostro\u017cny internauta, przedstawia prawdziwe, aktualne, pe\u0142ne informacje, je\u017celi jest o to poproszony.<\/p>\n<p>U\u017cytkownik nie wykonuje dzia\u0142a\u0144, kt\u00f3re mog\u0105 zaszkodzi\u0107 IMPACT. Zapewnia, \u017ce dost\u0119p do oraz korzystanie ze strony nie s\u0105 zak\u0142\u00f3cone. U\u017cytkownik jest odpowiedzialny za odpowiedni\u0105 ochron\u0119 w\u0142asnych danych, instalacj\u0119 niezb\u0119dnego oprogramowania, program\u00f3w antywirusowych oraz chroni\u0105cych przeciw podobnym elementom ryzyka.<\/p>\n<p>O ile odno\u015bne prawo nie wskazuje inaczej, IMPACT nie ponosi odpowiedzialno\u015bci za \u017cadne szkody dotycz\u0105ce technologii informacyjnej, program\u00f3w komputerowych, danych oraz innych materia\u0142\u00f3w u\u017cytkownika, kt\u00f3re zaistnia\u0142y w zwi\u0105zku z u\u017cytkowaniem strony.<\/p>\n\n        <\/div>\n        <div class=\"sd-block-title \">\n            <h2 class=\"sd-block-title-htag  marginbottom-30px align-left color-dark_gray\n            \">\n\t\t\t\t\n            \t5. Hiper\u0142\u0105cza\n\t\t\t<\/h2>\n        <\/div>\n        <div class=\"sd-block-text  marginbottom-30px color-gray_dark\n        \">\n        \t\n            <p>IMPACT mo\u017ce przedstawia\u0107 hiper\u0142\u0105cza odsy\u0142aj\u0105ce do stron nale\u017c\u0105cych do stron trzecich. Linki te maj\u0105 charakter jedynie informacyjny.<\/p>\n<p>IMPACT nie analizuje zawarto\u015bci tych stron, w zwi\u0105zku z czym nie mo\u017ce nadzorowa\u0107 tre\u015bci oraz innych materia\u0142\u00f3w przedstawionych na przedmiotowych stronach. W zwi\u0105zku z powy\u017cszym nie mo\u017cemy zagwarantowa\u0107 kompletno\u015bci, dost\u0119pno\u015bci oraz poprawno\u015bci tre\u015bci, do kt\u00f3rych odsy\u0142aj\u0105 przedmiotowe hiper\u0142\u0105cza. U\u017cytkownik jest w pe\u0142ni \u015bwiadomy, \u017ce przedmiotowe strony mog\u0105 podlega\u0107 innym warunkom u\u017cytkowania ni\u017c warunki dotycz\u0105ce niniejszej strony, oraz jest w pe\u0142ni odpowiedzialny za w\u0142asne u\u017cytkowanie tych stron.<\/p>\n<p>Tworzenie hiper\u0142\u0105cza do niniejszej strony nie posiadaj\u0105c zgody IMPACT jest niedozwolone. Wnioski o zezwolenie nale\u017cy przesy\u0142a\u0107 na adres marketing@impact.be.<\/p>\n\n        <\/div>\n        <div class=\"sd-block-title \">\n            <h2 class=\"sd-block-title-htag  marginbottom-30px align-left color-dark_gray\n            \">\n\t\t\t\t\n            \t6. W\u0142a\u015bciwe prawo oraz w\u0142a\u015bciwy s\u0105d\n\t\t\t<\/h2>\n        <\/div>\n        <div class=\"sd-block-text  marginbottom-30px color-gray_dark\n        \">\n        \t\n            <p>Niniejsze warunki u\u017cytkowania podlegaj\u0105 prawu Belgii. U\u017cytkownik przyjmuje, \u017ce wszystkie roszczenia zwi\u0105zane z korzystaniem ze strony lub niniejszymi warunkami zostan\u0105 rozpatrzone przez s\u0105dy w Hasselt, Belgia.<\/p>\n\n        <\/div>\n        <div class=\"sd-block-title \">\n            <h2 class=\"sd-block-title-htag  marginbottom-30px align-left color-dark_gray\n            \">\n\t\t\t\t\n            \t7. Inne warunki\n\t\t\t<\/h2>\n        <\/div>\n        <div class=\"sd-block-text  marginbottom-30px color-gray_dark\n        \">\n        \t\n            <p>Przypadek, w kt\u00f3rym jedno lub wi\u0119cej postanowie\u0144 niniejszych warunk\u00f3w jest niewa\u017cne lub niezgodne z prawem, nie wp\u0142ywa na pozosta\u0142e warunki u\u017cytkowania. Pozostaj\u0105 one w pe\u0142ni wa\u017cne i skuteczne.<\/p>\n<p>Wszelkie pytania, w\u0105tpliwo\u015bci, za\u017calenia dotycz\u0105ce niniejszych warunk\u00f3w u\u017cytkowania prosimy przesy\u0142a\u0107 drog\u0105 mailow\u0105 (marketing@impact.be) lub pocztow\u0105 (Luikersteenweg 167, 3500 Hasselt, Belgia).<\/p>\n\n        <\/div>[\/vc_column][vc_column width=&#8221;1\/6&#8243;][\/vc_column][\/vc_row]<\/p>\n<\/div>","protected":false},"excerpt":{"rendered":"<p>[vc_row][vc_column width=&#8221;1\/6&#8243;][\/vc_column][vc_column width=&#8221;4\/6&#8243;][\/vc_column][vc_column width=&#8221;1\/6&#8243;][\/vc_column][\/vc_row]<\/p>\n","protected":false},"author":1,"featured_media":0,"parent":5189,"menu_order":0,"comment_status":"closed","ping_status":"closed","template":"","meta":{"_acf_changed":false,"footnotes":""},"class_list":["post-9472","page","type-page","status-publish","hentry"],"acf":[],"yoast_head":"<!-- This site is optimized with the Yoast SEO plugin v26.8 - https:\/\/yoast.com\/product\/yoast-seo-wordpress\/ -->\n<title>Warunki uzytkowania | IMPACT<\/title>\n<meta name=\"robots\" content=\"index, follow, max-snippet:-1, max-image-preview:large, max-video-preview:-1\" \/>\n<link rel=\"canonical\" href=\"https:\/\/impact.be\/pl\/kandydaci\/warunki-uzytkowania\/\" \/>\n<meta property=\"og:locale\" content=\"pl_PL\" \/>\n<meta property=\"og:type\" content=\"article\" \/>\n<meta property=\"og:title\" content=\"Warunki uzytkowania | IMPACT\" \/>\n<meta property=\"og:description\" content=\"[vc_row][vc_column width=&#8221;1\/6&#8243;][\/vc_column][vc_column width=&#8221;4\/6&#8243;][\/vc_column][vc_column width=&#8221;1\/6&#8243;][\/vc_column][\/vc_row]\" \/>\n<meta property=\"og:url\" content=\"https:\/\/impact.be\/pl\/kandydaci\/warunki-uzytkowania\/\" \/>\n<meta property=\"og:site_name\" content=\"IMPACT\" \/>\n<meta property=\"article:publisher\" content=\"https:\/\/www.facebook.com\/jobs.impact\" \/>\n<meta property=\"article:modified_time\" content=\"2025-11-12T13:17:31+00:00\" \/>\n<meta property=\"og:image\" content=\"https:\/\/impact.be\/wp-content\/uploads\/2025\/11\/Social-share.jpg\" \/>\n\t<meta property=\"og:image:width\" content=\"1200\" \/>\n\t<meta property=\"og:image:height\" content=\"675\" \/>\n\t<meta property=\"og:image:type\" content=\"image\/jpeg\" \/>\n<meta name=\"twitter:card\" content=\"summary_large_image\" \/>\n<meta name=\"twitter:label1\" content=\"Szacowany czas czytania\" \/>\n\t<meta name=\"twitter:data1\" content=\"3 minuty\" \/>\n<script type=\"application\/ld+json\" class=\"yoast-schema-graph\">{\"@context\":\"https:\/\/schema.org\",\"@graph\":[{\"@type\":\"WebPage\",\"@id\":\"https:\/\/impact.be\/pl\/kandydaci\/warunki-uzytkowania\/\",\"url\":\"https:\/\/impact.be\/pl\/kandydaci\/warunki-uzytkowania\/\",\"name\":\"Warunki uzytkowania | IMPACT\",\"isPartOf\":{\"@id\":\"https:\/\/impact.be\/pl\/#website\"},\"datePublished\":\"2025-09-04T15:30:15+00:00\",\"dateModified\":\"2025-11-12T13:17:31+00:00\",\"breadcrumb\":{\"@id\":\"https:\/\/impact.be\/pl\/kandydaci\/warunki-uzytkowania\/#breadcrumb\"},\"inLanguage\":\"pl-PL\",\"potentialAction\":[{\"@type\":\"ReadAction\",\"target\":[\"https:\/\/impact.be\/pl\/kandydaci\/warunki-uzytkowania\/\"]}]},{\"@type\":\"BreadcrumbList\",\"@id\":\"https:\/\/impact.be\/pl\/kandydaci\/warunki-uzytkowania\/#breadcrumb\",\"itemListElement\":[{\"@type\":\"ListItem\",\"position\":1,\"name\":\"Home\",\"item\":\"https:\/\/impact.be\/pl\/\"},{\"@type\":\"ListItem\",\"position\":2,\"name\":\"Kandydaci\",\"item\":\"https:\/\/impact.be\/pl\/\"},{\"@type\":\"ListItem\",\"position\":3,\"name\":\"Warunki uzytkowania\"}]},{\"@type\":\"WebSite\",\"@id\":\"https:\/\/impact.be\/pl\/#website\",\"url\":\"https:\/\/impact.be\/pl\/\",\"name\":\"IMPACT\",\"description\":\"Impact website\",\"inLanguage\":\"pl-PL\"}]}<\/script>\n<!-- \/ Yoast SEO plugin. -->","yoast_head_json":{"title":"Warunki uzytkowania | IMPACT","robots":{"index":"index","follow":"follow","max-snippet":"max-snippet:-1","max-image-preview":"max-image-preview:large","max-video-preview":"max-video-preview:-1"},"canonical":"https:\/\/impact.be\/pl\/kandydaci\/warunki-uzytkowania\/","og_locale":"pl_PL","og_type":"article","og_title":"Warunki uzytkowania | IMPACT","og_description":"[vc_row][vc_column width=&#8221;1\/6&#8243;][\/vc_column][vc_column width=&#8221;4\/6&#8243;][\/vc_column][vc_column width=&#8221;1\/6&#8243;][\/vc_column][\/vc_row]","og_url":"https:\/\/impact.be\/pl\/kandydaci\/warunki-uzytkowania\/","og_site_name":"IMPACT","article_publisher":"https:\/\/www.facebook.com\/jobs.impact","article_modified_time":"2025-11-12T13:17:31+00:00","og_image":[{"width":1200,"height":675,"url":"https:\/\/impact.be\/wp-content\/uploads\/2025\/11\/Social-share.jpg","type":"image\/jpeg"}],"twitter_card":"summary_large_image","twitter_misc":{"Szacowany czas czytania":"3 minuty"},"schema":{"@context":"https:\/\/schema.org","@graph":[{"@type":"WebPage","@id":"https:\/\/impact.be\/pl\/kandydaci\/warunki-uzytkowania\/","url":"https:\/\/impact.be\/pl\/kandydaci\/warunki-uzytkowania\/","name":"Warunki uzytkowania | IMPACT","isPartOf":{"@id":"https:\/\/impact.be\/pl\/#website"},"datePublished":"2025-09-04T15:30:15+00:00","dateModified":"2025-11-12T13:17:31+00:00","breadcrumb":{"@id":"https:\/\/impact.be\/pl\/kandydaci\/warunki-uzytkowania\/#breadcrumb"},"inLanguage":"pl-PL","potentialAction":[{"@type":"ReadAction","target":["https:\/\/impact.be\/pl\/kandydaci\/warunki-uzytkowania\/"]}]},{"@type":"BreadcrumbList","@id":"https:\/\/impact.be\/pl\/kandydaci\/warunki-uzytkowania\/#breadcrumb","itemListElement":[{"@type":"ListItem","position":1,"name":"Home","item":"https:\/\/impact.be\/pl\/"},{"@type":"ListItem","position":2,"name":"Kandydaci","item":"https:\/\/impact.be\/pl\/"},{"@type":"ListItem","position":3,"name":"Warunki uzytkowania"}]},{"@type":"WebSite","@id":"https:\/\/impact.be\/pl\/#website","url":"https:\/\/impact.be\/pl\/","name":"IMPACT","description":"Impact website","inLanguage":"pl-PL"}]}},"_links":{"self":[{"href":"https:\/\/impact.be\/pl\/wp-json\/wp\/v2\/pages\/9472","targetHints":{"allow":["GET"]}}],"collection":[{"href":"https:\/\/impact.be\/pl\/wp-json\/wp\/v2\/pages"}],"about":[{"href":"https:\/\/impact.be\/pl\/wp-json\/wp\/v2\/types\/page"}],"author":[{"embeddable":true,"href":"https:\/\/impact.be\/pl\/wp-json\/wp\/v2\/users\/1"}],"replies":[{"embeddable":true,"href":"https:\/\/impact.be\/pl\/wp-json\/wp\/v2\/comments?post=9472"}],"version-history":[{"count":10,"href":"https:\/\/impact.be\/pl\/wp-json\/wp\/v2\/pages\/9472\/revisions"}],"predecessor-version":[{"id":12535,"href":"https:\/\/impact.be\/pl\/wp-json\/wp\/v2\/pages\/9472\/revisions\/12535"}],"up":[{"embeddable":true,"href":"https:\/\/impact.be\/pl\/wp-json\/wp\/v2\/pages\/5189"}],"wp:attachment":[{"href":"https:\/\/impact.be\/pl\/wp-json\/wp\/v2\/media?parent=9472"}],"curies":[{"name":"wp","href":"https:\/\/api.w.org\/{rel}","templated":true}]}}