{"id":9421,"date":"2025-10-16T13:40:35","date_gmt":"2025-10-16T11:40:35","guid":{"rendered":"https:\/\/impact.be\/kandydaci\/blog\/wydarzenia\/"},"modified":"2025-11-12T09:29:40","modified_gmt":"2025-11-12T08:29:40","slug":"wydarzenia","status":"publish","type":"page","link":"https:\/\/impact.be\/pl\/kandydaci\/blog\/wydarzenia\/","title":{"rendered":"Wydarzenia"},"content":{"rendered":"<div class=\"wpb-content-wrapper\"><p>[vc_row][vc_column]<div class=\"sd-block-blog-filter  marginbottom-60px\n                    \">\n                        <span class=\"title\">Kategorie<\/span>\n                    <a class=\"category\" href=\"https:\/\/impact.be\/pl\/kandydaci\/blog\/\">Wszystkie artyku\u0142y<\/a><a class=\"category active\" href=\"https:\/\/impact.be\/pl\/kandydaci\/blog\/wydarzenia\/\">Wydarzenia<\/a><a class=\"category\" href=\"https:\/\/impact.be\/pl\/kandydaci\/blog\/porady-i-wskazowki\/\">Porady i wskaz\u00f3wki<\/a><a class=\"category\" href=\"https:\/\/impact.be\/pl\/kandydaci\/blog\/aktualnosci\/\">Aktualno\u015bci<\/a>\n                    <\/div>\n        \n        <div class=\"sd-block-event-overview\" data-atts=\"{&quot;posts_per_page&quot;:&quot;9&quot;,&quot;pagination&quot;:&quot;yes&quot;}\" data-page-id=\"1\">\n            <div class=\"sd-event-grid\">\n        <div class=\"sd-custom-post-type-filters-no-results\">\n\t\t\t<p>Nie znaleziono wynik\u00f3w. Spr\u00f3buj innego s\u0142owa kluczowego lub wybierz inne filtry.<\/p>\n        <\/div><\/div>\n        <div class=\"sd-pagination\">\n            \n        <\/div><\/div>[\/vc_column][\/vc_row]<\/p>\n<\/div>","protected":false},"excerpt":{"rendered":"<p>[vc_row][vc_column][\/vc_column][\/vc_row]<\/p>\n","protected":false},"author":1,"featured_media":0,"parent":9416,"menu_order":0,"comment_status":"closed","ping_status":"closed","template":"","meta":{"_acf_changed":false,"footnotes":""},"class_list":["post-9421","page","type-page","status-publish","hentry"],"acf":[],"yoast_head":"<!-- This site is optimized with the Yoast SEO plugin v26.8 - https:\/\/yoast.com\/product\/yoast-seo-wordpress\/ -->\n<title>Wydarzenia | IMPACT<\/title>\n<meta name=\"robots\" content=\"index, follow, max-snippet:-1, max-image-preview:large, max-video-preview:-1\" \/>\n<link rel=\"canonical\" href=\"https:\/\/impact.be\/pl\/kandydaci\/blog\/wydarzenia\/\" \/>\n<meta property=\"og:locale\" content=\"pl_PL\" \/>\n<meta property=\"og:type\" content=\"article\" \/>\n<meta property=\"og:title\" content=\"Wydarzenia | IMPACT\" \/>\n<meta property=\"og:description\" content=\"[vc_row][vc_column][\/vc_column][\/vc_row]\" \/>\n<meta property=\"og:url\" content=\"https:\/\/impact.be\/pl\/kandydaci\/blog\/wydarzenia\/\" \/>\n<meta property=\"og:site_name\" content=\"IMPACT\" \/>\n<meta property=\"article:publisher\" content=\"https:\/\/www.facebook.com\/jobs.impact\" \/>\n<meta property=\"article:modified_time\" content=\"2025-11-12T08:29:40+00:00\" \/>\n<meta property=\"og:image\" content=\"https:\/\/impact.be\/wp-content\/uploads\/2025\/11\/Social-share.jpg\" \/>\n\t<meta property=\"og:image:width\" content=\"1200\" \/>\n\t<meta property=\"og:image:height\" content=\"675\" \/>\n\t<meta property=\"og:image:type\" content=\"image\/jpeg\" \/>\n<meta name=\"twitter:card\" content=\"summary_large_image\" \/>\n<meta name=\"twitter:label1\" content=\"Szacowany czas czytania\" \/>\n\t<meta name=\"twitter:data1\" content=\"1 minuta\" \/>\n<script type=\"application\/ld+json\" class=\"yoast-schema-graph\">{\"@context\":\"https:\/\/schema.org\",\"@graph\":[{\"@type\":\"WebPage\",\"@id\":\"https:\/\/impact.be\/pl\/kandydaci\/blog\/wydarzenia\/\",\"url\":\"https:\/\/impact.be\/pl\/kandydaci\/blog\/wydarzenia\/\",\"name\":\"Wydarzenia | IMPACT\",\"isPartOf\":{\"@id\":\"https:\/\/impact.be\/pl\/#website\"},\"datePublished\":\"2025-10-16T11:40:35+00:00\",\"dateModified\":\"2025-11-12T08:29:40+00:00\",\"breadcrumb\":{\"@id\":\"https:\/\/impact.be\/pl\/kandydaci\/blog\/wydarzenia\/#breadcrumb\"},\"inLanguage\":\"pl-PL\",\"potentialAction\":[{\"@type\":\"ReadAction\",\"target\":[\"https:\/\/impact.be\/pl\/kandydaci\/blog\/wydarzenia\/\"]}]},{\"@type\":\"BreadcrumbList\",\"@id\":\"https:\/\/impact.be\/pl\/kandydaci\/blog\/wydarzenia\/#breadcrumb\",\"itemListElement\":[{\"@type\":\"ListItem\",\"position\":1,\"name\":\"Home\",\"item\":\"https:\/\/impact.be\/pl\/\"},{\"@type\":\"ListItem\",\"position\":2,\"name\":\"Kandydaci\",\"item\":\"https:\/\/impact.be\/pl\/\"},{\"@type\":\"ListItem\",\"position\":3,\"name\":\"Blog\",\"item\":\"https:\/\/impact.be\/pl\/kandydaci\/blog\/\"},{\"@type\":\"ListItem\",\"position\":4,\"name\":\"Wydarzenia\"}]},{\"@type\":\"WebSite\",\"@id\":\"https:\/\/impact.be\/pl\/#website\",\"url\":\"https:\/\/impact.be\/pl\/\",\"name\":\"IMPACT\",\"description\":\"Impact website\",\"inLanguage\":\"pl-PL\"}]}<\/script>\n<!-- \/ Yoast SEO plugin. -->","yoast_head_json":{"title":"Wydarzenia | IMPACT","robots":{"index":"index","follow":"follow","max-snippet":"max-snippet:-1","max-image-preview":"max-image-preview:large","max-video-preview":"max-video-preview:-1"},"canonical":"https:\/\/impact.be\/pl\/kandydaci\/blog\/wydarzenia\/","og_locale":"pl_PL","og_type":"article","og_title":"Wydarzenia | IMPACT","og_description":"[vc_row][vc_column][\/vc_column][\/vc_row]","og_url":"https:\/\/impact.be\/pl\/kandydaci\/blog\/wydarzenia\/","og_site_name":"IMPACT","article_publisher":"https:\/\/www.facebook.com\/jobs.impact","article_modified_time":"2025-11-12T08:29:40+00:00","og_image":[{"width":1200,"height":675,"url":"https:\/\/impact.be\/wp-content\/uploads\/2025\/11\/Social-share.jpg","type":"image\/jpeg"}],"twitter_card":"summary_large_image","twitter_misc":{"Szacowany czas czytania":"1 minuta"},"schema":{"@context":"https:\/\/schema.org","@graph":[{"@type":"WebPage","@id":"https:\/\/impact.be\/pl\/kandydaci\/blog\/wydarzenia\/","url":"https:\/\/impact.be\/pl\/kandydaci\/blog\/wydarzenia\/","name":"Wydarzenia | IMPACT","isPartOf":{"@id":"https:\/\/impact.be\/pl\/#website"},"datePublished":"2025-10-16T11:40:35+00:00","dateModified":"2025-11-12T08:29:40+00:00","breadcrumb":{"@id":"https:\/\/impact.be\/pl\/kandydaci\/blog\/wydarzenia\/#breadcrumb"},"inLanguage":"pl-PL","potentialAction":[{"@type":"ReadAction","target":["https:\/\/impact.be\/pl\/kandydaci\/blog\/wydarzenia\/"]}]},{"@type":"BreadcrumbList","@id":"https:\/\/impact.be\/pl\/kandydaci\/blog\/wydarzenia\/#breadcrumb","itemListElement":[{"@type":"ListItem","position":1,"name":"Home","item":"https:\/\/impact.be\/pl\/"},{"@type":"ListItem","position":2,"name":"Kandydaci","item":"https:\/\/impact.be\/pl\/"},{"@type":"ListItem","position":3,"name":"Blog","item":"https:\/\/impact.be\/pl\/kandydaci\/blog\/"},{"@type":"ListItem","position":4,"name":"Wydarzenia"}]},{"@type":"WebSite","@id":"https:\/\/impact.be\/pl\/#website","url":"https:\/\/impact.be\/pl\/","name":"IMPACT","description":"Impact website","inLanguage":"pl-PL"}]}},"_links":{"self":[{"href":"https:\/\/impact.be\/pl\/wp-json\/wp\/v2\/pages\/9421","targetHints":{"allow":["GET"]}}],"collection":[{"href":"https:\/\/impact.be\/pl\/wp-json\/wp\/v2\/pages"}],"about":[{"href":"https:\/\/impact.be\/pl\/wp-json\/wp\/v2\/types\/page"}],"author":[{"embeddable":true,"href":"https:\/\/impact.be\/pl\/wp-json\/wp\/v2\/users\/1"}],"replies":[{"embeddable":true,"href":"https:\/\/impact.be\/pl\/wp-json\/wp\/v2\/comments?post=9421"}],"version-history":[{"count":6,"href":"https:\/\/impact.be\/pl\/wp-json\/wp\/v2\/pages\/9421\/revisions"}],"predecessor-version":[{"id":12283,"href":"https:\/\/impact.be\/pl\/wp-json\/wp\/v2\/pages\/9421\/revisions\/12283"}],"up":[{"embeddable":true,"href":"https:\/\/impact.be\/pl\/wp-json\/wp\/v2\/pages\/9416"}],"wp:attachment":[{"href":"https:\/\/impact.be\/pl\/wp-json\/wp\/v2\/media?parent=9421"}],"curies":[{"name":"wp","href":"https:\/\/api.w.org\/{rel}","templated":true}]}}