{"id":9416,"date":"2025-08-15T14:31:25","date_gmt":"2025-08-15T12:31:25","guid":{"rendered":"https:\/\/impact.be\/kandydaci\/blog\/"},"modified":"2026-01-14T17:03:06","modified_gmt":"2026-01-14T16:03:06","slug":"blog","status":"publish","type":"page","link":"https:\/\/impact.be\/pl\/kandydaci\/blog\/","title":{"rendered":"Blog"},"content":{"rendered":"<div class=\"wpb-content-wrapper\"><p>[vc_row][vc_column]<div class=\"sd-block-blog-filter  marginbottom-60px\n                    \">\n                        <span class=\"title\">Kategorie<\/span>\n                    <a class=\"category active\" href=\"https:\/\/impact.be\/pl\/kandydaci\/blog\/\">Wszystkie artyku\u0142y<\/a><a class=\"category\" href=\"https:\/\/impact.be\/pl\/kandydaci\/blog\/wydarzenia\/\">Wydarzenia<\/a><a class=\"category\" href=\"https:\/\/impact.be\/pl\/kandydaci\/blog\/porady-i-wskazowki\/\">Porady i wskaz\u00f3wki<\/a><a class=\"category\" href=\"https:\/\/impact.be\/pl\/kandydaci\/blog\/aktualnosci\/\">Aktualno\u015bci<\/a>\n                    <\/div>\n        \n        <div class=\"sd-block-blog-overview\" data-atts=\"{&quot;posts_per_page&quot;:7,&quot;pagination&quot;:&quot;yes&quot;}\" data-page-id=\"1\">\n                            <div class=\"highlight vc_row wpb_row vc_row-fluid\" data-vc-full-width=\"true\" data-vc-stretch-content=\"true\">\n                                <div class=\"background\"><svg viewBox=\"0 0 49.62 90\" width=\"15px\" height=\"15px\" xmlns=\"http:\/\/www.w3.org\/2000\/svg\" preserveAspectRatio=\"none\"><polygon fill=\"currentColor\" points=\"0 90 0 0 49.62 0 0 90\" \/><\/svg><\/div>\n                                <div class=\"wrap\">\n                                    <div class=\"blog-tile\">\n                                        <a href=\"https:\/\/impact.be\/pl\/kandydaci\/blog\/porady-i-tricki\/szybko-znajdujesz-prace-wybierz-zawod-z-waskim-gardlem-w-budownictwie-lub-inzynierii-2\/\" class=\"blog-tile-image\"><img decoding=\"async\" src=\"https:\/\/impact.be\/wp-content\/uploads\/2026\/03\/IMPACT-1000x1000-blog-techniek.jpg\" alt=\"Szybko znajdujesz prac\u0119? Wybierz zaw\u00f3d z w\u0105skim gard\u0142em w budownictwie lub in\u017cynierii\"><\/a>\n                                        <div class=\"blog-tile-text\">\n                                            <div class=\"blog-category\">Tips &amp; tricks<\/div>\n                                            <a href=\"https:\/\/impact.be\/pl\/kandydaci\/blog\/porady-i-tricki\/szybko-znajdujesz-prace-wybierz-zawod-z-waskim-gardlem-w-budownictwie-lub-inzynierii-2\/\">\n                                                \n        <div class=\"sd-block-title \">\n            <h2 class=\"sd-block-title-htag  marginbottom-30px align-left color-dark_gray font-small\n            \">\n\t\t\t\t\n            \tSzybko znajdujesz prac\u0119? Wybierz zaw\u00f3d z w\u0105skim gard\u0142em w budownictwie lub in\u017cynierii\n\t\t\t<\/h2>\n        <\/div>\n                                            <\/a>\n                                            \n        <div class=\"sd-block-text  marginbottom-30px color-white\n        \">\n        \t\n            <p>Wyb\u00f3r zawodu w\u0105skiego gard\u0142a w budownictwie lub in\u017cynierii przyniesie Ci wiele korzy\u015bci.<\/p>\n\n        <\/div>\n                                            \n        <div class=\"sd-block-button  marginbottom-0px align-left button-type-background button-size-small background-color-fluent_yellow\">\n            <a class=\"inner-button\"\n            href=\"https:\/\/impact.be\/pl\/kandydaci\/blog\/porady-i-tricki\/szybko-znajdujesz-prace-wybierz-zawod-z-waskim-gardlem-w-budownictwie-lub-inzynierii-2\/\" title=\"Czytaj wi\u0119cej\">\n                <div class=\"button-content\">\n                    <span>Czytaj wi\u0119cej<\/span>\n\t\t\t\t    <svg height=\"15\" width=\"15\" xmlns=\"http:\/\/www.w3.org\/2000\/svg\" viewBox=\"0 0 15 13.56\"><path fill=\"currentColor\" d=\"M0,5.64h11.64L7.56,0h2.64l4.8,6.84-4.8,6.72h-2.64l4.08-5.64H0v-2.28Z\"\/><\/svg>\n                <\/div>\n            <\/a>\n        <\/div>\n                                        <\/div>\n                                    <\/div>\n                                <\/div>\n                            <\/div>\n                            <div class=\"vc_row-full-width vc_clearfix\"><\/div>\n                            <div class=\"blog-grid\">\n                            <a title=\"Szybko znajdujesz prac\u0119? Wybierz zaw\u00f3d z w\u0105skim gard\u0142em w budownictwie lub in\u017cynierii\" href=\"https:\/\/impact.be\/pl\/kandydaci\/blog\/porady-i-tricki\/szybko-znajdujesz-prace-wybierz-zawod-z-waskim-gardlem-w-budownictwie-lub-inzynierii\/\" class=\"blog-tile\">\n                                <div class=\"blog-tile-image\"><img decoding=\"async\" src=\"https:\/\/impact.be\/wp-content\/uploads\/2025\/09\/Snel_werk_vinden.jpg\" alt=\"Szybko znajdujesz prac\u0119? Wybierz zaw\u00f3d z w\u0105skim gard\u0142em w budownictwie lub in\u017cynierii\"><\/div>\n                                <div class=\"blog-tile-text\">\n                                    <div class=\"blog-category\">Tips &amp; tricks<\/div>\n                                    \n        <div class=\"sd-block-title \">\n            <h2 class=\"sd-block-title-htag  marginbottom-30px align-left color-dark_gray font-small\n            \">\n\t\t\t\t\n            \tSzybko znajdujesz prac\u0119? Wybierz zaw\u00f3d z w\u0105skim gard\u0142em w budownictwie lub in\u017cynierii\n\t\t\t<\/h2>\n        <\/div>\n                                    \n        <div class=\"sd-block-button  marginbottom-0px align-left button-type-text text-size-normal text-color-dark_grey\">\n            <span class=\"inner-button\"\n            href=\"https:\/\/impact.be\/pl\/kandydaci\/blog\/porady-i-tricki\/szybko-znajdujesz-prace-wybierz-zawod-z-waskim-gardlem-w-budownictwie-lub-inzynierii\/\" title=\"Czytaj wi\u0119cej\">\n                <div class=\"button-content\">\n                    <span>Czytaj wi\u0119cej<\/span>\n\t\t\t\t    <svg height=\"15\" width=\"15\" xmlns=\"http:\/\/www.w3.org\/2000\/svg\" viewBox=\"0 0 15 13.56\"><path fill=\"currentColor\" d=\"M0,5.64h11.64L7.56,0h2.64l4.8,6.84-4.8,6.72h-2.64l4.08-5.64H0v-2.28Z\"\/><\/svg>\n                <\/div>\n            <\/span>\n        <\/div>\n                                <\/div>\n                            <\/a>\n                            <a title=\"Uderzaj\u0105cy transparent pojawia si\u0119 na &#8222;wiecznym rusztowaniu&#8221; brukselskiego s\u0105du\" href=\"https:\/\/impact.be\/pl\/kandydaci\/blog\/aktualnosci\/uderzajacy-transparent-pojawia-sie-na-wiecznym-rusztowaniu-brukselskiego-sadu\/\" class=\"blog-tile\">\n                                <div class=\"blog-tile-image\"><img decoding=\"async\" src=\"https:\/\/impact.be\/wp-content\/uploads\/2025\/09\/opvallend-spandoek.jpg\" alt=\"Uderzaj\u0105cy transparent pojawia si\u0119 na &#8222;wiecznym rusztowaniu&#8221; brukselskiego s\u0105du\"><\/div>\n                                <div class=\"blog-tile-text\">\n                                    <div class=\"blog-category\">News<\/div>\n                                    \n        <div class=\"sd-block-title \">\n            <h2 class=\"sd-block-title-htag  marginbottom-30px align-left color-dark_gray font-small\n            \">\n\t\t\t\t\n            \tUderzaj\u0105cy transparent pojawia si\u0119 na &#8222;wiecznym rusztowaniu&#8221; brukselskiego s\u0105du\n\t\t\t<\/h2>\n        <\/div>\n                                    \n        <div class=\"sd-block-button  marginbottom-0px align-left button-type-text text-size-normal text-color-dark_grey\">\n            <span class=\"inner-button\"\n            href=\"https:\/\/impact.be\/pl\/kandydaci\/blog\/aktualnosci\/uderzajacy-transparent-pojawia-sie-na-wiecznym-rusztowaniu-brukselskiego-sadu\/\" title=\"Czytaj wi\u0119cej\">\n                <div class=\"button-content\">\n                    <span>Czytaj wi\u0119cej<\/span>\n\t\t\t\t    <svg height=\"15\" width=\"15\" xmlns=\"http:\/\/www.w3.org\/2000\/svg\" viewBox=\"0 0 15 13.56\"><path fill=\"currentColor\" d=\"M0,5.64h11.64L7.56,0h2.64l4.8,6.84-4.8,6.72h-2.64l4.08-5.64H0v-2.28Z\"\/><\/svg>\n                <\/div>\n            <\/span>\n        <\/div>\n                                <\/div>\n                            <\/a>\n                            <a title=\"Billboard w Antwerpii obiega ca\u0142y \u015bwiat\" href=\"https:\/\/impact.be\/pl\/kandydaci\/blog\/aktualnosci\/billboard-w-antwerpii-obiega-caly-swiat\/\" class=\"blog-tile\">\n                                <div class=\"blog-tile-image\"><img decoding=\"async\" src=\"https:\/\/impact.be\/wp-content\/uploads\/2023\/06\/Antwerps_reclamebord.jpg\" alt=\"Billboard w Antwerpii obiega ca\u0142y \u015bwiat\"><\/div>\n                                <div class=\"blog-tile-text\">\n                                    <div class=\"blog-category\">News<\/div>\n                                    \n        <div class=\"sd-block-title \">\n            <h2 class=\"sd-block-title-htag  marginbottom-30px align-left color-dark_gray font-small\n            \">\n\t\t\t\t\n            \tBillboard w Antwerpii obiega ca\u0142y \u015bwiat\n\t\t\t<\/h2>\n        <\/div>\n                                    \n        <div class=\"sd-block-button  marginbottom-0px align-left button-type-text text-size-normal text-color-dark_grey\">\n            <span class=\"inner-button\"\n            href=\"https:\/\/impact.be\/pl\/kandydaci\/blog\/aktualnosci\/billboard-w-antwerpii-obiega-caly-swiat\/\" title=\"Czytaj wi\u0119cej\">\n                <div class=\"button-content\">\n                    <span>Czytaj wi\u0119cej<\/span>\n\t\t\t\t    <svg height=\"15\" width=\"15\" xmlns=\"http:\/\/www.w3.org\/2000\/svg\" viewBox=\"0 0 15 13.56\"><path fill=\"currentColor\" d=\"M0,5.64h11.64L7.56,0h2.64l4.8,6.84-4.8,6.72h-2.64l4.08-5.64H0v-2.28Z\"\/><\/svg>\n                <\/div>\n            <\/span>\n        <\/div>\n                                <\/div>\n                            <\/a>\n                            <a title=\"Dzisiejsi prawdziwi bohaterowie? Rzemie\u015blnicy!\" href=\"https:\/\/impact.be\/pl\/kandydaci\/blog\/porady-i-tricki\/dzisiejsi-prawdziwi-bohaterowie-rzemieslnicy\/\" class=\"blog-tile\">\n                                <div class=\"blog-tile-image\"><img decoding=\"async\" src=\"https:\/\/impact.be\/wp-content\/uploads\/2022\/08\/De_echte_helden.jpg\" alt=\"Dzisiejsi prawdziwi bohaterowie? Rzemie\u015blnicy!\"><\/div>\n                                <div class=\"blog-tile-text\">\n                                    <div class=\"blog-category\">Tips &amp; tricks<\/div>\n                                    \n        <div class=\"sd-block-title \">\n            <h2 class=\"sd-block-title-htag  marginbottom-30px align-left color-dark_gray font-small\n            \">\n\t\t\t\t\n            \tDzisiejsi prawdziwi bohaterowie? Rzemie\u015blnicy!\n\t\t\t<\/h2>\n        <\/div>\n                                    \n        <div class=\"sd-block-button  marginbottom-0px align-left button-type-text text-size-normal text-color-dark_grey\">\n            <span class=\"inner-button\"\n            href=\"https:\/\/impact.be\/pl\/kandydaci\/blog\/porady-i-tricki\/dzisiejsi-prawdziwi-bohaterowie-rzemieslnicy\/\" title=\"Czytaj wi\u0119cej\">\n                <div class=\"button-content\">\n                    <span>Czytaj wi\u0119cej<\/span>\n\t\t\t\t    <svg height=\"15\" width=\"15\" xmlns=\"http:\/\/www.w3.org\/2000\/svg\" viewBox=\"0 0 15 13.56\"><path fill=\"currentColor\" d=\"M0,5.64h11.64L7.56,0h2.64l4.8,6.84-4.8,6.72h-2.64l4.08-5.64H0v-2.28Z\"\/><\/svg>\n                <\/div>\n            <\/span>\n        <\/div>\n                                <\/div>\n                            <\/a>\n                            <a title=\"IMPACT k\u0142adzie pe\u0142ny nacisk na innowacje dzi\u0119ki nowemu wygl\u0105dowi\" href=\"https:\/\/impact.be\/pl\/kandydaci\/blog\/aktualnosci\/impact-kladzie-pelny-nacisk-na-innowacje-dzieki-nowemu-wygladowi\/\" class=\"blog-tile\">\n                                <div class=\"blog-tile-image\"><img decoding=\"async\" src=\"https:\/\/impact.be\/wp-content\/uploads\/2022\/04\/Impact_zet_vol_in.jpg\" alt=\"IMPACT k\u0142adzie pe\u0142ny nacisk na innowacje dzi\u0119ki nowemu wygl\u0105dowi\"><\/div>\n                                <div class=\"blog-tile-text\">\n                                    <div class=\"blog-category\">News<\/div>\n                                    \n        <div class=\"sd-block-title \">\n            <h2 class=\"sd-block-title-htag  marginbottom-30px align-left color-dark_gray font-small\n            \">\n\t\t\t\t\n            \tIMPACT k\u0142adzie pe\u0142ny nacisk na innowacje dzi\u0119ki nowemu wygl\u0105dowi\n\t\t\t<\/h2>\n        <\/div>\n                                    \n        <div class=\"sd-block-button  marginbottom-0px align-left button-type-text text-size-normal text-color-dark_grey\">\n            <span class=\"inner-button\"\n            href=\"https:\/\/impact.be\/pl\/kandydaci\/blog\/aktualnosci\/impact-kladzie-pelny-nacisk-na-innowacje-dzieki-nowemu-wygladowi\/\" title=\"Czytaj wi\u0119cej\">\n                <div class=\"button-content\">\n                    <span>Czytaj wi\u0119cej<\/span>\n\t\t\t\t    <svg height=\"15\" width=\"15\" xmlns=\"http:\/\/www.w3.org\/2000\/svg\" viewBox=\"0 0 15 13.56\"><path fill=\"currentColor\" d=\"M0,5.64h11.64L7.56,0h2.64l4.8,6.84-4.8,6.72h-2.64l4.08-5.64H0v-2.28Z\"\/><\/svg>\n                <\/div>\n            <\/span>\n        <\/div>\n                                <\/div>\n                            <\/a>\n                            <a title=\"Dlaczego technicy s\u0105 bohaterami\" href=\"https:\/\/impact.be\/pl\/kandydaci\/blog\/porady-i-tricki\/dlaczego-technicy-sa-bohaterami\/\" class=\"blog-tile\">\n                                <div class=\"blog-tile-image\"><img decoding=\"async\" src=\"https:\/\/impact.be\/wp-content\/uploads\/2022\/03\/Waarom_techniekers_helden.jpg\" alt=\"Dlaczego technicy s\u0105 bohaterami\"><\/div>\n                                <div class=\"blog-tile-text\">\n                                    <div class=\"blog-category\">Tips &amp; tricks<\/div>\n                                    \n        <div class=\"sd-block-title \">\n            <h2 class=\"sd-block-title-htag  marginbottom-30px align-left color-dark_gray font-small\n            \">\n\t\t\t\t\n            \tDlaczego technicy s\u0105 bohaterami\n\t\t\t<\/h2>\n        <\/div>\n                                    \n        <div class=\"sd-block-button  marginbottom-0px align-left button-type-text text-size-normal text-color-dark_grey\">\n            <span class=\"inner-button\"\n            href=\"https:\/\/impact.be\/pl\/kandydaci\/blog\/porady-i-tricki\/dlaczego-technicy-sa-bohaterami\/\" title=\"Czytaj wi\u0119cej\">\n                <div class=\"button-content\">\n                    <span>Czytaj wi\u0119cej<\/span>\n\t\t\t\t    <svg height=\"15\" width=\"15\" xmlns=\"http:\/\/www.w3.org\/2000\/svg\" viewBox=\"0 0 15 13.56\"><path fill=\"currentColor\" d=\"M0,5.64h11.64L7.56,0h2.64l4.8,6.84-4.8,6.72h-2.64l4.08-5.64H0v-2.28Z\"\/><\/svg>\n                <\/div>\n            <\/span>\n        <\/div>\n                                <\/div>\n                            <\/a>\n                            <\/div>\n        <div class=\"sd-pagination\">\n            <span aria-current=\"page\" class=\"page-numbers current\">1<\/span>\n<a class=\"page-numbers\" href=\"\/pl\/wp-json\/wp\/v2\/pages\/9416\/page\/2\/?from_pagination=true\">2<\/a>\n<a class=\"next page-numbers\" href=\"\/pl\/wp-json\/wp\/v2\/pages\/9416\/page\/2\/?from_pagination=true\">Nast\u0119pna<\/a>\n        <\/div>\n        <\/div>[\/vc_column][\/vc_row]<\/p>\n<\/div>","protected":false},"excerpt":{"rendered":"<p>[vc_row][vc_column][\/vc_column][\/vc_row]<\/p>\n","protected":false},"author":1,"featured_media":0,"parent":5189,"menu_order":0,"comment_status":"closed","ping_status":"closed","template":"","meta":{"_acf_changed":false,"footnotes":""},"class_list":["post-9416","page","type-page","status-publish","hentry"],"acf":[],"yoast_head":"<!-- This site is optimized with the Yoast SEO plugin v26.8 - https:\/\/yoast.com\/product\/yoast-seo-wordpress\/ -->\n<title>Blog | IMPACT<\/title>\n<meta name=\"robots\" content=\"index, follow, max-snippet:-1, max-image-preview:large, max-video-preview:-1\" \/>\n<link rel=\"canonical\" href=\"https:\/\/impact.be\/pl\/kandydaci\/blog\/\" \/>\n<meta property=\"og:locale\" content=\"pl_PL\" \/>\n<meta property=\"og:type\" content=\"article\" \/>\n<meta property=\"og:title\" content=\"Blog | IMPACT\" \/>\n<meta property=\"og:description\" content=\"[vc_row][vc_column][\/vc_column][\/vc_row]\" \/>\n<meta property=\"og:url\" content=\"https:\/\/impact.be\/pl\/kandydaci\/blog\/\" \/>\n<meta property=\"og:site_name\" content=\"IMPACT\" \/>\n<meta property=\"article:publisher\" content=\"https:\/\/www.facebook.com\/jobs.impact\" \/>\n<meta property=\"article:modified_time\" content=\"2026-01-14T16:03:06+00:00\" \/>\n<meta property=\"og:image\" content=\"https:\/\/impact.be\/wp-content\/uploads\/2025\/11\/Social-share.jpg\" \/>\n\t<meta property=\"og:image:width\" content=\"1200\" \/>\n\t<meta property=\"og:image:height\" content=\"675\" \/>\n\t<meta property=\"og:image:type\" content=\"image\/jpeg\" \/>\n<meta name=\"twitter:card\" content=\"summary_large_image\" \/>\n<meta name=\"twitter:label1\" content=\"Szacowany czas czytania\" \/>\n\t<meta name=\"twitter:data1\" content=\"1 minuta\" \/>\n<script type=\"application\/ld+json\" class=\"yoast-schema-graph\">{\"@context\":\"https:\/\/schema.org\",\"@graph\":[{\"@type\":\"WebPage\",\"@id\":\"https:\/\/impact.be\/pl\/kandydaci\/blog\/\",\"url\":\"https:\/\/impact.be\/pl\/kandydaci\/blog\/\",\"name\":\"Blog | IMPACT\",\"isPartOf\":{\"@id\":\"https:\/\/impact.be\/pl\/#website\"},\"datePublished\":\"2025-08-15T12:31:25+00:00\",\"dateModified\":\"2026-01-14T16:03:06+00:00\",\"breadcrumb\":{\"@id\":\"https:\/\/impact.be\/pl\/kandydaci\/blog\/#breadcrumb\"},\"inLanguage\":\"pl-PL\",\"potentialAction\":[{\"@type\":\"ReadAction\",\"target\":[\"https:\/\/impact.be\/pl\/kandydaci\/blog\/\"]}]},{\"@type\":\"BreadcrumbList\",\"@id\":\"https:\/\/impact.be\/pl\/kandydaci\/blog\/#breadcrumb\",\"itemListElement\":[{\"@type\":\"ListItem\",\"position\":1,\"name\":\"Home\",\"item\":\"https:\/\/impact.be\/pl\/\"},{\"@type\":\"ListItem\",\"position\":2,\"name\":\"Kandydaci\",\"item\":\"https:\/\/impact.be\/pl\/\"},{\"@type\":\"ListItem\",\"position\":3,\"name\":\"Blog\"}]},{\"@type\":\"WebSite\",\"@id\":\"https:\/\/impact.be\/pl\/#website\",\"url\":\"https:\/\/impact.be\/pl\/\",\"name\":\"IMPACT\",\"description\":\"Impact website\",\"inLanguage\":\"pl-PL\"}]}<\/script>\n<!-- \/ Yoast SEO plugin. -->","yoast_head_json":{"title":"Blog | IMPACT","robots":{"index":"index","follow":"follow","max-snippet":"max-snippet:-1","max-image-preview":"max-image-preview:large","max-video-preview":"max-video-preview:-1"},"canonical":"https:\/\/impact.be\/pl\/kandydaci\/blog\/","og_locale":"pl_PL","og_type":"article","og_title":"Blog | IMPACT","og_description":"[vc_row][vc_column][\/vc_column][\/vc_row]","og_url":"https:\/\/impact.be\/pl\/kandydaci\/blog\/","og_site_name":"IMPACT","article_publisher":"https:\/\/www.facebook.com\/jobs.impact","article_modified_time":"2026-01-14T16:03:06+00:00","og_image":[{"width":1200,"height":675,"url":"https:\/\/impact.be\/wp-content\/uploads\/2025\/11\/Social-share.jpg","type":"image\/jpeg"}],"twitter_card":"summary_large_image","twitter_misc":{"Szacowany czas czytania":"1 minuta"},"schema":{"@context":"https:\/\/schema.org","@graph":[{"@type":"WebPage","@id":"https:\/\/impact.be\/pl\/kandydaci\/blog\/","url":"https:\/\/impact.be\/pl\/kandydaci\/blog\/","name":"Blog | IMPACT","isPartOf":{"@id":"https:\/\/impact.be\/pl\/#website"},"datePublished":"2025-08-15T12:31:25+00:00","dateModified":"2026-01-14T16:03:06+00:00","breadcrumb":{"@id":"https:\/\/impact.be\/pl\/kandydaci\/blog\/#breadcrumb"},"inLanguage":"pl-PL","potentialAction":[{"@type":"ReadAction","target":["https:\/\/impact.be\/pl\/kandydaci\/blog\/"]}]},{"@type":"BreadcrumbList","@id":"https:\/\/impact.be\/pl\/kandydaci\/blog\/#breadcrumb","itemListElement":[{"@type":"ListItem","position":1,"name":"Home","item":"https:\/\/impact.be\/pl\/"},{"@type":"ListItem","position":2,"name":"Kandydaci","item":"https:\/\/impact.be\/pl\/"},{"@type":"ListItem","position":3,"name":"Blog"}]},{"@type":"WebSite","@id":"https:\/\/impact.be\/pl\/#website","url":"https:\/\/impact.be\/pl\/","name":"IMPACT","description":"Impact website","inLanguage":"pl-PL"}]}},"_links":{"self":[{"href":"https:\/\/impact.be\/pl\/wp-json\/wp\/v2\/pages\/9416","targetHints":{"allow":["GET"]}}],"collection":[{"href":"https:\/\/impact.be\/pl\/wp-json\/wp\/v2\/pages"}],"about":[{"href":"https:\/\/impact.be\/pl\/wp-json\/wp\/v2\/types\/page"}],"author":[{"embeddable":true,"href":"https:\/\/impact.be\/pl\/wp-json\/wp\/v2\/users\/1"}],"replies":[{"embeddable":true,"href":"https:\/\/impact.be\/pl\/wp-json\/wp\/v2\/comments?post=9416"}],"version-history":[{"count":8,"href":"https:\/\/impact.be\/pl\/wp-json\/wp\/v2\/pages\/9416\/revisions"}],"predecessor-version":[{"id":13234,"href":"https:\/\/impact.be\/pl\/wp-json\/wp\/v2\/pages\/9416\/revisions\/13234"}],"up":[{"embeddable":true,"href":"https:\/\/impact.be\/pl\/wp-json\/wp\/v2\/pages\/5189"}],"wp:attachment":[{"href":"https:\/\/impact.be\/pl\/wp-json\/wp\/v2\/media?parent=9416"}],"curies":[{"name":"wp","href":"https:\/\/api.w.org\/{rel}","templated":true}]}}