{"id":13594,"date":"2026-03-30T16:00:40","date_gmt":"2026-03-30T14:00:40","guid":{"rendered":"https:\/\/impact.be\/?page_id=13594"},"modified":"2026-03-30T16:45:45","modified_gmt":"2026-03-30T14:45:45","slug":"dolacz-do-impact","status":"publish","type":"page","link":"https:\/\/impact.be\/pl\/dolacz-do-impact\/","title":{"rendered":"Dzi\u0119kujemy za aplikacj\u0119 do IMPACT"},"content":{"rendered":"<div class=\"wpb-content-wrapper\"><p>[vc_row full_width=&#8221;stretch_row&#8221; content_placement=&#8221;middle&#8221; bg_custom_divider=&#8221;diagonal-50&#8243; bg_custom_style=&#8221;color&#8221; bg_custom_color=&#8221;dark-gray&#8221; bg_color=&#8221;bg_green&#8221; css=&#8221;.vc_custom_1774881941579{background-color: bg_green !important;}&#8221;][vc_column width=&#8221;6\/12&#8243;]\n        <div class=\"sd-block-title \">\n            <h3 class=\"sd-block-title-htag  marginbottom-30px align-left color-white\n            \">\n\t\t\t\t\n            \tDzi\u0119kujemy za zainteresowanie do\u0142\u0105czeniem do IMPACT !\n\t\t\t<\/h3>\n        <\/div>\n        <div class=\"sd-block-text  marginbottom-30px color-white list-check\n        \">\n        \t\n            <p>Przeanalizujemy Twoj\u0105 aplikacj\u0119 i wkr\u00f3tce si\u0119 z Tob\u0105 skontaktujemy.<\/p>\n\n        <\/div>[\/vc_column][vc_column width=&#8221;4\/12&#8243;]\n        <div class=\"sd-block-image image-count-1  align-Left marginbottom-30px\n        \"><img decoding=\"async\" title=\"\" alt=\"\" src=\"https:\/\/impact.be\/wp-content\/uploads\/2026\/03\/IMPACT-sollicitatie_559960706-3.png\">\n        <\/div>[\/vc_column][vc_column width=&#8221;2\/12&#8243;][\/vc_column][\/vc_row][vc_row full_width=&#8221;stretch_row&#8221; css=&#8221;.vc_custom_1761664702272{padding-bottom: 0px !important;}&#8221;][vc_column width=&#8221;1\/12&#8243; offset=&#8221;vc_hidden-sm vc_hidden-xs&#8221;][\/vc_column][vc_column offset=&#8221;vc_col-lg-10 vc_col-md-10&#8243;]\n        <div class=\"sd-block-title \">\n            <h2 class=\"sd-block-title-htag  marginbottom-60px align-center color-dark_gray font-large has-bracket\n            \">\n\t\t\t\t<span class=\"bracket-icon bracket-green\"><svg viewBox=\"0 0 165.66 193.66\" width=\"15px\" height=\"15px\" preserveAspectRatio=\"none\" xmlns=\"http:\/\/www.w3.org\/2000\/svg\"><polygon fill=\"currentColor\" points=\"46.75 168.35 125.45 25.31 151.73 25.31 165.66 0 106.55 0 0 193.66 59.11 193.66 73.04 168.35 46.75 168.35\" \/><\/svg><\/span>\n            \tPi\u0119\u0107 krok\u00f3w do Twojej nowej pracy\n\t\t\t<\/h2>\n        <\/div>\n         <div class=\"sd-method-slider slider-not-active marginbottom-30px\">            \n            <div class=\"background-line\"><\/div>\n            <div class=\"slider-inner-row\" data-itemsInView=\"5\" data-slideAmmount=\"5\">\n                            <div id=\"slide0\" class=\"slide\" data-slide=\"0\">\n                                <div class=\"slide-content\">\n                                \t<div class=\"slide-count\">1<\/div>\n                                \t<div class=\"content-container\">\n\t\t\t\t\t\t\t\t\t\t\n        <div class=\"sd-block-title \">\n            <h3 class=\"sd-block-title-htag  marginbottom-30px align-left color-blue font-mini\n            \">\n\t\t\t\t\n            \tZastosowanie\n\t\t\t<\/h3>\n        <\/div>\n\t\t\t\t\t\t\t\t\t\t\n        <div class=\"sd-block-text  marginbottom-0px\n        \">\n        \t\n            <p>Aplikujesz na konkretne stanowisko lub spontanicznie korzystasz z okazji. Mo\u017cesz aplikowa\u0107 szybko i bez CV. <\/p>\n\n        <\/div>\n\t\t\t\t\t\t\t\t\t<\/div>\t\t\t\t\t\t\t\t\t\n                                    <div class=\"img-container\"><?xml version=\"1.0\" encoding=\"UTF-8\"?>\n<svg xmlns=\"http:\/\/www.w3.org\/2000\/svg\" viewBox=\"0 0 12.5 12.5\" xml:space=\"preserve\" width=\"15px\" height=\"15px\">\n  <path d=\"M6.4,0H4.9v3.3h1.5V0z M11,2.5L8.7,4.9L8.2,4.4H8.2L7.7,3.8l2.3-2.3L10.4,2L11,2.5z M12.5,6.2H9.2v1.5h3.3V6.2z M6.6,5.8 l-2.1,6.3L3,10.5l-2,2L0.5,12L0,11.5l2-2L0.5,7.9L6.6,5.8z\" fill=\"currentColor\"><\/path>\n<\/svg>\n<\/div>\n                                <\/div>\n                            <\/div>\n                        \n                            <div id=\"slide1\" class=\"slide\" data-slide=\"1\">\n                                <div class=\"slide-content\">\n                                \t<div class=\"slide-count\">2<\/div>\n                                \t<div class=\"content-container\">\n\t\t\t\t\t\t\t\t\t\t\n        <div class=\"sd-block-title \">\n            <h3 class=\"sd-block-title-htag  marginbottom-30px align-left color-blue font-mini\n            \">\n\t\t\t\t\n            \tDopasowanie\n\t\t\t<\/h3>\n        <\/div>\n\t\t\t\t\t\t\t\t\t\t\n        <div class=\"sd-block-text  marginbottom-0px\n        \">\n        \t\n            <p>Rozpoczniemy prac\u0119 nad Twoj\u0105 aplikacj\u0105 i sprawdzimy, czy Twoja motywacja i do\u015bwiadczenie odpowiadaj\u0105 wymaganiom stanowiska.<\/p>\n\n        <\/div>\n\t\t\t\t\t\t\t\t\t<\/div>\t\t\t\t\t\t\t\t\t\n                                    <div class=\"img-container\"><?xml version=\"1.0\" encoding=\"UTF-8\"?>\n<svg xmlns=\"http:\/\/www.w3.org\/2000\/svg\" viewBox=\"0 0 14.3 14.4\" xml:space=\"preserve\" width=\"15px\" height=\"15px\">\n  <path d=\"M11.4,5.9v-3h-3c0-0.1,0-0.1,0-0.2C8.4,1.2,7.2,0,5.7,0C4.2,0,2.9,1.2,2.9,2.7c0,0.1,0,0.1,0,0.2H0v11.4h4.3 c0.3,0,0.7-0.2,0.8-0.5c0.1-0.3,0.1-0.7-0.1-1c-0.1-0.1-0.2-0.3-0.2-0.5c0-0.5,0.4-0.9,0.9-0.9s0.9,0.4,0.9,0.9 c0,0.2-0.1,0.4-0.2,0.5c-0.2,0.3-0.3,0.7-0.1,1c0.1,0.3,0.5,0.5,0.8,0.5h4.3v-3c1.6,0.1,2.9-1.2,2.9-2.7C14.4,7,13,5.8,11.4,5.9z M11.6,9.6c-0.2,0-0.4-0.1-0.5-0.2c-0.3-0.2-0.7-0.3-1-0.1C9.8,9.4,9.6,9.7,9.6,10v2.5H8.4c0-0.1,0-0.1,0-0.2c0-1.5-1.2-2.7-2.7-2.7 c-1.5,0-2.7,1.2-2.7,2.7c0,0.1,0,0.1,0,0.2H1.8V4.8h2.5c0.3,0,0.7-0.2,0.8-0.5c0.1-0.3,0.1-0.7-0.1-1C4.9,3.1,4.8,2.9,4.8,2.7 c0-0.5,0.4-0.9,0.9-0.9s0.9,0.4,0.9,0.9c0,0.2-0.1,0.4-0.2,0.5C6.2,3.6,6.2,4,6.3,4.2c0.1,0.3,0.5,0.5,0.8,0.5h2.5v2.5 c0,0.3,0.2,0.7,0.5,0.8c0.3,0.1,0.7,0.1,1-0.1c0.1-0.1,0.3-0.2,0.5-0.2c0.5,0,0.9,0.4,0.9,0.9C12.5,9.2,12.1,9.6,11.6,9.6z\" fill=\"currentColor\"><\/path>\n<\/svg>\n<\/div>\n                                <\/div>\n                            <\/div>\n                        \n                            <div id=\"slide2\" class=\"slide\" data-slide=\"2\">\n                                <div class=\"slide-content\">\n                                \t<div class=\"slide-count\">3<\/div>\n                                \t<div class=\"content-container\">\n\t\t\t\t\t\t\t\t\t\t\n        <div class=\"sd-block-title \">\n            <h3 class=\"sd-block-title-htag  marginbottom-30px align-left color-blue font-mini\n            \">\n\t\t\t\t\n            \tRozmowa z IMPACT\n\t\t\t<\/h3>\n        <\/div>\n\t\t\t\t\t\t\t\t\t\t\n        <div class=\"sd-block-text  marginbottom-0px\n        \">\n        \t\n            <p>Rozumiemy, \u017ce CV nie m\u00f3wi wszystkiego: poznajemy Ci\u0119 i sprawdzamy, w czym jeste\u015b mocny.<\/p>\n\n        <\/div>\n\t\t\t\t\t\t\t\t\t<\/div>\t\t\t\t\t\t\t\t\t\n                                    <div class=\"img-container\"><?xml version=\"1.0\" encoding=\"UTF-8\"?>\n<svg xmlns=\"http:\/\/www.w3.org\/2000\/svg\" viewBox=\"0 0 11.2 11.2\" xml:space=\"preserve\" width=\"15px\" height=\"15px\">\n  <path d=\"M11.2,7v3.3v0.8C5.1,11.2,0,6.2,0,0h0.8h3.3l0.7,3.3L3.1,5C3.9,6.2,5,7.3,6.2,8.1l1.6-1.8L11.2,7z\" fill=\"currentColor\"><\/path>\n<\/svg>\n<\/div>\n                                <\/div>\n                            <\/div>\n                        \n                            <div id=\"slide3\" class=\"slide\" data-slide=\"3\">\n                                <div class=\"slide-content\">\n                                \t<div class=\"slide-count\">4<\/div>\n                                \t<div class=\"content-container\">\n\t\t\t\t\t\t\t\t\t\t\n        <div class=\"sd-block-title \">\n            <h3 class=\"sd-block-title-htag  marginbottom-30px align-left color-blue font-mini\n            \">\n\t\t\t\t\n            \tDecyzja\n\t\t\t<\/h3>\n        <\/div>\n\t\t\t\t\t\t\t\t\t\t\n        <div class=\"sd-block-text  marginbottom-0px\n        \">\n        \t\n            <p>Po rozmowie szybko podejmujemy decyzj\u0119. Je\u015bli jest dopasowanie, przechodzimy do kolejnych krok\u00f3w razem.<\/p>\n\n        <\/div>\n\t\t\t\t\t\t\t\t\t<\/div>\t\t\t\t\t\t\t\t\t\n                                    <div class=\"img-container\"><?xml version=\"1.0\" encoding=\"UTF-8\"?>\n<svg xmlns=\"http:\/\/www.w3.org\/2000\/svg\" viewBox=\"0 0 14.5 12.9\" xml:space=\"preserve\" width=\"15px\" height=\"15px\">\n  <path d=\"M0,0v10.8h2l2.3-2.2h1.5C5.9,8,6,7.5,6.2,7.1H3.6L1.5,9.2V1.5h8.6v2.9c0.1,0,0.3,0,0.4,0c0.4,0,0.8,0.1,1.1,0.1V0H0z M8.2,3.4H3.4v1.5h4.8V3.4z M13.8,8.5c-0.2-1.3-1.1-2.3-2.2-2.7c-0.2-0.1-0.4-0.1-0.6-0.2V4.9h-1v0.7C9.1,5.7,8.2,6.2,7.7,7 C7.5,7.5,7.2,7.9,7.2,8.5H6.5v1h0.7c0.2,1.4,1.4,2.6,2.8,2.8v0.7h1v-0.6c1.4-0.2,2.6-1.4,2.8-2.8h0.7V8.5H13.8z M12.7,9.5 c-0.2,0.8-0.9,1.5-1.7,1.7v-0.8h-1v0.8c-0.8-0.2-1.5-0.8-1.7-1.7H9V8.5H8.2c0.1-0.6,0.5-1.1,1-1.4c0.2-0.1,0.4-0.2,0.7-0.3v0.8h1 V6.8c0.2,0.1,0.4,0.1,0.6,0.2c0.6,0.3,0.9,0.8,1.1,1.5h-0.8v1H12.7z\" fill=\"currentColor\"><\/path>\n<\/svg>\n<\/div>\n                                <\/div>\n                            <\/div>\n                        \n                            <div id=\"slide4\" class=\"slide\" data-slide=\"4\">\n                                <div class=\"slide-content\">\n                                \t<div class=\"slide-count\">5<\/div>\n                                \t<div class=\"content-container\">\n\t\t\t\t\t\t\t\t\t\t\n        <div class=\"sd-block-title \">\n            <h3 class=\"sd-block-title-htag  marginbottom-30px align-left color-blue font-mini\n            \">\n\t\t\t\t\n            \tPodpisanie umowy\n\t\t\t<\/h3>\n        <\/div>\n\t\t\t\t\t\t\t\t\t\t\n        <div class=\"sd-block-text  marginbottom-0px\n        \">\n        \t\n            <p>Twoja przygoda zaczyna si\u0119 teraz, gratulacje! IMPACT dba o to, aby wszystko przebiega\u0142o sprawnie, od rozpocz\u0119cia dzia\u0142alno\u015bci po wyp\u0142at\u0119 wynagrodzenia. <\/p>\n\n        <\/div>\n\t\t\t\t\t\t\t\t\t<\/div>\t\t\t\t\t\t\t\t\t\n                                    <div class=\"img-container\"><?xml version=\"1.0\" encoding=\"UTF-8\"?>\n<svg xmlns=\"http:\/\/www.w3.org\/2000\/svg\" viewBox=\"0 0 14.3 12.5\" xml:space=\"preserve\" width=\"15px\" height=\"15px\">\n  <path d=\"M0,0v11.4h2.1L4.5,9h1.6c0.1-0.6,0.2-1.1,0.4-1.6H3.8L1.6,9.7V1.6h9v3c0.1,0,0.3,0,0.4,0c0.4,0,0.8,0.1,1.2,0.1V0.1L0,0L0,0 z M8.6,3.6h-5v1.6h5V3.6z M12.9,7.6V5.9h-4v1.7H7.6v4.9h6.7V7.6H12.9z M10.1,7.1h1.7v0.5h-1.7V7.1z M13.1,11.4H8.7V8.8h4.4V11.4z\" fill=\"currentColor\"><\/path>\n<\/svg>\n<\/div>\n                                <\/div>\n                            <\/div>\n                        <\/div>\n        <\/div>[\/vc_column][vc_column width=&#8221;1\/12&#8243; offset=&#8221;vc_hidden-sm vc_hidden-xs&#8221;][\/vc_column][\/vc_row][vc_row full_width=&#8221;stretch_row_content_no_spaces&#8221; el_class=&#8221;end-scroll-container&#8221;][vc_column]\n            <div class=\"sd-apply-block collage\">\n                <div class=\"image image-1\">\n                    <img decoding=\"async\" src=\"https:\/\/impact.be\/wp-content\/uploads\/2025\/10\/1.jpg\">\n                <\/div>\n                <sd-sdcx-vacancies-apply-open :publication-i-d=\"1\"><\/sd-sdcx-vacancies-apply-open>\n                <div class=\"image image-2\">\n                    <img decoding=\"async\" src=\"https:\/\/impact.be\/wp-content\/uploads\/2025\/10\/2.jpg\">\n                    <div class=\"specs\">\n                        <div class=\"spec\"><?xml version=\"1.0\" encoding=\"UTF-8\"?>\n<svg xmlns=\"http:\/\/www.w3.org\/2000\/svg\" viewBox=\"0 0 10 11.2\" xml:space=\"preserve\" width=\"15px\" height=\"15px\">\n  <path d=\"M5.6,3.5c-0.5,0-0.9,0.4-0.9,0.9c0,0.5,0.4,0.9,0.9,0.9c0.5,0,0.9-0.4,0.9-0.9C6.5,3.9,6.1,3.5,5.6,3.5z\" fill=\"currentColor\"><\/path>\n  <path d=\"M5.6,0C3.3,0,1.4,1.8,1.3,4.2L0.1,5.7c-0.2,0.2,0,0.5,0.2,0.5h0.9v1.9c0,0.7,0.6,1.2,1.3,1.2h0.6v1.9h4.4V8.3 C9,7.6,10,6.1,10,4.4C10,2,8,0,5.6,0z M7.5,4.4c0,0.1,0,0.2,0,0.2L8,5c0,0,0.1,0.1,0,0.2L7.5,6.1c0,0.1-0.1,0.1-0.2,0.1L6.8,5.9 C6.6,6,6.5,6,6.4,6.1L6.3,6.8c0,0.1-0.1,0.1-0.1,0.1h-1C5.1,6.9,5,6.8,5,6.8L4.9,6.1C4.8,6,4.6,6,4.5,5.9L3.9,6.1 c-0.1,0-0.1,0-0.2-0.1L3.2,5.2c0,0,0-0.1,0-0.2l0.5-0.4c0-0.1,0-0.2,0-0.2c0-0.1,0-0.2,0-0.2L3.2,3.7c0,0-0.1-0.1,0-0.2l0.5-0.9 c0-0.1,0.1-0.1,0.1-0.1l0.6,0.3c0.1-0.1,0.3-0.2,0.4-0.2L5,2c0-0.1,0.1-0.1,0.1-0.1h1c0.1,0,0.1,0,0.1,0.1l0.1,0.7 c0.1,0.1,0.3,0.1,0.4,0.2l0.6-0.3c0.1,0,0.1,0,0.2,0.1L8,3.6c0,0.1,0,0.1,0,0.2L7.5,4.1C7.5,4.2,7.5,4.3,7.5,4.4z\" fill=\"currentColor\"><\/path>\n<\/svg>\n Lata do\u015bwiadczenia<\/div>    \n                        <div class=\"spec\"><?xml version=\"1.0\" encoding=\"UTF-8\"?>\n<svg xmlns=\"http:\/\/www.w3.org\/2000\/svg\" viewBox=\"0 0 15 15\" width=\"15px\" height=\"15px\">\n  <path d=\"M5.4,2.3c0,1.3-1,2.3-2.3,2.3c-1.2,0-2.3-1-2.3-2.3C1,1,1.9,0,3.1,0S5.4,1,5.4,2.3z M5.5,5.9C4.7,6.4,4.1,7.2,3.8,8.3H0V7.6 c0-1.3,1-2.3,2.2-2.3H4C4.7,5.3,5,5.5,5.5,5.9z M14,2.3c0,1.3-1,2.3-2.3,2.3S9.6,3.5,9.6,2.3C9.6,1,10.7,0,11.9,0S14,1,14,2.3z M15,7.6v0.7h-3.7c-0.2-1-0.8-1.9-1.7-2.4c0.4-0.4,0.8-0.5,1.3-0.5h1.8C14,5.3,15,6.4,15,7.6z M9.7,9c0,1.3-1,2.3-2.3,2.3 c-1.2,0-2.2-1.1-2.2-2.3c0-0.2,0.1-0.5,0.1-0.7c0.1-0.5,0.5-0.8,0.8-1.1s0.8-0.4,1.2-0.4c0.5,0,1,0.1,1.2,0.4c0.6,0.2,0.8,0.6,1,1.1 C9.7,8.5,9.7,8.8,9.7,9z M10.7,14.3V15H4.3v-0.7c0-1,0.5-1.7,1.2-2c0.4-0.1,0.7-0.2,1-0.2h1.9c0.4,0,0.7,0.1,1,0.2 C10.2,12.7,10.7,13.4,10.7,14.3z\" fill=\"currentColor\"><\/path>\n<\/svg>\n Rozbudowana sie\u0107<\/div>    \n                        <div class=\"spec\"><?xml version=\"1.0\" encoding=\"UTF-8\"?>\n<svg xmlns=\"http:\/\/www.w3.org\/2000\/svg\" viewBox=\"0 0 14.3 12.5\" xml:space=\"preserve\" width=\"15px\" height=\"15px\">\n  <path d=\"M0,0v11.4h2.1L4.5,9h1.6c0.1-0.6,0.2-1.1,0.4-1.6H3.8L1.6,9.7V1.6h9v3c0.1,0,0.3,0,0.4,0c0.4,0,0.8,0.1,1.2,0.1V0.1L0,0L0,0 z M8.6,3.6h-5v1.6h5V3.6z M12.9,7.6V5.9h-4v1.7H7.6v4.9h6.7V7.6H12.9z M10.1,7.1h1.7v0.5h-1.7V7.1z M13.1,11.4H8.7V8.8h4.4V11.4z\" fill=\"currentColor\"><\/path>\n<\/svg>\n Prosty proces aplikacji<\/div>    \n                    <\/div>\n                <\/div>\n                <div class=\"image image-3\">\n                    [vc_widget_sidebar sidebar_id=\"google-reviews\"]\n                    <img decoding=\"async\" src=\"https:\/\/impact.be\/wp-content\/uploads\/2025\/10\/3.jpg\">\n                <\/div>\n                <div class=\"image image-4\">\n                    <img decoding=\"async\" src=\"https:\/\/impact.be\/wp-content\/uploads\/2025\/10\/4.jpg\">\n                <\/div>\n                <div class=\"image image-5\">\n                    <img decoding=\"async\" src=\"https:\/\/impact.be\/wp-content\/uploads\/2025\/10\/5.jpg\">\n                <\/div>\n            <\/div>[\/vc_column][\/vc_row]<\/p>\n<\/div>","protected":false},"excerpt":{"rendered":"<p>[vc_row full_width=&#8221;stretch_row&#8221; content_placement=&#8221;middle&#8221; bg_custom_divider=&#8221;diagonal-50&#8243; bg_custom_style=&#8221;color&#8221; bg_custom_color=&#8221;dark-gray&#8221; bg_color=&#8221;bg_green&#8221; css=&#8221;.vc_custom_1774881941579{background-color: bg_green !important;}&#8221;][vc_column width=&#8221;6\/12&#8243;][\/vc_column][vc_column width=&#8221;4\/12&#8243;][\/vc_column][vc_column width=&#8221;2\/12&#8243;][\/vc_column][\/vc_row][vc_row full_width=&#8221;stretch_row&#8221; css=&#8221;.vc_custom_1761664702272{padding-bottom: 0px !important;}&#8221;][vc_column width=&#8221;1\/12&#8243; offset=&#8221;vc_hidden-sm vc_hidden-xs&#8221;][\/vc_column][vc_column offset=&#8221;vc_col-lg-10 vc_col-md-10&#8243;][\/vc_column][vc_column width=&#8221;1\/12&#8243; offset=&#8221;vc_hidden-sm vc_hidden-xs&#8221;][\/vc_column][\/vc_row][vc_row full_width=&#8221;stretch_row_content_no_spaces&#8221; el_class=&#8221;end-scroll-container&#8221;][vc_column][\/vc_column][\/vc_row]<\/p>\n","protected":false},"author":2,"featured_media":0,"parent":0,"menu_order":0,"comment_status":"closed","ping_status":"closed","template":"","meta":{"_acf_changed":false,"footnotes":""},"class_list":["post-13594","page","type-page","status-publish","hentry"],"acf":[],"yoast_head":"<!-- This site is optimized with the Yoast SEO plugin v26.8 - https:\/\/yoast.com\/product\/yoast-seo-wordpress\/ -->\n<title>Dzi\u0119kujemy za aplikacj\u0119 do IMPACT | IMPACT<\/title>\n<meta name=\"robots\" content=\"index, follow, max-snippet:-1, max-image-preview:large, max-video-preview:-1\" \/>\n<link rel=\"canonical\" href=\"https:\/\/impact.be\/pl\/dolacz-do-impact\/\" \/>\n<meta property=\"og:locale\" content=\"pl_PL\" \/>\n<meta property=\"og:type\" content=\"article\" \/>\n<meta property=\"og:title\" content=\"Dzi\u0119kujemy za aplikacj\u0119 do IMPACT | IMPACT\" \/>\n<meta property=\"og:description\" content=\"[vc_row full_width=&#8221;stretch_row&#8221; content_placement=&#8221;middle&#8221; bg_custom_divider=&#8221;diagonal-50&#8243; bg_custom_style=&#8221;color&#8221; bg_custom_color=&#8221;dark-gray&#8221; bg_color=&#8221;bg_green&#8221; css=&#8221;.vc_custom_1774881941579{background-color: bg_green !important;}&#8221;][vc_column width=&#8221;6\/12&#8243;][\/vc_column][vc_column width=&#8221;4\/12&#8243;][\/vc_column][vc_column width=&#8221;2\/12&#8243;][\/vc_column][\/vc_row][vc_row full_width=&#8221;stretch_row&#8221; css=&#8221;.vc_custom_1761664702272{padding-bottom: 0px !important;}&#8221;][vc_column width=&#8221;1\/12&#8243; offset=&#8221;vc_hidden-sm vc_hidden-xs&#8221;][\/vc_column][vc_column offset=&#8221;vc_col-lg-10 vc_col-md-10&#8243;][\/vc_column][vc_column width=&#8221;1\/12&#8243; offset=&#8221;vc_hidden-sm vc_hidden-xs&#8221;][\/vc_column][\/vc_row][vc_row full_width=&#8221;stretch_row_content_no_spaces&#8221; el_class=&#8221;end-scroll-container&#8221;][vc_column][\/vc_column][\/vc_row]\" \/>\n<meta property=\"og:url\" content=\"https:\/\/impact.be\/pl\/dolacz-do-impact\/\" \/>\n<meta property=\"og:site_name\" content=\"IMPACT\" \/>\n<meta property=\"article:publisher\" content=\"https:\/\/www.facebook.com\/jobs.impact\" \/>\n<meta property=\"article:modified_time\" content=\"2026-03-30T14:45:45+00:00\" \/>\n<meta property=\"og:image\" content=\"https:\/\/impact.be\/wp-content\/uploads\/2025\/11\/Social-share.jpg\" \/>\n\t<meta property=\"og:image:width\" content=\"1200\" \/>\n\t<meta property=\"og:image:height\" content=\"675\" \/>\n\t<meta property=\"og:image:type\" content=\"image\/jpeg\" \/>\n<meta name=\"twitter:card\" content=\"summary_large_image\" \/>\n<meta name=\"twitter:label1\" content=\"Szacowany czas czytania\" \/>\n\t<meta name=\"twitter:data1\" content=\"1 minuta\" \/>\n<script type=\"application\/ld+json\" class=\"yoast-schema-graph\">{\"@context\":\"https:\/\/schema.org\",\"@graph\":[{\"@type\":\"WebPage\",\"@id\":\"https:\/\/impact.be\/pl\/dolacz-do-impact\/\",\"url\":\"https:\/\/impact.be\/pl\/dolacz-do-impact\/\",\"name\":\"Dzi\u0119kujemy za aplikacj\u0119 do IMPACT | IMPACT\",\"isPartOf\":{\"@id\":\"https:\/\/impact.be\/pl\/#website\"},\"datePublished\":\"2026-03-30T14:00:40+00:00\",\"dateModified\":\"2026-03-30T14:45:45+00:00\",\"breadcrumb\":{\"@id\":\"https:\/\/impact.be\/pl\/dolacz-do-impact\/#breadcrumb\"},\"inLanguage\":\"pl-PL\",\"potentialAction\":[{\"@type\":\"ReadAction\",\"target\":[\"https:\/\/impact.be\/pl\/dolacz-do-impact\/\"]}]},{\"@type\":\"BreadcrumbList\",\"@id\":\"https:\/\/impact.be\/pl\/dolacz-do-impact\/#breadcrumb\",\"itemListElement\":[{\"@type\":\"ListItem\",\"position\":1,\"name\":\"Home\",\"item\":\"https:\/\/impact.be\/pl\/\"},{\"@type\":\"ListItem\",\"position\":2,\"name\":\"Dzi\u0119kujemy za aplikacj\u0119 do IMPACT\"}]},{\"@type\":\"WebSite\",\"@id\":\"https:\/\/impact.be\/pl\/#website\",\"url\":\"https:\/\/impact.be\/pl\/\",\"name\":\"IMPACT\",\"description\":\"Impact website\",\"inLanguage\":\"pl-PL\"}]}<\/script>\n<!-- \/ Yoast SEO plugin. -->","yoast_head_json":{"title":"Dzi\u0119kujemy za aplikacj\u0119 do IMPACT | IMPACT","robots":{"index":"index","follow":"follow","max-snippet":"max-snippet:-1","max-image-preview":"max-image-preview:large","max-video-preview":"max-video-preview:-1"},"canonical":"https:\/\/impact.be\/pl\/dolacz-do-impact\/","og_locale":"pl_PL","og_type":"article","og_title":"Dzi\u0119kujemy za aplikacj\u0119 do IMPACT | IMPACT","og_description":"[vc_row full_width=&#8221;stretch_row&#8221; content_placement=&#8221;middle&#8221; bg_custom_divider=&#8221;diagonal-50&#8243; bg_custom_style=&#8221;color&#8221; bg_custom_color=&#8221;dark-gray&#8221; bg_color=&#8221;bg_green&#8221; css=&#8221;.vc_custom_1774881941579{background-color: bg_green !important;}&#8221;][vc_column width=&#8221;6\/12&#8243;][\/vc_column][vc_column width=&#8221;4\/12&#8243;][\/vc_column][vc_column width=&#8221;2\/12&#8243;][\/vc_column][\/vc_row][vc_row full_width=&#8221;stretch_row&#8221; css=&#8221;.vc_custom_1761664702272{padding-bottom: 0px !important;}&#8221;][vc_column width=&#8221;1\/12&#8243; offset=&#8221;vc_hidden-sm vc_hidden-xs&#8221;][\/vc_column][vc_column offset=&#8221;vc_col-lg-10 vc_col-md-10&#8243;][\/vc_column][vc_column width=&#8221;1\/12&#8243; offset=&#8221;vc_hidden-sm vc_hidden-xs&#8221;][\/vc_column][\/vc_row][vc_row full_width=&#8221;stretch_row_content_no_spaces&#8221; el_class=&#8221;end-scroll-container&#8221;][vc_column][\/vc_column][\/vc_row]","og_url":"https:\/\/impact.be\/pl\/dolacz-do-impact\/","og_site_name":"IMPACT","article_publisher":"https:\/\/www.facebook.com\/jobs.impact","article_modified_time":"2026-03-30T14:45:45+00:00","og_image":[{"width":1200,"height":675,"url":"https:\/\/impact.be\/wp-content\/uploads\/2025\/11\/Social-share.jpg","type":"image\/jpeg"}],"twitter_card":"summary_large_image","twitter_misc":{"Szacowany czas czytania":"1 minuta"},"schema":{"@context":"https:\/\/schema.org","@graph":[{"@type":"WebPage","@id":"https:\/\/impact.be\/pl\/dolacz-do-impact\/","url":"https:\/\/impact.be\/pl\/dolacz-do-impact\/","name":"Dzi\u0119kujemy za aplikacj\u0119 do IMPACT | IMPACT","isPartOf":{"@id":"https:\/\/impact.be\/pl\/#website"},"datePublished":"2026-03-30T14:00:40+00:00","dateModified":"2026-03-30T14:45:45+00:00","breadcrumb":{"@id":"https:\/\/impact.be\/pl\/dolacz-do-impact\/#breadcrumb"},"inLanguage":"pl-PL","potentialAction":[{"@type":"ReadAction","target":["https:\/\/impact.be\/pl\/dolacz-do-impact\/"]}]},{"@type":"BreadcrumbList","@id":"https:\/\/impact.be\/pl\/dolacz-do-impact\/#breadcrumb","itemListElement":[{"@type":"ListItem","position":1,"name":"Home","item":"https:\/\/impact.be\/pl\/"},{"@type":"ListItem","position":2,"name":"Dzi\u0119kujemy za aplikacj\u0119 do IMPACT"}]},{"@type":"WebSite","@id":"https:\/\/impact.be\/pl\/#website","url":"https:\/\/impact.be\/pl\/","name":"IMPACT","description":"Impact website","inLanguage":"pl-PL"}]}},"_links":{"self":[{"href":"https:\/\/impact.be\/pl\/wp-json\/wp\/v2\/pages\/13594","targetHints":{"allow":["GET"]}}],"collection":[{"href":"https:\/\/impact.be\/pl\/wp-json\/wp\/v2\/pages"}],"about":[{"href":"https:\/\/impact.be\/pl\/wp-json\/wp\/v2\/types\/page"}],"author":[{"embeddable":true,"href":"https:\/\/impact.be\/pl\/wp-json\/wp\/v2\/users\/2"}],"replies":[{"embeddable":true,"href":"https:\/\/impact.be\/pl\/wp-json\/wp\/v2\/comments?post=13594"}],"version-history":[{"count":4,"href":"https:\/\/impact.be\/pl\/wp-json\/wp\/v2\/pages\/13594\/revisions"}],"predecessor-version":[{"id":13622,"href":"https:\/\/impact.be\/pl\/wp-json\/wp\/v2\/pages\/13594\/revisions\/13622"}],"wp:attachment":[{"href":"https:\/\/impact.be\/pl\/wp-json\/wp\/v2\/media?parent=13594"}],"curies":[{"name":"wp","href":"https:\/\/api.w.org\/{rel}","templated":true}]}}