{"id":8010,"date":"2025-09-24T11:48:42","date_gmt":"2025-09-24T09:48:42","guid":{"rendered":"https:\/\/impact.be\/candidats\/faq\/vacances-et-bien-etre\/"},"modified":"2025-11-05T16:39:31","modified_gmt":"2025-11-05T15:39:31","slug":"vacances-et-bien-etre","status":"publish","type":"page","link":"https:\/\/impact.be\/fr\/candidats\/faq\/vacances-et-bien-etre\/","title":{"rendered":"Vacances et bien-\u00eatre"},"content":{"rendered":"<div class=\"wpb-content-wrapper\"><p>[vc_row full_width=\u00a0\u00bbstretch_row\u00a0\u00bb content_placement=\u00a0\u00bbbottom\u00a0\u00bb row_height=\u00a0\u00bbrow_400px\u00a0\u00bb bg_color=\u00a0\u00bbbg_green\u00a0\u00bb css=\u00a0\u00bb.vc_custom_1758785714205{background-color: bg_green !important;}\u00a0\u00bb][vc_column]\n        <div class=\"sd-block-breadcrumb  align-left color-white marginbottom-30px\n        \">\n            <ul id=\"breadcrumbs\" class=\"breadcrumbs\"><\/ul>\n        <\/div>\n        <div class=\"sd-block-title \">\n            <h1 class=\"sd-block-title-htag  marginbottom-0px align-left color-white\n            \">\n\t\t\t\t\n            \tVacances et bien-\u00eatre\n\t\t\t<\/h1>\n        <\/div>[\/vc_column][\/vc_row][vc_row full_width=\u00a0\u00bbstretch_row\u00a0\u00bb bg_color=\u00a0\u00bbbg_gray\u00a0\u00bb][vc_column]\n            <div class=\"sd-tabs vertical\">\n                <div class=\"sd-tabs-title-container\">\n                    \n                            <div class=\"sd-tabs-title active title-0\">\n                                \n        <div class=\"sd-block-title \">\n            <h3 class=\"sd-block-title-htag  marginbottom-0px align-left color-mint font-middle\n            \">\n\t\t\t\t\n            \t\u00bbVacances\n\t\t\t<\/h3>\n        <\/div>\n                            <\/div>\n                        \n                            <div class=\"sd-tabs-title title-1\">\n                                \n        <div class=\"sd-block-title \">\n            <h3 class=\"sd-block-title-htag  marginbottom-0px align-left color-mint font-middle\n            \">\n\t\t\t\t\n            \t\u00bbBien-\u00eatre\n\t\t\t<\/h3>\n        <\/div>\n                            <\/div>\n                        \n                <\/div>\n                <div class=\"sd-tabs-content-container\">\n                            <div class=\"sd-tabs-content active content-0\">\n                                \n        <div class=\"sd-block-title \">\n            <h2 class=\"sd-block-title-htag  marginbottom-45px align-left color-white font-middle\n            \">\n\t\t\t\t\n            \tVacances\n\t\t\t<\/h2>\n        <\/div>\n        <div class=\"sd-block-faq  marginbottom-30px\">\n            <div class=\"faq-inner \">\n                <div class=\"faq-title\">\n                    \n        <div class=\"sd-block-title \">\n            <h3 class=\"sd-block-title-htag  marginbottom-0px align-left color-black font-mini\n            \">\n\t\t\t\t\n            \tAi-je droit \u00e0 des vacances pay\u00e9es ?\n\t\t\t<\/h3>\n        <\/div>\n                    <div class=\"icon-container\">\n                        <svg xmlns=\"http:\/\/www.w3.org\/2000\/svg\" viewBox=\"0 0 14 14\"><path fill=\"currentColor\" d=\"M6,8H0V6h6V0h2v6h6v2H8v6H6V8z\"\/><\/svg>\n                    <\/div>\n                <\/div>\n                <div class=\"faq-content\">\n                    \n        <div class=\"sd-block-text  marginbottom-0px color-white\n        \">\n        \t\n            <p>Oui ! Que tu travailles \u00e0 temps plein, \u00e0 temps partiel, par le biais d&rsquo;un emploi temporaire ou avec un contrat \u00e0 dur\u00e9e ind\u00e9termin\u00e9e : tout le monde a droit, sous certaines conditions, \u00e0 un certain nombre de cong\u00e9s l\u00e9gaux (pay\u00e9s) et \u00e0 d&rsquo;\u00e9ventuels jours de remplacement de ces cong\u00e9s.<\/p>\n\n        <\/div>\n                <\/div>\n            <\/div>\n        <\/div>\n        <div class=\"sd-block-faq  marginbottom-30px\">\n            <div class=\"faq-inner \">\n                <div class=\"faq-title\">\n                    \n        <div class=\"sd-block-title \">\n            <h3 class=\"sd-block-title-htag  marginbottom-0px align-left color-black font-mini\n            \">\n\t\t\t\t\n            \t\u00c0 combien de jours de vacances ai-je droit en tant que travailleur temporaire ?\n\t\t\t<\/h3>\n        <\/div>\n                    <div class=\"icon-container\">\n                        <svg xmlns=\"http:\/\/www.w3.org\/2000\/svg\" viewBox=\"0 0 14 14\"><path fill=\"currentColor\" d=\"M6,8H0V6h6V0h2v6h6v2H8v6H6V8z\"\/><\/svg>\n                    <\/div>\n                <\/div>\n                <div class=\"faq-content\">\n                    \n        <div class=\"sd-block-text  marginbottom-0px color-white\n        \">\n        \t\n            <p>En tant que travailleur temporaire, tu as droit \u00e0 des jours de vacances pay\u00e9s. Le nombre d\u00e9pend du nombre de jours que tu as travaill\u00e9s l&rsquo;ann\u00e9e pr\u00e9c\u00e9dente : plus il y a de jours travaill\u00e9s, plus il y a de jours de vacances l&rsquo;ann\u00e9e suivante !   <\/p>\n<p>Tu as travaill\u00e9 <strong>une ann\u00e9e enti\u00e8re dans un syst\u00e8me de 5 jours<\/strong>?<\/p>\n<ul class=\"checks\">\n<li>Tu as droit \u00e0 un minimum de 20 cong\u00e9s pay\u00e9s l&rsquo;ann\u00e9e suivante.<\/li>\n<\/ul>\n<p>Tu as travaill\u00e9 <strong>une ann\u00e9e enti\u00e8re dans un syst\u00e8me de 6 jours<\/strong>?<\/p>\n<ul class=\"checks\">\n<li>Tu as droit \u00e0 un minimum de 24 cong\u00e9s pay\u00e9s l&rsquo;ann\u00e9e suivante.<\/li>\n<\/ul>\n<p>Tu as \u00e9t\u00e9 <strong>au ch\u00f4mage pendant un certain temps <\/strong>ou tu as <strong>travaill\u00e9 \u00e0 mi-temps<\/strong>?<\/p>\n<ul class=\"checks\">\n<li>Tu as malheureusement moins de jours de cong\u00e9s pay\u00e9s. Concr\u00e8tement, le nombre est calcul\u00e9 en fonction &#8211; du nombre de jours travaill\u00e9s au cours de l&rsquo;ann\u00e9e \u00e9coul\u00e9e. IMPACT est heureux de t&rsquo;aider dans cette d\u00e9marche.    <\/li>\n<\/ul>\n\n        <\/div>\n                <\/div>\n            <\/div>\n        <\/div>\n        <div class=\"sd-block-faq  marginbottom-30px\">\n            <div class=\"faq-inner \">\n                <div class=\"faq-title\">\n                    \n        <div class=\"sd-block-title \">\n            <h3 class=\"sd-block-title-htag  marginbottom-0px align-left color-black font-mini\n            \">\n\t\t\t\t\n            \tComment demander un certificat de vacances en tant que travailleur temporaire ?\n\t\t\t<\/h3>\n        <\/div>\n                    <div class=\"icon-container\">\n                        <svg xmlns=\"http:\/\/www.w3.org\/2000\/svg\" viewBox=\"0 0 14 14\"><path fill=\"currentColor\" d=\"M6,8H0V6h6V0h2v6h6v2H8v6H6V8z\"\/><\/svg>\n                    <\/div>\n                <\/div>\n                <div class=\"faq-content\">\n                    \n        <div class=\"sd-block-text  marginbottom-0px color-white\n        \">\n        \t\n            <ul>\n<li><strong>Travailleur<\/strong>? Le <a href=\"https:\/\/www.rjv.fgov.be\/nl\/vakantiegeld\" target=\"_blank\" rel=\"noopener\">RJV<\/a> te fournit les certificats de vacances n\u00e9cessaires.   <\/li>\n<li><strong>Commis<\/strong>? Obtiens tes certificats aupr\u00e8s d&rsquo;IMPACT.   <\/li>\n<\/ul>\n\n        <\/div>\n                <\/div>\n            <\/div>\n        <\/div>\n        <div class=\"sd-block-faq  marginbottom-30px\">\n            <div class=\"faq-inner \">\n                <div class=\"faq-title\">\n                    \n        <div class=\"sd-block-title \">\n            <h3 class=\"sd-block-title-htag  marginbottom-0px align-left color-black font-mini\n            \">\n\t\t\t\t\n            \tPuis-je prendre un cong\u00e9 en tant qu&#039;employ\u00e9 temporaire ?\n\t\t\t<\/h3>\n        <\/div>\n                    <div class=\"icon-container\">\n                        <svg xmlns=\"http:\/\/www.w3.org\/2000\/svg\" viewBox=\"0 0 14 14\"><path fill=\"currentColor\" d=\"M6,8H0V6h6V0h2v6h6v2H8v6H6V8z\"\/><\/svg>\n                    <\/div>\n                <\/div>\n                <div class=\"faq-content\">\n                    \n        <div class=\"sd-block-text  marginbottom-0px color-white\n        \">\n        \t\n            <p>Si cela correspond \u00e0 l&#8217;emploi du temps de ton client, en tant que travailleur temporaire, tu peux demander un jour de vacances \u00e0 tout moment. Nous te recommandons toutefois d&rsquo;en discuter d&rsquo;abord d&rsquo;un commun accord.   <\/p>\n<p>Attention : tu b\u00e9n\u00e9ficies d&rsquo;allocations de ch\u00f4mage, de mutuelle ou autres ? Alors n&rsquo;oublie pas d&rsquo;informer l&rsquo;autorit\u00e9 comp\u00e9tente si tu veux prendre des vacances les jours non conventionn\u00e9s.<\/p>\n\n        <\/div>\n                <\/div>\n            <\/div>\n        <\/div>\n        <div class=\"sd-block-faq  marginbottom-30px\">\n            <div class=\"faq-inner \">\n                <div class=\"faq-title\">\n                    \n        <div class=\"sd-block-title \">\n            <h3 class=\"sd-block-title-htag  marginbottom-0px align-left color-black font-mini\n            \">\n\t\t\t\t\n            \tAi-je droit \u00e0 un cong\u00e9 de maternit\u00e9 en tant que travailleuse temporaire ?\n\t\t\t<\/h3>\n        <\/div>\n                    <div class=\"icon-container\">\n                        <svg xmlns=\"http:\/\/www.w3.org\/2000\/svg\" viewBox=\"0 0 14 14\"><path fill=\"currentColor\" d=\"M6,8H0V6h6V0h2v6h6v2H8v6H6V8z\"\/><\/svg>\n                    <\/div>\n                <\/div>\n                <div class=\"faq-content\">\n                    \n        <div class=\"sd-block-text  marginbottom-0px color-white\n        \">\n        \t\n            <p>En tant que m\u00e8re, tu as droit \u00e0 quinze semaines de cong\u00e9 de maternit\u00e9. Tu es tenue de prendre une semaine de cong\u00e9 avant la date pr\u00e9vue et neuf semaines de cong\u00e9 apr\u00e8s l&rsquo;accouchement. Tu choisis toi-m\u00eame les cinq semaines restantes. Pendant ton cong\u00e9 de maternit\u00e9, tu recevras des indemnit\u00e9s de maternit\u00e9 de la part de ta caisse d&rsquo;assurance maladie. Informe donc IMPACT et ta caisse d&rsquo;assurance maladie le plus t\u00f4t possible.<\/p>\n\n        <\/div>\n                <\/div>\n            <\/div>\n        <\/div>\n        <div class=\"sd-block-faq  marginbottom-30px\">\n            <div class=\"faq-inner \">\n                <div class=\"faq-title\">\n                    \n        <div class=\"sd-block-title \">\n            <h3 class=\"sd-block-title-htag  marginbottom-0px align-left color-black font-mini\n            \">\n\t\t\t\t\n            \tAi-je droit \u00e0 un cong\u00e9 de paternit\u00e9 en tant que travailleur temporaire ?\n\t\t\t<\/h3>\n        <\/div>\n                    <div class=\"icon-container\">\n                        <svg xmlns=\"http:\/\/www.w3.org\/2000\/svg\" viewBox=\"0 0 14 14\"><path fill=\"currentColor\" d=\"M6,8H0V6h6V0h2v6h6v2H8v6H6V8z\"\/><\/svg>\n                    <\/div>\n                <\/div>\n                <div class=\"faq-content\">\n                    \n        <div class=\"sd-block-text  marginbottom-0px color-white\n        \">\n        \t\n            <p>En tant que fier papa, tu as aussi droit \u00e0 quelques jours de cong\u00e9 ! La l\u00e9gislation belge actuelle pr\u00e9voit 15 jours de cong\u00e9 de paternit\u00e9. Tu peux les prendre en une seule fois ou en plusieurs fois dans les 4 mois qui suivent la naissance.    <\/p>\n<p>Les 3 premiers jours de ton cong\u00e9 paternit\u00e9 sont enti\u00e8rement \u00e0 la charge de l&#8217;employeur : tu gardes l&rsquo;int\u00e9gralit\u00e9 de ton salaire. Pour les 12 jours restants, la mutuelle verse une indemnit\u00e9 qui s&rsquo;\u00e9l\u00e8ve \u00e0 82 % du salaire brut plafonn\u00e9. Tu demandes ton allocation de paternit\u00e9 \u00e0 la fois \u00e0 ton employeur et \u00e0 ta mutuelle avec un extrait de l&rsquo;acte de naissance.<\/p>\n\n        <\/div>\n                <\/div>\n            <\/div>\n        <\/div>\n                            <\/div>\n                        \n                            <div class=\"sd-tabs-content content-1\">\n                                \n        <div class=\"sd-block-title \">\n            <h2 class=\"sd-block-title-htag  marginbottom-45px align-left color-white font-middle\n            \">\n\t\t\t\t\n            \tBien-\u00eatre\n\t\t\t<\/h2>\n        <\/div>\n        <div class=\"sd-block-faq  marginbottom-30px\">\n            <div class=\"faq-inner \">\n                <div class=\"faq-title\">\n                    \n        <div class=\"sd-block-title \">\n            <h3 class=\"sd-block-title-htag  marginbottom-0px align-left color-black font-mini\n            \">\n\t\t\t\t\n            \tEn tant que travailleur temporaire, que dois-je faire si je suis malade ?\n\t\t\t<\/h3>\n        <\/div>\n                    <div class=\"icon-container\">\n                        <svg xmlns=\"http:\/\/www.w3.org\/2000\/svg\" viewBox=\"0 0 14 14\"><path fill=\"currentColor\" d=\"M6,8H0V6h6V0h2v6h6v2H8v6H6V8z\"\/><\/svg>\n                    <\/div>\n                <\/div>\n                <div class=\"faq-content\">\n                    \n        <div class=\"sd-block-text  marginbottom-0px color-white\n        \">\n        \t\n            <p>Ensuite, tu es oblig\u00e9 de faire certaines choses, sinon tu n&rsquo;as pas droit \u00e0 un salaire garanti.<\/p>\n<ul class=\"checks\">\n<li>Tu pr\u00e9viens IMPACT avant le d\u00e9but de tes travaux. Nous pr\u00e9venons notre client &#8211; ton mandant &#8211; imm\u00e9diatement.   <\/li>\n<li>Tu soumets ton certificat m\u00e9dical\/la facture de maladie \u00e0 IMPACT dans les 48 heures.<\/li>\n<li>Tu as au moins un mois civil d&rsquo;anciennet\u00e9 au sein d&rsquo;IMPACT. Ton anciennet\u00e9 l\u00e9gale dispara\u00eet si tu ne travailles pas pour nous pendant plus de 7 jours.   <\/li>\n<\/ul>\n\n        <\/div>\n                <\/div>\n            <\/div>\n        <\/div>\n        <div class=\"sd-block-faq  marginbottom-30px\">\n            <div class=\"faq-inner \">\n                <div class=\"faq-title\">\n                    \n        <div class=\"sd-block-title \">\n            <h3 class=\"sd-block-title-htag  marginbottom-0px align-left color-black font-mini\n            \">\n\t\t\t\t\n            \tQue se passe-t-il si j&#039;ai un accident du travail ou de la circulation en tant qu&#039;int\u00e9rimaire ?\n\t\t\t<\/h3>\n        <\/div>\n                    <div class=\"icon-container\">\n                        <svg xmlns=\"http:\/\/www.w3.org\/2000\/svg\" viewBox=\"0 0 14 14\"><path fill=\"currentColor\" d=\"M6,8H0V6h6V0h2v6h6v2H8v6H6V8z\"\/><\/svg>\n                    <\/div>\n                <\/div>\n                <div class=\"faq-content\">\n                    \n        <div class=\"sd-block-text  marginbottom-0px color-white\n        \">\n        \t\n            <p>Tu as<strong> un accident sur ton lieu de travail<\/strong>:<\/p>\n<ul>\n<li>Informe imm\u00e9diatement ton superviseur direct et IMPACT.<\/li>\n<li>Fais-toi soigner par le service m\u00e9dical de l&rsquo;entreprise, par ton m\u00e9decin de famille ou \u00e0 l&rsquo;h\u00f4pital.<\/li>\n<\/ul>\n<p>Tu as <strong>un accident de la circulation sur le chemin du travail :<\/strong><\/p>\n<ul>\n<li>Demande un rapport de police et remplis une d\u00e9claration d&rsquo;accident.<\/li>\n<li>Il peut \u00e9galement \u00eatre utile de mentionner et d&rsquo;impliquer les t\u00e9moins de l&rsquo;accident.<\/li>\n<\/ul>\n<p>IMPACT est ton employeur : tu dois nous informer imm\u00e9diatement de l&rsquo;accident. Pour d\u00e9clarer l&rsquo;accident \u00e0 la compagnie d&rsquo;assurance, fournis d\u00e8s que possible \u00e0 IMPACT un certificat m\u00e9dical et remplis une \u00ab\u00a0d\u00e9claration d&rsquo;accident\u00a0\u00bb. Il est \u00e9galement pr\u00e9f\u00e9rable de pr\u00e9venir ta mutuelle.<\/p>\n\n        <\/div>\n                <\/div>\n            <\/div>\n        <\/div>\n                            <\/div>\n                        \n                <\/div>\n            <\/div>\n        [vc_row_inner content_placement=\u00a0\u00bbmiddle\u00a0\u00bb][vc_column_inner width=\u00a0\u00bb1\/12&Prime;][\/vc_column_inner][vc_column_inner width=\u00a0\u00bb10\/12&Prime;]\n        <div class=\"sd-block-text  marginbottom-30px color-white\n        \">\n        \t\n            <p style=\"text-align: center;\">N&rsquo;est-ce pas une r\u00e9ponse \u00e0 ta question ?  <a class=\"label-16 c-button c-faq-cat__help-link\" href=\"https:\/\/impact.be\/fr\/candidats\/contact\/\">Contact<\/a><\/p>\n\n        <\/div>[\/vc_column_inner][vc_column_inner width=\u00a0\u00bb1\/12&Prime;][\/vc_column_inner][\/vc_row_inner][\/vc_column][\/vc_row]<\/p>\n<\/div>","protected":false},"excerpt":{"rendered":"<p>[vc_row full_width=\u00a0\u00bbstretch_row\u00a0\u00bb content_placement=\u00a0\u00bbbottom\u00a0\u00bb row_height=\u00a0\u00bbrow_400px\u00a0\u00bb bg_color=\u00a0\u00bbbg_green\u00a0\u00bb css=\u00a0\u00bb.vc_custom_1758785714205{background-color: bg_green !important;}\u00a0\u00bb][vc_column][\/vc_column][\/vc_row][vc_row full_width=\u00a0\u00bbstretch_row\u00a0\u00bb bg_color=\u00a0\u00bbbg_gray\u00a0\u00bb][vc_column][vc_row_inner content_placement=\u00a0\u00bbmiddle\u00a0\u00bb][vc_column_inner width=\u00a0\u00bb1\/12&Prime;][\/vc_column_inner][vc_column_inner width=\u00a0\u00bb10\/12&Prime;][\/vc_column_inner][vc_column_inner width=\u00a0\u00bb1\/12&Prime;][\/vc_column_inner][\/vc_row_inner][\/vc_column][\/vc_row]<\/p>\n","protected":false},"author":1,"featured_media":0,"parent":7999,"menu_order":0,"comment_status":"closed","ping_status":"closed","template":"","meta":{"_acf_changed":false,"footnotes":""},"class_list":["post-8010","page","type-page","status-publish","hentry"],"acf":[],"yoast_head":"<!-- This site is optimized with the Yoast SEO plugin v26.8 - https:\/\/yoast.com\/product\/yoast-seo-wordpress\/ -->\n<title>Vacances et bien-\u00eatre | IMPACT<\/title>\n<meta name=\"robots\" content=\"index, follow, max-snippet:-1, max-image-preview:large, max-video-preview:-1\" \/>\n<link rel=\"canonical\" href=\"https:\/\/impact.be\/fr\/candidats\/faq\/vacances-et-bien-etre\/\" \/>\n<meta property=\"og:locale\" content=\"fr_FR\" \/>\n<meta property=\"og:type\" content=\"article\" \/>\n<meta property=\"og:title\" content=\"Vacances et bien-\u00eatre | IMPACT\" \/>\n<meta property=\"og:description\" content=\"[vc_row full_width=\u00a0\u00bbstretch_row\u00a0\u00bb content_placement=\u00a0\u00bbbottom\u00a0\u00bb row_height=\u00a0\u00bbrow_400px\u00a0\u00bb bg_color=\u00a0\u00bbbg_green\u00a0\u00bb css=\u00a0\u00bb.vc_custom_1758785714205{background-color: bg_green !important;}\u00a0\u00bb][vc_column][\/vc_column][\/vc_row][vc_row full_width=\u00a0\u00bbstretch_row\u00a0\u00bb bg_color=\u00a0\u00bbbg_gray\u00a0\u00bb][vc_column][vc_row_inner content_placement=\u00a0\u00bbmiddle\u00a0\u00bb][vc_column_inner width=\u00a0\u00bb1\/12&Prime;][\/vc_column_inner][vc_column_inner width=\u00a0\u00bb10\/12&Prime;][\/vc_column_inner][vc_column_inner width=\u00a0\u00bb1\/12&Prime;][\/vc_column_inner][\/vc_row_inner][\/vc_column][\/vc_row]\" \/>\n<meta property=\"og:url\" content=\"https:\/\/impact.be\/fr\/candidats\/faq\/vacances-et-bien-etre\/\" \/>\n<meta property=\"og:site_name\" content=\"IMPACT\" \/>\n<meta property=\"article:publisher\" content=\"https:\/\/www.facebook.com\/jobs.impact\" \/>\n<meta property=\"article:modified_time\" content=\"2025-11-05T15:39:31+00:00\" \/>\n<meta property=\"og:image\" content=\"https:\/\/impact.be\/wp-content\/uploads\/2025\/11\/Social-share.jpg\" \/>\n\t<meta property=\"og:image:width\" content=\"1200\" \/>\n\t<meta property=\"og:image:height\" content=\"675\" \/>\n\t<meta property=\"og:image:type\" content=\"image\/jpeg\" \/>\n<meta name=\"twitter:card\" content=\"summary_large_image\" \/>\n<meta name=\"twitter:label1\" content=\"Dur\u00e9e de lecture estim\u00e9e\" \/>\n\t<meta name=\"twitter:data1\" content=\"5 minutes\" \/>\n<script type=\"application\/ld+json\" class=\"yoast-schema-graph\">{\"@context\":\"https:\/\/schema.org\",\"@graph\":[{\"@type\":\"WebPage\",\"@id\":\"https:\/\/impact.be\/fr\/candidats\/faq\/vacances-et-bien-etre\/\",\"url\":\"https:\/\/impact.be\/fr\/candidats\/faq\/vacances-et-bien-etre\/\",\"name\":\"Vacances et bien-\u00eatre | IMPACT\",\"isPartOf\":{\"@id\":\"https:\/\/impact.be\/fr\/#website\"},\"datePublished\":\"2025-09-24T09:48:42+00:00\",\"dateModified\":\"2025-11-05T15:39:31+00:00\",\"breadcrumb\":{\"@id\":\"https:\/\/impact.be\/fr\/candidats\/faq\/vacances-et-bien-etre\/#breadcrumb\"},\"inLanguage\":\"fr-FR\",\"potentialAction\":[{\"@type\":\"ReadAction\",\"target\":[\"https:\/\/impact.be\/fr\/candidats\/faq\/vacances-et-bien-etre\/\"]}]},{\"@type\":\"BreadcrumbList\",\"@id\":\"https:\/\/impact.be\/fr\/candidats\/faq\/vacances-et-bien-etre\/#breadcrumb\",\"itemListElement\":[{\"@type\":\"ListItem\",\"position\":1,\"name\":\"Home\",\"item\":\"https:\/\/impact.be\/fr\/\"},{\"@type\":\"ListItem\",\"position\":2,\"name\":\"Les candidats\",\"item\":\"https:\/\/impact.be\/fr\/\"},{\"@type\":\"ListItem\",\"position\":3,\"name\":\"FAQ\",\"item\":\"https:\/\/impact.be\/fr\/candidats\/faq\/\"},{\"@type\":\"ListItem\",\"position\":4,\"name\":\"Vacances et bien-\u00eatre\"}]},{\"@type\":\"WebSite\",\"@id\":\"https:\/\/impact.be\/fr\/#website\",\"url\":\"https:\/\/impact.be\/fr\/\",\"name\":\"IMPACT\",\"description\":\"Impact website\",\"inLanguage\":\"fr-FR\"}]}<\/script>\n<!-- \/ Yoast SEO plugin. -->","yoast_head_json":{"title":"Vacances et bien-\u00eatre | IMPACT","robots":{"index":"index","follow":"follow","max-snippet":"max-snippet:-1","max-image-preview":"max-image-preview:large","max-video-preview":"max-video-preview:-1"},"canonical":"https:\/\/impact.be\/fr\/candidats\/faq\/vacances-et-bien-etre\/","og_locale":"fr_FR","og_type":"article","og_title":"Vacances et bien-\u00eatre | IMPACT","og_description":"[vc_row full_width=\u00a0\u00bbstretch_row\u00a0\u00bb content_placement=\u00a0\u00bbbottom\u00a0\u00bb row_height=\u00a0\u00bbrow_400px\u00a0\u00bb bg_color=\u00a0\u00bbbg_green\u00a0\u00bb css=\u00a0\u00bb.vc_custom_1758785714205{background-color: bg_green !important;}\u00a0\u00bb][vc_column][\/vc_column][\/vc_row][vc_row full_width=\u00a0\u00bbstretch_row\u00a0\u00bb bg_color=\u00a0\u00bbbg_gray\u00a0\u00bb][vc_column][vc_row_inner content_placement=\u00a0\u00bbmiddle\u00a0\u00bb][vc_column_inner width=\u00a0\u00bb1\/12&Prime;][\/vc_column_inner][vc_column_inner width=\u00a0\u00bb10\/12&Prime;][\/vc_column_inner][vc_column_inner width=\u00a0\u00bb1\/12&Prime;][\/vc_column_inner][\/vc_row_inner][\/vc_column][\/vc_row]","og_url":"https:\/\/impact.be\/fr\/candidats\/faq\/vacances-et-bien-etre\/","og_site_name":"IMPACT","article_publisher":"https:\/\/www.facebook.com\/jobs.impact","article_modified_time":"2025-11-05T15:39:31+00:00","og_image":[{"width":1200,"height":675,"url":"https:\/\/impact.be\/wp-content\/uploads\/2025\/11\/Social-share.jpg","type":"image\/jpeg"}],"twitter_card":"summary_large_image","twitter_misc":{"Dur\u00e9e de lecture estim\u00e9e":"5 minutes"},"schema":{"@context":"https:\/\/schema.org","@graph":[{"@type":"WebPage","@id":"https:\/\/impact.be\/fr\/candidats\/faq\/vacances-et-bien-etre\/","url":"https:\/\/impact.be\/fr\/candidats\/faq\/vacances-et-bien-etre\/","name":"Vacances et bien-\u00eatre | IMPACT","isPartOf":{"@id":"https:\/\/impact.be\/fr\/#website"},"datePublished":"2025-09-24T09:48:42+00:00","dateModified":"2025-11-05T15:39:31+00:00","breadcrumb":{"@id":"https:\/\/impact.be\/fr\/candidats\/faq\/vacances-et-bien-etre\/#breadcrumb"},"inLanguage":"fr-FR","potentialAction":[{"@type":"ReadAction","target":["https:\/\/impact.be\/fr\/candidats\/faq\/vacances-et-bien-etre\/"]}]},{"@type":"BreadcrumbList","@id":"https:\/\/impact.be\/fr\/candidats\/faq\/vacances-et-bien-etre\/#breadcrumb","itemListElement":[{"@type":"ListItem","position":1,"name":"Home","item":"https:\/\/impact.be\/fr\/"},{"@type":"ListItem","position":2,"name":"Les candidats","item":"https:\/\/impact.be\/fr\/"},{"@type":"ListItem","position":3,"name":"FAQ","item":"https:\/\/impact.be\/fr\/candidats\/faq\/"},{"@type":"ListItem","position":4,"name":"Vacances et bien-\u00eatre"}]},{"@type":"WebSite","@id":"https:\/\/impact.be\/fr\/#website","url":"https:\/\/impact.be\/fr\/","name":"IMPACT","description":"Impact website","inLanguage":"fr-FR"}]}},"_links":{"self":[{"href":"https:\/\/impact.be\/fr\/wp-json\/wp\/v2\/pages\/8010","targetHints":{"allow":["GET"]}}],"collection":[{"href":"https:\/\/impact.be\/fr\/wp-json\/wp\/v2\/pages"}],"about":[{"href":"https:\/\/impact.be\/fr\/wp-json\/wp\/v2\/types\/page"}],"author":[{"embeddable":true,"href":"https:\/\/impact.be\/fr\/wp-json\/wp\/v2\/users\/1"}],"replies":[{"embeddable":true,"href":"https:\/\/impact.be\/fr\/wp-json\/wp\/v2\/comments?post=8010"}],"version-history":[{"count":1,"href":"https:\/\/impact.be\/fr\/wp-json\/wp\/v2\/pages\/8010\/revisions"}],"predecessor-version":[{"id":8013,"href":"https:\/\/impact.be\/fr\/wp-json\/wp\/v2\/pages\/8010\/revisions\/8013"}],"up":[{"embeddable":true,"href":"https:\/\/impact.be\/fr\/wp-json\/wp\/v2\/pages\/7999"}],"wp:attachment":[{"href":"https:\/\/impact.be\/fr\/wp-json\/wp\/v2\/media?parent=8010"}],"curies":[{"name":"wp","href":"https:\/\/api.w.org\/{rel}","templated":true}]}}