{"id":8002,"date":"2025-09-24T11:51:26","date_gmt":"2025-09-24T09:51:26","guid":{"rendered":"https:\/\/impact.be\/candidats\/faq\/applications\/"},"modified":"2025-11-05T16:39:31","modified_gmt":"2025-11-05T15:39:31","slug":"applications","status":"publish","type":"page","link":"https:\/\/impact.be\/fr\/candidats\/faq\/applications\/","title":{"rendered":"Applications"},"content":{"rendered":"<div class=\"wpb-content-wrapper\"><p>[vc_row full_width=\u00a0\u00bbstretch_row\u00a0\u00bb content_placement=\u00a0\u00bbbottom\u00a0\u00bb row_height=\u00a0\u00bbrow_400px\u00a0\u00bb bg_color=\u00a0\u00bbbg_green\u00a0\u00bb css=\u00a0\u00bb.vc_custom_1758785714205{background-color: bg_green !important;}\u00a0\u00bb][vc_column]\n        <div class=\"sd-block-breadcrumb  align-left color-white marginbottom-30px\n        \">\n            <ul id=\"breadcrumbs\" class=\"breadcrumbs\"><\/ul>\n        <\/div>\n        <div class=\"sd-block-title \">\n            <h1 class=\"sd-block-title-htag  marginbottom-0px align-left color-white\n            \">\n\t\t\t\t\n            \tApplications\n\t\t\t<\/h1>\n        <\/div>[\/vc_column][\/vc_row][vc_row full_width=\u00a0\u00bbstretch_row\u00a0\u00bb bg_color=\u00a0\u00bbbg_gray\u00a0\u00bb][vc_column]\n            <div class=\"sd-tabs vertical\">\n                <div class=\"sd-tabs-title-container\">\n                    \n                            <div class=\"sd-tabs-title active title-0\">\n                                \n        <div class=\"sd-block-title \">\n            <h3 class=\"sd-block-title-htag  marginbottom-0px align-left color-mint font-middle\n            \">\n\t\t\t\t\n            \t\u00bbEmplois\n\t\t\t<\/h3>\n        <\/div>\n                            <\/div>\n                        \n                            <div class=\"sd-tabs-title title-1\">\n                                \n        <div class=\"sd-block-title \">\n            <h3 class=\"sd-block-title-htag  marginbottom-0px align-left color-mint font-middle\n            \">\n\t\t\t\t\n            \t\u00bbOutils\n\t\t\t<\/h3>\n        <\/div>\n                            <\/div>\n                        \n                <\/div>\n                <div class=\"sd-tabs-content-container\">\n                            <div class=\"sd-tabs-content active content-0\">\n                                \n        <div class=\"sd-block-title \">\n            <h2 class=\"sd-block-title-htag  marginbottom-45px align-left color-white font-middle\n            \">\n\t\t\t\t\n            \tEmplois et demandes d&#039;emploi\n\t\t\t<\/h2>\n        <\/div>\n        <div class=\"sd-block-faq  marginbottom-30px\">\n            <div class=\"faq-inner \">\n                <div class=\"faq-title\">\n                    \n        <div class=\"sd-block-title \">\n            <h3 class=\"sd-block-title-htag  marginbottom-0px align-left color-black font-mini\n            \">\n\t\t\t\t\n            \tComment se d\u00e9roule le processus de candidature \u00e0 IMPACT ?\n\t\t\t<\/h3>\n        <\/div>\n                    <div class=\"icon-container\">\n                        <svg xmlns=\"http:\/\/www.w3.org\/2000\/svg\" viewBox=\"0 0 14 14\"><path fill=\"currentColor\" d=\"M6,8H0V6h6V0h2v6h6v2H8v6H6V8z\"\/><\/svg>\n                    <\/div>\n                <\/div>\n                <div class=\"faq-content\">\n                    \n        <div class=\"sd-block-text  marginbottom-0px color-white\n        \">\n        \t\n            <p>Lorsque tu entres spontan\u00e9ment <a href=\"https:\/\/impact.be\/fr\/candidats\/contact\/\" target=\"_blank\" rel=\"noopener\">dans notre bureau<\/a> ou que tu viens \u00e0 nous par le biais d&rsquo;une <a href=\"https:\/\/impact.be\/fr\/candidats\/alle-vacatures\/\" target=\"_blank\" rel=\"noopener\">offre d&#8217;emploi <\/a>, nous examinons minutieusement ton CV, tes comp\u00e9tences et ton exp\u00e9rience. Nos recruteurs prennent le temps d&rsquo;un bon entretien de pr\u00e9sentation avec toi. De cette fa\u00e7on, nous savons d\u00e9j\u00e0 qui tu es et ce que tu recherches : une communication claire est le d\u00e9but d&rsquo;une coop\u00e9ration parfaite. Ensuite, nous faisons correspondre tes souhaits avec les emplois et les entreprises les plus adapt\u00e9s.     <\/p>\n<p>Tu es curieux de conna\u00eetre les 5 \u00e9tapes vers un nouvel emploi ? D\u00e9couvre \u00e0 quoi ressemble le <a href=\"https:\/\/impact.be\/fr\/candidats\/processus-de-candidature\/\">processus de candidature<\/a> complet ici !<\/p>\n\n        <\/div>\n                <\/div>\n            <\/div>\n        <\/div>\n        <div class=\"sd-block-faq  marginbottom-30px\">\n            <div class=\"faq-inner \">\n                <div class=\"faq-title\">\n                    \n        <div class=\"sd-block-title \">\n            <h3 class=\"sd-block-title-htag  marginbottom-0px align-left color-black font-mini\n            \">\n\t\t\t\t\n            \tPuis-je faire une demande spontan\u00e9e ?\n\t\t\t<\/h3>\n        <\/div>\n                    <div class=\"icon-container\">\n                        <svg xmlns=\"http:\/\/www.w3.org\/2000\/svg\" viewBox=\"0 0 14 14\"><path fill=\"currentColor\" d=\"M6,8H0V6h6V0h2v6h6v2H8v6H6V8z\"\/><\/svg>\n                    <\/div>\n                <\/div>\n                <div class=\"faq-content\">\n                    \n        <div class=\"sd-block-text  marginbottom-0px color-white\n        \">\n        \t\n            <p>Bien s\u00fbr. Tu ne trouves pas imm\u00e9diatement le bon d\u00e9fi parmi nos offres d&#8217;emploi ? <g id=\"gid_0\">Envoie-nous spontan\u00e9ment ton CV<\/g> et donne un maximum d&rsquo;informations sur le poste que tu souhaites, le domaine de comp\u00e9tence et la r\u00e9gion dans laquelle tu veux travailler. Ainsi, nous pourrons trouver ensemble un emploi adapt\u00e9 \u00e0 tes besoins.<\/p>\n\n        <\/div>\n                <\/div>\n            <\/div>\n        <\/div>\n                            <\/div>\n                        \n                            <div class=\"sd-tabs-content content-1\">\n                                \n        <div class=\"sd-block-title \">\n            <h2 class=\"sd-block-title-htag  marginbottom-45px align-left color-white font-middle\n            \">\n\t\t\t\t\n            \tOutils\n\t\t\t<\/h2>\n        <\/div>\n        <div class=\"sd-block-faq  marginbottom-30px\">\n            <div class=\"faq-inner \">\n                <div class=\"faq-title\">\n                    \n        <div class=\"sd-block-title \">\n            <h3 class=\"sd-block-title-htag  marginbottom-0px align-left color-black font-mini\n            \">\n\t\t\t\t\n            \tQu&#039;est-ce que mon IMPACT ?\n\t\t\t<\/h3>\n        <\/div>\n                    <div class=\"icon-container\">\n                        <svg xmlns=\"http:\/\/www.w3.org\/2000\/svg\" viewBox=\"0 0 14 14\"><path fill=\"currentColor\" d=\"M6,8H0V6h6V0h2v6h6v2H8v6H6V8z\"\/><\/svg>\n                    <\/div>\n                <\/div>\n                <div class=\"faq-content\">\n                    \n        <div class=\"sd-block-text  marginbottom-0px color-white\n        \">\n        \t\n            <p><a class=\"use-ajax js-c-popup-trigger\" href=\"https:\/\/portal.impact.be\/kandidatenportal\/registreer?lang=nl\" target=\"_blank\" rel=\"noopener\" data-popup=\"login\" data-once=\"ajax\">Mon IMPACT<\/a> est notre outil en ligne qui te permet de cr\u00e9er un profil personnel. Ainsi, tu n&rsquo;as pas besoin de remplir tes coordonn\u00e9es \u00e0 chaque fois, tu peux postuler \u00e0 un emploi d&rsquo;un simple clic, et tu peux facilement sauvegarder tes emplois ou demandes d&#8217;emploi pr\u00e9f\u00e9r\u00e9s. Tu veux modifier certaines informations ? Tu peux facilement g\u00e9rer toi-m\u00eame ton profil.<\/p>\n\n        <\/div>\n                <\/div>\n            <\/div>\n        <\/div>\n        <div class=\"sd-block-faq  marginbottom-30px\">\n            <div class=\"faq-inner \">\n                <div class=\"faq-title\">\n                    \n        <div class=\"sd-block-title \">\n            <h3 class=\"sd-block-title-htag  marginbottom-0px align-left color-black font-mini\n            \">\n\t\t\t\t\n            \tQu&#039;est-ce que l&#039;outil de CV IMPACT ?\n\t\t\t<\/h3>\n        <\/div>\n                    <div class=\"icon-container\">\n                        <svg xmlns=\"http:\/\/www.w3.org\/2000\/svg\" viewBox=\"0 0 14 14\"><path fill=\"currentColor\" d=\"M6,8H0V6h6V0h2v6h6v2H8v6H6V8z\"\/><\/svg>\n                    <\/div>\n                <\/div>\n                <div class=\"faq-content\">\n                    \n        <div class=\"sd-block-text  marginbottom-0px color-white\n        \">\n        \t\n            <p>Ton CV est ta carte de visite lorsque tu postules aupr\u00e8s d&rsquo;une entreprise. L&rsquo;<a href=\"#\">outil CV d&rsquo;IMPACT<\/a> t&rsquo;aide \u00e0 r\u00e9diger ton propre CV : non seulement les bonnes questions te sont imm\u00e9diatement pr\u00e9sent\u00e9es, mais nous coulons \u00e9galement tes r\u00e9ponses dans une mise en page attrayante qui te permet de te d\u00e9marquer des autres candidats.<\/p>\n\n        <\/div>\n                <\/div>\n            <\/div>\n        <\/div>\n                            <\/div>\n                        \n                <\/div>\n            <\/div>\n        [vc_row_inner content_placement=\u00a0\u00bbmiddle\u00a0\u00bb][vc_column_inner width=\u00a0\u00bb1\/12&Prime;][\/vc_column_inner][vc_column_inner width=\u00a0\u00bb10\/12&Prime;]\n        <div class=\"sd-block-text  marginbottom-30px color-white\n        \">\n        \t\n            <p style=\"text-align: center;\">N&rsquo;est-ce pas une r\u00e9ponse \u00e0 ta question ?  <a class=\"label-16 c-button c-faq-cat__help-link\" href=\"https:\/\/impact.be\/fr\/candidats\/contact\/\">Contact<\/a><\/p>\n\n        <\/div>[\/vc_column_inner][vc_column_inner width=\u00a0\u00bb1\/12&Prime;][\/vc_column_inner][\/vc_row_inner][\/vc_column][\/vc_row]<\/p>\n<\/div>","protected":false},"excerpt":{"rendered":"<p>[vc_row full_width=\u00a0\u00bbstretch_row\u00a0\u00bb content_placement=\u00a0\u00bbbottom\u00a0\u00bb row_height=\u00a0\u00bbrow_400px\u00a0\u00bb bg_color=\u00a0\u00bbbg_green\u00a0\u00bb css=\u00a0\u00bb.vc_custom_1758785714205{background-color: bg_green !important;}\u00a0\u00bb][vc_column][\/vc_column][\/vc_row][vc_row full_width=\u00a0\u00bbstretch_row\u00a0\u00bb bg_color=\u00a0\u00bbbg_gray\u00a0\u00bb][vc_column][vc_row_inner content_placement=\u00a0\u00bbmiddle\u00a0\u00bb][vc_column_inner width=\u00a0\u00bb1\/12&Prime;][\/vc_column_inner][vc_column_inner width=\u00a0\u00bb10\/12&Prime;][\/vc_column_inner][vc_column_inner width=\u00a0\u00bb1\/12&Prime;][\/vc_column_inner][\/vc_row_inner][\/vc_column][\/vc_row]<\/p>\n","protected":false},"author":1,"featured_media":0,"parent":7999,"menu_order":0,"comment_status":"closed","ping_status":"closed","template":"","meta":{"_acf_changed":false,"footnotes":""},"class_list":["post-8002","page","type-page","status-publish","hentry"],"acf":[],"yoast_head":"<!-- This site is optimized with the Yoast SEO plugin v26.8 - https:\/\/yoast.com\/product\/yoast-seo-wordpress\/ -->\n<title>Applications | IMPACT<\/title>\n<meta name=\"robots\" content=\"index, follow, max-snippet:-1, max-image-preview:large, max-video-preview:-1\" \/>\n<link rel=\"canonical\" href=\"https:\/\/impact.be\/fr\/candidats\/faq\/applications\/\" \/>\n<meta property=\"og:locale\" content=\"fr_FR\" \/>\n<meta property=\"og:type\" content=\"article\" \/>\n<meta property=\"og:title\" content=\"Applications | IMPACT\" \/>\n<meta property=\"og:description\" content=\"[vc_row full_width=\u00a0\u00bbstretch_row\u00a0\u00bb content_placement=\u00a0\u00bbbottom\u00a0\u00bb row_height=\u00a0\u00bbrow_400px\u00a0\u00bb bg_color=\u00a0\u00bbbg_green\u00a0\u00bb css=\u00a0\u00bb.vc_custom_1758785714205{background-color: bg_green !important;}\u00a0\u00bb][vc_column][\/vc_column][\/vc_row][vc_row full_width=\u00a0\u00bbstretch_row\u00a0\u00bb bg_color=\u00a0\u00bbbg_gray\u00a0\u00bb][vc_column][vc_row_inner content_placement=\u00a0\u00bbmiddle\u00a0\u00bb][vc_column_inner width=\u00a0\u00bb1\/12&Prime;][\/vc_column_inner][vc_column_inner width=\u00a0\u00bb10\/12&Prime;][\/vc_column_inner][vc_column_inner width=\u00a0\u00bb1\/12&Prime;][\/vc_column_inner][\/vc_row_inner][\/vc_column][\/vc_row]\" \/>\n<meta property=\"og:url\" content=\"https:\/\/impact.be\/fr\/candidats\/faq\/applications\/\" \/>\n<meta property=\"og:site_name\" content=\"IMPACT\" \/>\n<meta property=\"article:publisher\" content=\"https:\/\/www.facebook.com\/jobs.impact\" \/>\n<meta property=\"article:modified_time\" content=\"2025-11-05T15:39:31+00:00\" \/>\n<meta property=\"og:image\" content=\"https:\/\/impact.be\/wp-content\/uploads\/2025\/11\/Social-share.jpg\" \/>\n\t<meta property=\"og:image:width\" content=\"1200\" \/>\n\t<meta property=\"og:image:height\" content=\"675\" \/>\n\t<meta property=\"og:image:type\" content=\"image\/jpeg\" \/>\n<meta name=\"twitter:card\" content=\"summary_large_image\" \/>\n<meta name=\"twitter:label1\" content=\"Dur\u00e9e de lecture estim\u00e9e\" \/>\n\t<meta name=\"twitter:data1\" content=\"3 minutes\" \/>\n<script type=\"application\/ld+json\" class=\"yoast-schema-graph\">{\"@context\":\"https:\/\/schema.org\",\"@graph\":[{\"@type\":\"WebPage\",\"@id\":\"https:\/\/impact.be\/fr\/candidats\/faq\/applications\/\",\"url\":\"https:\/\/impact.be\/fr\/candidats\/faq\/applications\/\",\"name\":\"Applications | IMPACT\",\"isPartOf\":{\"@id\":\"https:\/\/impact.be\/fr\/#website\"},\"datePublished\":\"2025-09-24T09:51:26+00:00\",\"dateModified\":\"2025-11-05T15:39:31+00:00\",\"breadcrumb\":{\"@id\":\"https:\/\/impact.be\/fr\/candidats\/faq\/applications\/#breadcrumb\"},\"inLanguage\":\"fr-FR\",\"potentialAction\":[{\"@type\":\"ReadAction\",\"target\":[\"https:\/\/impact.be\/fr\/candidats\/faq\/applications\/\"]}]},{\"@type\":\"BreadcrumbList\",\"@id\":\"https:\/\/impact.be\/fr\/candidats\/faq\/applications\/#breadcrumb\",\"itemListElement\":[{\"@type\":\"ListItem\",\"position\":1,\"name\":\"Home\",\"item\":\"https:\/\/impact.be\/fr\/\"},{\"@type\":\"ListItem\",\"position\":2,\"name\":\"Les candidats\",\"item\":\"https:\/\/impact.be\/fr\/\"},{\"@type\":\"ListItem\",\"position\":3,\"name\":\"FAQ\",\"item\":\"https:\/\/impact.be\/fr\/candidats\/faq\/\"},{\"@type\":\"ListItem\",\"position\":4,\"name\":\"Applications\"}]},{\"@type\":\"WebSite\",\"@id\":\"https:\/\/impact.be\/fr\/#website\",\"url\":\"https:\/\/impact.be\/fr\/\",\"name\":\"IMPACT\",\"description\":\"Impact website\",\"inLanguage\":\"fr-FR\"}]}<\/script>\n<!-- \/ Yoast SEO plugin. -->","yoast_head_json":{"title":"Applications | IMPACT","robots":{"index":"index","follow":"follow","max-snippet":"max-snippet:-1","max-image-preview":"max-image-preview:large","max-video-preview":"max-video-preview:-1"},"canonical":"https:\/\/impact.be\/fr\/candidats\/faq\/applications\/","og_locale":"fr_FR","og_type":"article","og_title":"Applications | IMPACT","og_description":"[vc_row full_width=\u00a0\u00bbstretch_row\u00a0\u00bb content_placement=\u00a0\u00bbbottom\u00a0\u00bb row_height=\u00a0\u00bbrow_400px\u00a0\u00bb bg_color=\u00a0\u00bbbg_green\u00a0\u00bb css=\u00a0\u00bb.vc_custom_1758785714205{background-color: bg_green !important;}\u00a0\u00bb][vc_column][\/vc_column][\/vc_row][vc_row full_width=\u00a0\u00bbstretch_row\u00a0\u00bb bg_color=\u00a0\u00bbbg_gray\u00a0\u00bb][vc_column][vc_row_inner content_placement=\u00a0\u00bbmiddle\u00a0\u00bb][vc_column_inner width=\u00a0\u00bb1\/12&Prime;][\/vc_column_inner][vc_column_inner width=\u00a0\u00bb10\/12&Prime;][\/vc_column_inner][vc_column_inner width=\u00a0\u00bb1\/12&Prime;][\/vc_column_inner][\/vc_row_inner][\/vc_column][\/vc_row]","og_url":"https:\/\/impact.be\/fr\/candidats\/faq\/applications\/","og_site_name":"IMPACT","article_publisher":"https:\/\/www.facebook.com\/jobs.impact","article_modified_time":"2025-11-05T15:39:31+00:00","og_image":[{"width":1200,"height":675,"url":"https:\/\/impact.be\/wp-content\/uploads\/2025\/11\/Social-share.jpg","type":"image\/jpeg"}],"twitter_card":"summary_large_image","twitter_misc":{"Dur\u00e9e de lecture estim\u00e9e":"3 minutes"},"schema":{"@context":"https:\/\/schema.org","@graph":[{"@type":"WebPage","@id":"https:\/\/impact.be\/fr\/candidats\/faq\/applications\/","url":"https:\/\/impact.be\/fr\/candidats\/faq\/applications\/","name":"Applications | IMPACT","isPartOf":{"@id":"https:\/\/impact.be\/fr\/#website"},"datePublished":"2025-09-24T09:51:26+00:00","dateModified":"2025-11-05T15:39:31+00:00","breadcrumb":{"@id":"https:\/\/impact.be\/fr\/candidats\/faq\/applications\/#breadcrumb"},"inLanguage":"fr-FR","potentialAction":[{"@type":"ReadAction","target":["https:\/\/impact.be\/fr\/candidats\/faq\/applications\/"]}]},{"@type":"BreadcrumbList","@id":"https:\/\/impact.be\/fr\/candidats\/faq\/applications\/#breadcrumb","itemListElement":[{"@type":"ListItem","position":1,"name":"Home","item":"https:\/\/impact.be\/fr\/"},{"@type":"ListItem","position":2,"name":"Les candidats","item":"https:\/\/impact.be\/fr\/"},{"@type":"ListItem","position":3,"name":"FAQ","item":"https:\/\/impact.be\/fr\/candidats\/faq\/"},{"@type":"ListItem","position":4,"name":"Applications"}]},{"@type":"WebSite","@id":"https:\/\/impact.be\/fr\/#website","url":"https:\/\/impact.be\/fr\/","name":"IMPACT","description":"Impact website","inLanguage":"fr-FR"}]}},"_links":{"self":[{"href":"https:\/\/impact.be\/fr\/wp-json\/wp\/v2\/pages\/8002","targetHints":{"allow":["GET"]}}],"collection":[{"href":"https:\/\/impact.be\/fr\/wp-json\/wp\/v2\/pages"}],"about":[{"href":"https:\/\/impact.be\/fr\/wp-json\/wp\/v2\/types\/page"}],"author":[{"embeddable":true,"href":"https:\/\/impact.be\/fr\/wp-json\/wp\/v2\/users\/1"}],"replies":[{"embeddable":true,"href":"https:\/\/impact.be\/fr\/wp-json\/wp\/v2\/comments?post=8002"}],"version-history":[{"count":1,"href":"https:\/\/impact.be\/fr\/wp-json\/wp\/v2\/pages\/8002\/revisions"}],"predecessor-version":[{"id":8005,"href":"https:\/\/impact.be\/fr\/wp-json\/wp\/v2\/pages\/8002\/revisions\/8005"}],"up":[{"embeddable":true,"href":"https:\/\/impact.be\/fr\/wp-json\/wp\/v2\/pages\/7999"}],"wp:attachment":[{"href":"https:\/\/impact.be\/fr\/wp-json\/wp\/v2\/media?parent=8002"}],"curies":[{"name":"wp","href":"https:\/\/api.w.org\/{rel}","templated":true}]}}