{"id":7984,"date":"2025-08-15T14:33:30","date_gmt":"2025-08-15T12:33:30","guid":{"rendered":"https:\/\/impact.be\/candidats\/qui-sommes-nous\/"},"modified":"2025-11-05T17:00:19","modified_gmt":"2025-11-05T16:00:19","slug":"qui-sommes-nous","status":"publish","type":"page","link":"https:\/\/impact.be\/fr\/candidats\/qui-sommes-nous\/","title":{"rendered":"Qui sommes-nous ?"},"content":{"rendered":"<div class=\"wpb-content-wrapper\"><p>[vc_row full_width=\u00a0\u00bbstretch_row\u00a0\u00bb content_placement=\u00a0\u00bbbottom\u00a0\u00bb bg_custom_divider=\u00a0\u00bbdiagonal-50&Prime; bg_custom_style=\u00a0\u00bbimage\u00a0\u00bb row_height=\u00a0\u00bbrow_900px\u00a0\u00bb bg_color=\u00a0\u00bbbg_gray\u00a0\u00bb bg_custom_img=\u00a0\u00bb1974&Prime; css=\u00a0\u00bb.vc_custom_1759406783333{background-color: bg_gray !important;}\u00a0\u00bb][vc_column width=\u00a0\u00bb2\/5&Prime;]\n        <div class=\"sd-block-breadcrumb  align-left color-white marginbottom-60px\n        \">\n            <ul id=\"breadcrumbs\" class=\"breadcrumbs\"><\/ul>\n        <\/div>\n        <div class=\"sd-block-title \">\n            <h1 class=\"sd-block-title-htag  marginbottom-30px align-left color-white\n            \">\n\t\t\t\t\n            \tAgence pour l&#039;emploi pour les professionnels tr\u00e8s ambitieux\n\t\t\t<\/h1>\n        <\/div>\n        <div class=\"sd-block-text  marginbottom-0px color-white\n        \">\n        \t\n            <p>Dans un monde o\u00f9 tout peut \u00eatre contr\u00f4l\u00e9 en appuyant sur un bouton, tu as besoin de mains habiles et d&rsquo;esprits aiguis\u00e9s. IMPACT sait que le bon talent au bon endroit peut faire toute la diff\u00e9rence. C&rsquo;est pourquoi nous adoptons une approche personnelle dans notre recherche d&rsquo;experts en construction, en technique, en logistique, en fabrication et dans d&rsquo;autres secteurs.<\/p>\n\n        <\/div>[\/vc_column][vc_column width=\u00a0\u00bb3\/5&Prime;][\/vc_column][\/vc_row][vc_row][vc_column][vc_row_inner][vc_column_inner width=\u00a0\u00bb1\/3&Prime; responsive_marginbottom=\u00a0\u00bb30px\u00a0\u00bb]\n                <a class=\"sd-block-cta  marginbottom-30px\" title=\"15 bureaux en Belgique et 1 bureau en Pologne\" href=\"https:\/\/impact.be\/fr\/candidats\/nos-bureaux\/\"\n                >\n                    <div class=\"cta-inner\">\n                    \t<img decoding=\"async\" src=\"https:\/\/impact.be\/wp-content\/uploads\/2025\/10\/23_kantoren_verspreid.jpg\" alt=\"\">\n                        <div class=\"sd-block-cta-title\">\n                            \n        <div class=\"sd-block-title \">\n            <h3 class=\"sd-block-title-htag  marginbottom-30px align-center color-dark_gray\n            \">\n\t\t\t\t\n            \t15 bureaux en Belgique et 1 bureau en Pologne\n\t\t\t<\/h3>\n        <\/div>\n                        <\/div>\n                        <div class=\"sd-block-cta-text\">\n                        \t\n        <div class=\"sd-block-text  marginbottom-30px color-dark_gray\n        \">\n        \t\n            \n        <\/div>\n                        <\/div>\n                        <div class=\"sd-block-cta-button\">\n                        \t\n        <div class=\"sd-block-button  marginbottom-0px align-center button-type-background button-size-normal background-color-green\">\n            <span class=\"inner-button\"\n            href=\"\" title=\"Trouve un bureau pr\u00e8s de chez toi\">\n                <div class=\"button-content\">\n                    <span>Trouve un bureau pr\u00e8s de chez toi<\/span>\n\t\t\t\t    <svg height=\"15\" width=\"15\" xmlns=\"http:\/\/www.w3.org\/2000\/svg\" viewBox=\"0 0 15 13.56\"><path fill=\"currentColor\" d=\"M0,5.64h11.64L7.56,0h2.64l4.8,6.84-4.8,6.72h-2.64l4.08-5.64H0v-2.28Z\"\/><\/svg>\n                <\/div>\n            <\/span>\n        <\/div>\n                        <\/div>\n                    <\/div>\n                <\/a>[\/vc_column_inner][vc_column_inner width=\u00a0\u00bb1\/3&Prime; responsive_marginbottom=\u00a0\u00bb30px\u00a0\u00bb]\n                <a class=\"sd-block-cta  marginbottom-30px\" title=\"+100 coll\u00e8gues enthousiastes et d\u00e9vou\u00e9s\" href=\"https:\/\/impact.be\/fr\/employeurs\/nos-experts\/\"\n                >\n                    <div class=\"cta-inner\">\n                    \t<img decoding=\"async\" src=\"https:\/\/impact.be\/wp-content\/uploads\/2025\/10\/IMPACT-website-enthousiaste-collegas.png\" alt=\"\">\n                        <div class=\"sd-block-cta-title\">\n                            \n        <div class=\"sd-block-title \">\n            <h3 class=\"sd-block-title-htag  marginbottom-30px align-center color-dark_gray\n            \">\n\t\t\t\t\n            \t+100 coll\u00e8gues enthousiastes et d\u00e9vou\u00e9s\n\t\t\t<\/h3>\n        <\/div>\n                        <\/div>\n                        <div class=\"sd-block-cta-text\">\n                        \t\n        <div class=\"sd-block-text  marginbottom-30px color-dark_gray\n        \">\n        \t\n            \n        <\/div>\n                        <\/div>\n                        <div class=\"sd-block-cta-button\">\n                        \t\n        <div class=\"sd-block-button  marginbottom-0px align-center button-type-background button-size-normal background-color-green\">\n            <span class=\"inner-button\"\n            href=\"\" title=\"Rencontre notre \u00e9quipe\">\n                <div class=\"button-content\">\n                    <span>Rencontre notre \u00e9quipe<\/span>\n\t\t\t\t    <svg height=\"15\" width=\"15\" xmlns=\"http:\/\/www.w3.org\/2000\/svg\" viewBox=\"0 0 15 13.56\"><path fill=\"currentColor\" d=\"M0,5.64h11.64L7.56,0h2.64l4.8,6.84-4.8,6.72h-2.64l4.08-5.64H0v-2.28Z\"\/><\/svg>\n                <\/div>\n            <\/span>\n        <\/div>\n                        <\/div>\n                    <\/div>\n                <\/a>[\/vc_column_inner][vc_column_inner width=\u00a0\u00bb1\/3&Prime; responsive_marginbottom=\u00a0\u00bb0px\u00a0\u00bb]\n                <a class=\"sd-block-cta  marginbottom-30px\" title=\"+1000 travailleurs temporaires qui font le travail tous les jours\" href=\"https:\/\/impact.be\/fr\/candidats\/temoignages\/\"\n                >\n                    <div class=\"cta-inner\">\n                    \t<img decoding=\"async\" src=\"https:\/\/impact.be\/wp-content\/uploads\/2025\/10\/1000_uitzendkrachten.jpg\" alt=\"\">\n                        <div class=\"sd-block-cta-title\">\n                            \n        <div class=\"sd-block-title \">\n            <h3 class=\"sd-block-title-htag  marginbottom-30px align-center color-dark_gray\n            \">\n\t\t\t\t\n            \t+1000 travailleurs temporaires qui font le travail tous les jours\n\t\t\t<\/h3>\n        <\/div>\n                        <\/div>\n                        <div class=\"sd-block-cta-text\">\n                        \t\n        <div class=\"sd-block-text  marginbottom-30px color-dark_gray\n        \">\n        \t\n            \n        <\/div>\n                        <\/div>\n                        <div class=\"sd-block-cta-button\">\n                        \t\n        <div class=\"sd-block-button  marginbottom-0px align-center button-type-background button-size-normal background-color-green\">\n            <span class=\"inner-button\"\n            href=\"\" title=\"Lis leurs histoires\">\n                <div class=\"button-content\">\n                    <span>Lis leurs histoires<\/span>\n\t\t\t\t    <svg height=\"15\" width=\"15\" xmlns=\"http:\/\/www.w3.org\/2000\/svg\" viewBox=\"0 0 15 13.56\"><path fill=\"currentColor\" d=\"M0,5.64h11.64L7.56,0h2.64l4.8,6.84-4.8,6.72h-2.64l4.08-5.64H0v-2.28Z\"\/><\/svg>\n                <\/div>\n            <\/span>\n        <\/div>\n                        <\/div>\n                    <\/div>\n                <\/a>[\/vc_column_inner][\/vc_row_inner][\/vc_column][\/vc_row][vc_row full_width=\u00a0\u00bbstretch_row\u00a0\u00bb bg_color=\u00a0\u00bbbg_gray\u00a0\u00bb css=\u00a0\u00bb.vc_custom_1758526923701{background-color: bg_green !important;}\u00a0\u00bb][vc_column][vc_row_inner content_placement=\u00a0\u00bbmiddle\u00a0\u00bb][vc_column_inner width=\u00a0\u00bb1\/2&Prime;]<div class=\"sd-block-video orientation-landscape mobile_marginbottom-60px marginbottom-0px\" data-video=\"xECQYv5K_Bw\" data-platform=\"youtube\">\n                <div class=\"sd-video-container background-enabled\">\n                    <div class=\"sd-bg-image-controls controls-desktop\">\n\t\t\t        \t<span class=\"play\"><svg width=\"15px\" height=\"15px\" xmlns=\"http:\/\/www.w3.org\/2000\/svg\" viewBox=\"0 0 11 14\"><path fill=\"currentColor\" d=\"M0,14V0l11,7L0,14z\"\/><\/svg><\/span>\n\t\t\t        \t<!--<span class=\"pause\"><svg width=\"15px\" height=\"15px\" xmlns=\"http:\/\/www.w3.org\/2000\/svg\" viewBox=\"0 0 12 14\"><path fill=\"currentColor\" d=\"M8,14V0h4v14H8z M0,14V0h4v14H0z\"\/><\/svg><\/span>-->\n\t\t\t        \t<span class=\"restart\"><svg width=\"15px\" height=\"15px\" xmlns=\"http:\/\/www.w3.org\/2000\/svg\" viewBox=\"0 0 18 21\"><path fill=\"currentColor\" d=\"M8,21c-0.8-0.1-1.6-0.3-2.4-0.6c-0.8-0.3-1.5-0.8-2.2-1.3l1.4-1.5c0.5,0.4,1,0.6,1.5,0.9s1.1,0.4,1.7,0.4V21z M9.9,21v-2.1c1.7-0.2,3.2-1,4.3-2.3s1.7-2.8,1.7-4.6c0-1.9-0.7-3.6-2-5s-3-2-5-2H8.8l1.6,1.6L8.9,8L5,4l4-4l1.4,1.5L8.8,3h0.1 c1.2,0,2.4,0.2,3.5,0.7s2,1.1,2.8,1.9s1.5,1.8,1.9,2.8C17.7,9.6,18,10.8,18,12c0,2.3-0.8,4.3-2.3,6C14.2,19.7,12.2,20.6,9.9,21z M1.9,17.6c-0.5-0.7-1-1.4-1.3-2.2C0.3,14.6,0.1,13.8,0,13h2c0.1,0.6,0.2,1.1,0.5,1.7c0.2,0.5,0.5,1.1,0.9,1.5L1.9,17.6z M0,11 c0.1-0.8,0.3-1.7,0.6-2.4s0.7-1.5,1.3-2.2l1.5,1.4C3,8.3,2.7,8.8,2.5,9.3C2.3,9.9,2.1,10.4,2,11H0z\"\/><\/svg><\/span>\n                    <\/div>\n                    <div class=\"sd-bg-image-controls controls-mobile\">\n\t\t\t        \t<span class=\"play\"><svg width=\"15px\" height=\"15px\" xmlns=\"http:\/\/www.w3.org\/2000\/svg\" viewBox=\"0 0 11 14\"><path fill=\"currentColor\" d=\"M0,14V0l11,7L0,14z\"\/><\/svg><\/span>\n\t\t\t        \t<!--<span class=\"pause\"><svg width=\"15px\" height=\"15px\" xmlns=\"http:\/\/www.w3.org\/2000\/svg\" viewBox=\"0 0 12 14\"><path fill=\"currentColor\" d=\"M8,14V0h4v14H8z M0,14V0h4v14H0z\"\/><\/svg><\/span>-->\n\t\t\t        \t<span class=\"restart\"><svg width=\"15px\" height=\"15px\" xmlns=\"http:\/\/www.w3.org\/2000\/svg\" viewBox=\"0 0 18 21\"><path fill=\"currentColor\" d=\"M8,21c-0.8-0.1-1.6-0.3-2.4-0.6c-0.8-0.3-1.5-0.8-2.2-1.3l1.4-1.5c0.5,0.4,1,0.6,1.5,0.9s1.1,0.4,1.7,0.4V21z M9.9,21v-2.1c1.7-0.2,3.2-1,4.3-2.3s1.7-2.8,1.7-4.6c0-1.9-0.7-3.6-2-5s-3-2-5-2H8.8l1.6,1.6L8.9,8L5,4l4-4l1.4,1.5L8.8,3h0.1 c1.2,0,2.4,0.2,3.5,0.7s2,1.1,2.8,1.9s1.5,1.8,1.9,2.8C17.7,9.6,18,10.8,18,12c0,2.3-0.8,4.3-2.3,6C14.2,19.7,12.2,20.6,9.9,21z M1.9,17.6c-0.5-0.7-1-1.4-1.3-2.2C0.3,14.6,0.1,13.8,0,13h2c0.1,0.6,0.2,1.1,0.5,1.7c0.2,0.5,0.5,1.1,0.9,1.5L1.9,17.6z M0,11 c0.1-0.8,0.3-1.7,0.6-2.4s0.7-1.5,1.3-2.2l1.5,1.4C3,8.3,2.7,8.8,2.5,9.3C2.3,9.9,2.1,10.4,2,11H0z\"\/><\/svg><\/span>\n                    <\/div>\n\t\t\t        <div class=\"sd-bg-image-container\" style=\"background-image: url(https:\/\/i.ytimg.com\/vi_webp\/xECQYv5K_Bw\/maxresdefault.webp)\"><\/div>\n                    <div class=\"sd-bg-video-container\" data-desktop-autoplay=\"true\" data-mobile-autoplay=\"true\" data-mobile=\"true\" data-desktop=\"true\" data-url=\"xECQYv5K_Bw\">\n                        <div class=\"sd-bg-video\" id=\"video-7a6af95df91a9\"><\/div>\n                    <\/div>\n                <\/div>\n            <div class=\"sd-block-video-inner\">\n                \n                <div class=\"sd-block-video-play\">\n                    <svg width=\"15px\" height=\"15px\" xmlns=\"http:\/\/www.w3.org\/2000\/svg\" viewBox=\"0 0 11 14\"><path fill=\"currentColor\" d=\"M0,14V0l11,7L0,14z\"\/><\/svg>\n                <\/div>\n                <div class=\"sd-block-video-cookie-text cookie-accepted\">\n                    <h3>Permission required to watch the video<\/h3>\n                    <p class=\"change-cookie-preferences\">You need to accept the advertising cookies, before you can watch this video. Click here to change your preferences.<\/p>\n                <\/div>\n            <\/div>\n        <\/div>[\/vc_column_inner][vc_column_inner width=\u00a0\u00bb1\/12&Prime;][\/vc_column_inner][vc_column_inner width=\u00a0\u00bb5\/12&Prime;]\n        <div class=\"sd-block-title \">\n            <h2 class=\"sd-block-title-htag  marginbottom-30px align-left color-white\n            \">\n\t\t\t\t\n            \tNos valeurs\n\t\t\t<\/h2>\n        <\/div>\n        <div class=\"sd-block-text  marginbottom-30px color-white\n        \">\n        \t\n            <p>Tout le monde a un talent unique et le potentiel de changer le monde. Cela peut sembler exag\u00e9r\u00e9, mais c&rsquo;est vrai. Afin de maximiser ce talent et d&rsquo;avoir un v\u00e9ritable impact, nous avons d\u00e9fini plusieurs piliers cl\u00e9s. Nous ne nous contentons pas de dire ce que nous faisons, nous faisons ce que nous disons.<\/p>\n\n        <\/div>\n        <div class=\"sd-block-button  marginbottom-30px align-left button-type-background button-size-small background-color-green\">\n            <a class=\"inner-button\"\n            href=\"https:\/\/impact.be\/fr\/candidats\/notre-mission\/\" title=\"En savoir plus sur notre mission\">\n                <div class=\"button-content\">\n                    <span>En savoir plus sur notre mission<\/span>\n\t\t\t\t    <svg height=\"15\" width=\"15\" xmlns=\"http:\/\/www.w3.org\/2000\/svg\" viewBox=\"0 0 15 13.56\"><path fill=\"currentColor\" d=\"M0,5.64h11.64L7.56,0h2.64l4.8,6.84-4.8,6.72h-2.64l4.08-5.64H0v-2.28Z\"\/><\/svg>\n                <\/div>\n            <\/a>\n        <\/div>[\/vc_column_inner][vc_column_inner][vc_empty_space height=\u00a0\u00bb60px\u00a0\u00bb][\/vc_column_inner][\/vc_row_inner][vc_row_inner][vc_column_inner width=\u00a0\u00bb1\/3&Prime;]\n        <div class=\"sd-block-title \">\n            <h3 class=\"sd-block-title-htag  marginbottom-30px align-left color-white\n            \">\n\t\t\t\t\n            \tRespectueux\n\t\t\t<\/h3>\n        <\/div>\n        <div class=\"sd-block-text  marginbottom-60px color-white\n        \">\n        \t\n            <p>Pour nous, tout le monde a la m\u00eame valeur. Nous accordons une attention particuli\u00e8re \u00e0 l&rsquo;int\u00e9gration active des personnes dont ce n&rsquo;est pas la langue maternelle, des nouveaux arrivants, des femmes et des personnes de plus de 50 ans, afin qu&rsquo;ils puissent bien faire leur travail dans un environnement s\u00fbr et favorable.<\/p>\n\n        <\/div>\n        <div class=\"sd-block-title \">\n            <h3 class=\"sd-block-title-htag  marginbottom-30px align-left color-white\n            \">\n\t\t\t\t\n            \tSuper pro\n\t\t\t<\/h3>\n        <\/div>\n        <div class=\"sd-block-text  marginbottom-0px color-white mobile_marginbottom-60px\n        \">\n        \t\n            <p>Tous nos employ\u00e9s sont des professionnels exp\u00e9riment\u00e9s, motiv\u00e9s et travailleurs qui se lancent chaque jour avec passion dans leurs d\u00e9fis.<\/p>\n\n        <\/div>[\/vc_column_inner][vc_column_inner width=\u00a0\u00bb1\/3&Prime;]\n        <div class=\"sd-block-title \">\n            <h3 class=\"sd-block-title-htag  marginbottom-30px align-left color-white\n            \">\n\t\t\t\t\n            \tConnexion\n\t\t\t<\/h3>\n        <\/div>\n        <div class=\"sd-block-text  marginbottom-60px color-white\n        \">\n        \t\n            <p>Nous construisons des ponts et assemblons des correspondances parfaites, en nous appuyant sur le vaste savoir-faire que nous avons accumul\u00e9 depuis 1999 et sur notre d\u00e9termination \u00e0 poursuivre nos recherches jusqu&rsquo;\u00e0 ce que nous soyons satisfaits : la bonne personne pour le poste et le bon poste pour la personne.<\/p>\n\n        <\/div>\n        <div class=\"sd-block-title \">\n            <h3 class=\"sd-block-title-htag  marginbottom-30px align-left color-white\n            \">\n\t\t\t\t\n            \tAmbitieux\n\t\t\t<\/h3>\n        <\/div>\n        <div class=\"sd-block-text  marginbottom-0px color-white mobile_marginbottom-60px\n        \">\n        \t\n            <p>Nous atteignons nos objectifs et sommes fiers de nos r\u00e9sultats. Nous nous effor\u00e7ons toujours d&rsquo;atteindre la plus haute qualit\u00e9.<\/p>\n\n        <\/div>[\/vc_column_inner][vc_column_inner width=\u00a0\u00bb1\/3&Prime;]\n        <div class=\"sd-block-title \">\n            <h3 class=\"sd-block-title-htag  marginbottom-30px align-left color-white\n            \">\n\t\t\t\t\n            \tAlerte\n\t\t\t<\/h3>\n        <\/div>\n        <div class=\"sd-block-text  marginbottom-30px color-white\n        \">\n        \t\n            <p>Nous sommes des auditeurs attentifs qui ont le souci du d\u00e9tail. Nous ne restons jamais immobiles. Nous rep\u00e9rons les probl\u00e8mes rapidement et sommes toujours \u00e0 la recherche de nouvelles solutions.<\/p>\n\n        <\/div>[\/vc_column_inner][\/vc_row_inner][\/vc_column][\/vc_row]<\/p>\n<\/div>","protected":false},"excerpt":{"rendered":"<p>[vc_row full_width=\u00a0\u00bbstretch_row\u00a0\u00bb content_placement=\u00a0\u00bbbottom\u00a0\u00bb bg_custom_divider=\u00a0\u00bbdiagonal-50&Prime; bg_custom_style=\u00a0\u00bbimage\u00a0\u00bb row_height=\u00a0\u00bbrow_900px\u00a0\u00bb bg_color=\u00a0\u00bbbg_gray\u00a0\u00bb bg_custom_img=\u00a0\u00bb1974&Prime; css=\u00a0\u00bb.vc_custom_1759406783333{background-color: bg_gray !important;}\u00a0\u00bb][vc_column width=\u00a0\u00bb2\/5&Prime;][\/vc_column][vc_column width=\u00a0\u00bb3\/5&Prime;][\/vc_column][\/vc_row][vc_row][vc_column][vc_row_inner][vc_column_inner width=\u00a0\u00bb1\/3&Prime; responsive_marginbottom=\u00a0\u00bb30px\u00a0\u00bb][\/vc_column_inner][vc_column_inner width=\u00a0\u00bb1\/3&Prime; responsive_marginbottom=\u00a0\u00bb30px\u00a0\u00bb][\/vc_column_inner][vc_column_inner width=\u00a0\u00bb1\/3&Prime; responsive_marginbottom=\u00a0\u00bb0px\u00a0\u00bb][\/vc_column_inner][\/vc_row_inner][\/vc_column][\/vc_row][vc_row full_width=\u00a0\u00bbstretch_row\u00a0\u00bb bg_color=\u00a0\u00bbbg_gray\u00a0\u00bb css=\u00a0\u00bb.vc_custom_1758526923701{background-color: bg_green !important;}\u00a0\u00bb][vc_column][vc_row_inner content_placement=\u00a0\u00bbmiddle\u00a0\u00bb][vc_column_inner width=\u00a0\u00bb1\/2&Prime;][\/vc_column_inner][vc_column_inner width=\u00a0\u00bb1\/12&Prime;][\/vc_column_inner][vc_column_inner width=\u00a0\u00bb5\/12&Prime;][\/vc_column_inner][vc_column_inner][vc_empty_space height=\u00a0\u00bb60px\u00a0\u00bb][\/vc_column_inner][\/vc_row_inner][vc_row_inner][vc_column_inner width=\u00a0\u00bb1\/3&Prime;][\/vc_column_inner][vc_column_inner width=\u00a0\u00bb1\/3&Prime;][\/vc_column_inner][vc_column_inner width=\u00a0\u00bb1\/3&Prime;][\/vc_column_inner][\/vc_row_inner][\/vc_column][\/vc_row]<\/p>\n","protected":false},"author":1,"featured_media":0,"parent":5223,"menu_order":0,"comment_status":"closed","ping_status":"closed","template":"","meta":{"_acf_changed":false,"footnotes":""},"class_list":["post-7984","page","type-page","status-publish","hentry"],"acf":[],"yoast_head":"<!-- This site is optimized with the Yoast SEO plugin v26.8 - https:\/\/yoast.com\/product\/yoast-seo-wordpress\/ -->\n<title>Qui sommes-nous ? | IMPACT<\/title>\n<meta name=\"description\" content=\"IMPACT est une agence de placement de personnel pour les travailleurs qui punissent. Avec une approche personnelle et qualitative, nous trouvons la bonne place pour tes talents.\" \/>\n<meta name=\"robots\" content=\"index, follow, max-snippet:-1, max-image-preview:large, max-video-preview:-1\" \/>\n<link rel=\"canonical\" href=\"https:\/\/impact.be\/fr\/candidats\/qui-sommes-nous\/\" \/>\n<meta property=\"og:locale\" content=\"fr_FR\" \/>\n<meta property=\"og:type\" content=\"article\" \/>\n<meta property=\"og:title\" content=\"Qui sommes-nous ? | IMPACT\" \/>\n<meta property=\"og:description\" content=\"IMPACT est une agence de placement de personnel pour les travailleurs qui punissent. Avec une approche personnelle et qualitative, nous trouvons la bonne place pour tes talents.\" \/>\n<meta property=\"og:url\" content=\"https:\/\/impact.be\/fr\/candidats\/qui-sommes-nous\/\" \/>\n<meta property=\"og:site_name\" content=\"IMPACT\" \/>\n<meta property=\"article:publisher\" content=\"https:\/\/www.facebook.com\/jobs.impact\" \/>\n<meta property=\"article:modified_time\" content=\"2025-11-05T16:00:19+00:00\" \/>\n<meta property=\"og:image\" content=\"https:\/\/impact.be\/wp-content\/uploads\/2025\/11\/Social-share.jpg\" \/>\n\t<meta property=\"og:image:width\" content=\"1200\" \/>\n\t<meta property=\"og:image:height\" content=\"675\" \/>\n\t<meta property=\"og:image:type\" content=\"image\/jpeg\" \/>\n<meta name=\"twitter:card\" content=\"summary_large_image\" \/>\n<meta name=\"twitter:label1\" content=\"Dur\u00e9e de lecture estim\u00e9e\" \/>\n\t<meta name=\"twitter:data1\" content=\"4 minutes\" \/>\n<script type=\"application\/ld+json\" class=\"yoast-schema-graph\">{\"@context\":\"https:\/\/schema.org\",\"@graph\":[{\"@type\":\"WebPage\",\"@id\":\"https:\/\/impact.be\/fr\/candidats\/qui-sommes-nous\/\",\"url\":\"https:\/\/impact.be\/fr\/candidats\/qui-sommes-nous\/\",\"name\":\"Qui sommes-nous ? | IMPACT\",\"isPartOf\":{\"@id\":\"https:\/\/impact.be\/fr\/#website\"},\"datePublished\":\"2025-08-15T12:33:30+00:00\",\"dateModified\":\"2025-11-05T16:00:19+00:00\",\"description\":\"IMPACT est une agence de placement de personnel pour les travailleurs qui punissent. Avec une approche personnelle et qualitative, nous trouvons la bonne place pour tes talents.\",\"breadcrumb\":{\"@id\":\"https:\/\/impact.be\/fr\/candidats\/qui-sommes-nous\/#breadcrumb\"},\"inLanguage\":\"fr-FR\",\"potentialAction\":[{\"@type\":\"ReadAction\",\"target\":[\"https:\/\/impact.be\/fr\/candidats\/qui-sommes-nous\/\"]}]},{\"@type\":\"BreadcrumbList\",\"@id\":\"https:\/\/impact.be\/fr\/candidats\/qui-sommes-nous\/#breadcrumb\",\"itemListElement\":[{\"@type\":\"ListItem\",\"position\":1,\"name\":\"Home\",\"item\":\"https:\/\/impact.be\/fr\/\"},{\"@type\":\"ListItem\",\"position\":2,\"name\":\"Les candidats\",\"item\":\"https:\/\/impact.be\/fr\/\"},{\"@type\":\"ListItem\",\"position\":3,\"name\":\"Qui sommes-nous ?\"}]},{\"@type\":\"WebSite\",\"@id\":\"https:\/\/impact.be\/fr\/#website\",\"url\":\"https:\/\/impact.be\/fr\/\",\"name\":\"IMPACT\",\"description\":\"Impact website\",\"inLanguage\":\"fr-FR\"}]}<\/script>\n<!-- \/ Yoast SEO plugin. -->","yoast_head_json":{"title":"Qui sommes-nous ? | IMPACT","description":"IMPACT est une agence de placement de personnel pour les travailleurs qui punissent. Avec une approche personnelle et qualitative, nous trouvons la bonne place pour tes talents.","robots":{"index":"index","follow":"follow","max-snippet":"max-snippet:-1","max-image-preview":"max-image-preview:large","max-video-preview":"max-video-preview:-1"},"canonical":"https:\/\/impact.be\/fr\/candidats\/qui-sommes-nous\/","og_locale":"fr_FR","og_type":"article","og_title":"Qui sommes-nous ? | IMPACT","og_description":"IMPACT est une agence de placement de personnel pour les travailleurs qui punissent. Avec une approche personnelle et qualitative, nous trouvons la bonne place pour tes talents.","og_url":"https:\/\/impact.be\/fr\/candidats\/qui-sommes-nous\/","og_site_name":"IMPACT","article_publisher":"https:\/\/www.facebook.com\/jobs.impact","article_modified_time":"2025-11-05T16:00:19+00:00","og_image":[{"width":1200,"height":675,"url":"https:\/\/impact.be\/wp-content\/uploads\/2025\/11\/Social-share.jpg","type":"image\/jpeg"}],"twitter_card":"summary_large_image","twitter_misc":{"Dur\u00e9e de lecture estim\u00e9e":"4 minutes"},"schema":{"@context":"https:\/\/schema.org","@graph":[{"@type":"WebPage","@id":"https:\/\/impact.be\/fr\/candidats\/qui-sommes-nous\/","url":"https:\/\/impact.be\/fr\/candidats\/qui-sommes-nous\/","name":"Qui sommes-nous ? | IMPACT","isPartOf":{"@id":"https:\/\/impact.be\/fr\/#website"},"datePublished":"2025-08-15T12:33:30+00:00","dateModified":"2025-11-05T16:00:19+00:00","description":"IMPACT est une agence de placement de personnel pour les travailleurs qui punissent. Avec une approche personnelle et qualitative, nous trouvons la bonne place pour tes talents.","breadcrumb":{"@id":"https:\/\/impact.be\/fr\/candidats\/qui-sommes-nous\/#breadcrumb"},"inLanguage":"fr-FR","potentialAction":[{"@type":"ReadAction","target":["https:\/\/impact.be\/fr\/candidats\/qui-sommes-nous\/"]}]},{"@type":"BreadcrumbList","@id":"https:\/\/impact.be\/fr\/candidats\/qui-sommes-nous\/#breadcrumb","itemListElement":[{"@type":"ListItem","position":1,"name":"Home","item":"https:\/\/impact.be\/fr\/"},{"@type":"ListItem","position":2,"name":"Les candidats","item":"https:\/\/impact.be\/fr\/"},{"@type":"ListItem","position":3,"name":"Qui sommes-nous ?"}]},{"@type":"WebSite","@id":"https:\/\/impact.be\/fr\/#website","url":"https:\/\/impact.be\/fr\/","name":"IMPACT","description":"Impact website","inLanguage":"fr-FR"}]}},"_links":{"self":[{"href":"https:\/\/impact.be\/fr\/wp-json\/wp\/v2\/pages\/7984","targetHints":{"allow":["GET"]}}],"collection":[{"href":"https:\/\/impact.be\/fr\/wp-json\/wp\/v2\/pages"}],"about":[{"href":"https:\/\/impact.be\/fr\/wp-json\/wp\/v2\/types\/page"}],"author":[{"embeddable":true,"href":"https:\/\/impact.be\/fr\/wp-json\/wp\/v2\/users\/1"}],"replies":[{"embeddable":true,"href":"https:\/\/impact.be\/fr\/wp-json\/wp\/v2\/comments?post=7984"}],"version-history":[{"count":3,"href":"https:\/\/impact.be\/fr\/wp-json\/wp\/v2\/pages\/7984\/revisions"}],"predecessor-version":[{"id":8032,"href":"https:\/\/impact.be\/fr\/wp-json\/wp\/v2\/pages\/7984\/revisions\/8032"}],"up":[{"embeddable":true,"href":"https:\/\/impact.be\/fr\/wp-json\/wp\/v2\/pages\/5223"}],"wp:attachment":[{"href":"https:\/\/impact.be\/fr\/wp-json\/wp\/v2\/media?parent=7984"}],"curies":[{"name":"wp","href":"https:\/\/api.w.org\/{rel}","templated":true}]}}