{"id":7953,"date":"2025-09-22T14:23:45","date_gmt":"2025-09-22T12:23:45","guid":{"rendered":"https:\/\/impact.be\/candidats\/temoignages\/"},"modified":"2025-11-07T16:54:37","modified_gmt":"2025-11-07T15:54:37","slug":"temoignages","status":"publish","type":"page","link":"https:\/\/impact.be\/fr\/candidats\/temoignages\/","title":{"rendered":"T\u00e9moignages"},"content":{"rendered":"<div class=\"wpb-content-wrapper\"><p>[vc_row full_width=\u00a0\u00bbstretch_row\u00a0\u00bb content_placement=\u00a0\u00bbbottom\u00a0\u00bb row_height=\u00a0\u00bbrow_800px\u00a0\u00bb bg_color=\u00a0\u00bbbg_green\u00a0\u00bb css=\u00a0\u00bb.vc_custom_1759838311028{padding-top: 0px !important;padding-bottom: 0px !important;background-color: bg_gray !important;}\u00a0\u00bb][vc_column]\n            <div class=\"sd-block-testimonial-highlight color-green\">\n                <div class=\"content\">\n                    \n        <div class=\"sd-block-breadcrumb  align-left color-white marginbottom-0px\n        \">\n            <ul id=\"breadcrumbs\" class=\"breadcrumbs\"><\/ul>\n        <\/div>\n                    \n        <div class=\"sd-block-title \">\n            <h1 class=\"sd-block-title-htag  marginbottom-30px align-left color-white font-xlarge\n            \">\n\t\t\t\t\n            \tRencontrez Marek, peintre en meubles\n\t\t\t<\/h1>\n        <\/div>\n                    \n        <div class=\"sd-block-text  marginbottom-30px color-white\n        \">\n        \t\n            <p>D\u00e9couvre comment Marek a opt\u00e9 pour son premier emploi en tant qu'int\u00e9rimaire.<\/p>\n\n        <\/div>\n                    \n        <div class=\"sd-block-button  marginbottom-0px align-left button-type-background button-size-large background-color-fluent_yellow\">\n            <a class=\"inner-button\"\n            href=\"https:\/\/impact.be\/fr\/candidats\/testimonials\/marek-trojanowski\/\" title=\"Lire l\u2019histoire\">\n                <div class=\"button-content\">\n                    <span>Lire l\u2019histoire<\/span>\n\t\t\t\t    <svg height=\"15\" width=\"15\" xmlns=\"http:\/\/www.w3.org\/2000\/svg\" viewBox=\"0 0 15 13.56\"><path fill=\"currentColor\" d=\"M0,5.64h11.64L7.56,0h2.64l4.8,6.84-4.8,6.72h-2.64l4.08-5.64H0v-2.28Z\"\/><\/svg>\n                <\/div>\n            <\/a>\n        <\/div>\n                <\/div>\n                <div class=\"background-image\">\n                    <img decoding=\"async\" src=\"https:\/\/impact.be\/wp-content\/uploads\/2025\/11\/Marek-Trojanowski.jpg\" alt=\"Marek Trojanowski\">\n                    <svg height=\"15px\" width=\"8px\" xmlns=\"http:\/\/www.w3.org\/2000\/svg\" viewBox=\"0 0 49.62 90\"><polygon fill=\"currentColor\" points=\"0 90 0 0 49.62 0 0 90\"\/><\/svg>\n                <\/div>\n            <\/div>[\/vc_column][\/vc_row][vc_row][vc_column]\n        <div class=\"sd-block-title \">\n            <h2 class=\"sd-block-title-htag  marginbottom-30px align-left color-dark_gray\n            \">\n\t\t\t\t\n            \tD\u00e9couvre toutes les histoires\n\t\t\t<\/h2>\n        <\/div>\n        <div class=\"sd-block-testimonial-overview\n        \t\n\t\t\" data-atts=\"{&quot;posts_per_page&quot;:&quot;6&quot;,&quot;pagination&quot;:&quot;no&quot;,&quot;exclude_first&quot;:&quot;no&quot;}\" data-page-id=\"1\">\n            <div class=\"testimonial-grid\">\n                        <a title=\"Marek Trojanowski\" href=\"https:\/\/impact.be\/fr\/candidats\/testimonials\/marek-trojanowski\/\" class=\"testimonial-tile\">\n                            <div class=\"author\">\n                                \n        <div class=\"sd-block-title \">\n            <h2 class=\"sd-block-title-htag  marginbottom-0px align-left color-white font-small\n            \">\n\t\t\t\t\n            \tRencontrez Marek\n\t\t\t<\/h2>\n        <\/div>\n                                <div class=\"job-description\">peintre en meubles<\/div>\n                            <\/div>\n                            <img decoding=\"async\" src=\"https:\/\/impact.be\/wp-content\/uploads\/2025\/11\/Marek-Trojanowski.jpg\" alt=\"Marek Trojanowski\">\n                            <div class=\"testimonial-button\">\n                                <svg height=\"15\" width=\"15\" xmlns=\"http:\/\/www.w3.org\/2000\/svg\" viewBox=\"0 0 15 13.56\"><path fill=\"currentColor\" d=\"M0,5.64h11.64L7.56,0h2.64l4.8,6.84-4.8,6.72h-2.64l4.08-5.64H0v-2.28Z\"\/><\/svg>\n                            <\/div>\n                        <\/a>\n                        <a title=\"M\u00e9lan Chaspierre\" href=\"https:\/\/impact.be\/fr\/candidats\/testimonials\/melan-chaspierre\/\" class=\"testimonial-tile\">\n                            <div class=\"author\">\n                                \n        <div class=\"sd-block-title \">\n            <h2 class=\"sd-block-title-htag  marginbottom-0px align-left color-white font-small\n            \">\n\t\t\t\t\n            \tRencontrez M\u00e9lan\n\t\t\t<\/h2>\n        <\/div>\n                                <div class=\"job-description\">\u00c9lectricien<\/div>\n                            <\/div>\n                            <img decoding=\"async\" src=\"https:\/\/impact.be\/wp-content\/uploads\/2025\/09\/Melan.jpg\" alt=\"M\u00e9lan Chaspierre\">\n                            <div class=\"testimonial-button\">\n                                <svg height=\"15\" width=\"15\" xmlns=\"http:\/\/www.w3.org\/2000\/svg\" viewBox=\"0 0 15 13.56\"><path fill=\"currentColor\" d=\"M0,5.64h11.64L7.56,0h2.64l4.8,6.84-4.8,6.72h-2.64l4.08-5.64H0v-2.28Z\"\/><\/svg>\n                            <\/div>\n                        <\/a>\n                        <a title=\"Emilien Catherine\" href=\"https:\/\/impact.be\/fr\/candidats\/testimonials\/emilien-catherine\/\" class=\"testimonial-tile\">\n                            <div class=\"author\">\n                                \n        <div class=\"sd-block-title \">\n            <h2 class=\"sd-block-title-htag  marginbottom-0px align-left color-white font-small\n            \">\n\t\t\t\t\n            \tRencontrez Emilien\n\t\t\t<\/h2>\n        <\/div>\n                                <div class=\"job-description\">M\u00e9canicien<\/div>\n                            <\/div>\n                            <img decoding=\"async\" src=\"https:\/\/impact.be\/wp-content\/uploads\/2025\/09\/Emilien.jpg\" alt=\"Emilien Catherine\">\n                            <div class=\"testimonial-button\">\n                                <svg height=\"15\" width=\"15\" xmlns=\"http:\/\/www.w3.org\/2000\/svg\" viewBox=\"0 0 15 13.56\"><path fill=\"currentColor\" d=\"M0,5.64h11.64L7.56,0h2.64l4.8,6.84-4.8,6.72h-2.64l4.08-5.64H0v-2.28Z\"\/><\/svg>\n                            <\/div>\n                        <\/a>\n                        <a title=\"Daan Magnette\" href=\"https:\/\/impact.be\/fr\/candidats\/testimonials\/daan-magnette\/\" class=\"testimonial-tile\">\n                            <div class=\"author\">\n                                \n        <div class=\"sd-block-title \">\n            <h2 class=\"sd-block-title-htag  marginbottom-0px align-left color-white font-small\n            \">\n\t\t\t\t\n            \tRencontrez Daan\n\t\t\t<\/h2>\n        <\/div>\n                                <div class=\"job-description\">Soudeur<\/div>\n                            <\/div>\n                            <img decoding=\"async\" src=\"https:\/\/impact.be\/wp-content\/uploads\/2025\/09\/Daan.jpg\" alt=\"Daan Magnette\">\n                            <div class=\"testimonial-button\">\n                                <svg height=\"15\" width=\"15\" xmlns=\"http:\/\/www.w3.org\/2000\/svg\" viewBox=\"0 0 15 13.56\"><path fill=\"currentColor\" d=\"M0,5.64h11.64L7.56,0h2.64l4.8,6.84-4.8,6.72h-2.64l4.08-5.64H0v-2.28Z\"\/><\/svg>\n                            <\/div>\n                        <\/a>\n                        <a title=\"Beniamino Traina\" href=\"https:\/\/impact.be\/fr\/candidats\/testimonials\/beniamino-traina\/\" class=\"testimonial-tile\">\n                            <div class=\"author\">\n                                \n        <div class=\"sd-block-title \">\n            <h2 class=\"sd-block-title-htag  marginbottom-0px align-left color-white font-small\n            \">\n\t\t\t\t\n            \tRencontrez Beniamino\n\t\t\t<\/h2>\n        <\/div>\n                                <div class=\"job-description\">Ouvrier d'entrep\u00f4t<\/div>\n                            <\/div>\n                            <img decoding=\"async\" src=\"https:\/\/impact.be\/wp-content\/uploads\/2025\/09\/Beniamino.jpg\" alt=\"Beniamino Traina\">\n                            <div class=\"testimonial-button\">\n                                <svg height=\"15\" width=\"15\" xmlns=\"http:\/\/www.w3.org\/2000\/svg\" viewBox=\"0 0 15 13.56\"><path fill=\"currentColor\" d=\"M0,5.64h11.64L7.56,0h2.64l4.8,6.84-4.8,6.72h-2.64l4.08-5.64H0v-2.28Z\"\/><\/svg>\n                            <\/div>\n                        <\/a>\n                        <a title=\"Anas Ben Ayad\" href=\"https:\/\/impact.be\/fr\/candidats\/testimonials\/anas-ben-ayad\/\" class=\"testimonial-tile\">\n                            <div class=\"author\">\n                                \n        <div class=\"sd-block-title \">\n            <h2 class=\"sd-block-title-htag  marginbottom-0px align-left color-white font-small\n            \">\n\t\t\t\t\n            \tRencontrez Anas\n\t\t\t<\/h2>\n        <\/div>\n                                <div class=\"job-description\">Installateur d'\u00e9crans solaires<\/div>\n                            <\/div>\n                            <img decoding=\"async\" src=\"https:\/\/impact.be\/wp-content\/uploads\/2025\/09\/Anas.jpg\" alt=\"Anas Ben Ayad\">\n                            <div class=\"testimonial-button\">\n                                <svg height=\"15\" width=\"15\" xmlns=\"http:\/\/www.w3.org\/2000\/svg\" viewBox=\"0 0 15 13.56\"><path fill=\"currentColor\" d=\"M0,5.64h11.64L7.56,0h2.64l4.8,6.84-4.8,6.72h-2.64l4.08-5.64H0v-2.28Z\"\/><\/svg>\n                            <\/div>\n                        <\/a><\/div><\/div>[\/vc_column][\/vc_row][vc_row full_width=\u00a0\u00bbstretch_row\u00a0\u00bb content_placement=\u00a0\u00bbmiddle\u00a0\u00bb bg_color=\u00a0\u00bbbg_gray\u00a0\u00bb css=\u00a0\u00bb.vc_custom_1759404161127{background-color: bg_gray !important;}\u00a0\u00bb][vc_column width=\u00a0\u00bb1\/2&Prime;]\n        <div class=\"sd-block-image image-count-1  align-Left marginbottom-30px\n        \"><img decoding=\"async\" title=\"\" alt=\"\" src=\"https:\/\/impact.be\/wp-content\/uploads\/2025\/10\/Stefanie.jpg\">\n        <\/div>[\/vc_column][vc_column width=\u00a0\u00bb1\/12&Prime;][\/vc_column][vc_column width=\u00a0\u00bb5\/12&Prime;]\n        <div class=\"sd-block-title \">\n            <h2 class=\"sd-block-title-htag  marginbottom-30px align-left color-white\n            \">\n\t\t\t\t\n            \tIMPACT, l&#039;agence pour l&#039;emploi qui te conna\u00eet vraiment\n\t\t\t<\/h2>\n        <\/div>\n        <div class=\"sd-block-text  marginbottom-30px color-white\n        \">\n        \t\n            <p>Ton talent est au bon endroit ? Il ne fait mouche que lorsque nous prenons le temps de bien te conna\u00eetre. C&rsquo;est ainsi que nous pouvons faire correspondre ta personnalit\u00e9, tes attentes et tes ambitions au poste et \u00e0 l&#8217;employeur qui te conviennent.<\/p>\n\n        <\/div>[vc_row_inner][vc_column_inner width=\u00a0\u00bb1\/2&Prime;]\n        <div class=\"sd-block-button  marginbottom-30px align-left button-type-text text-size-normal text-color-white\">\n            <a class=\"inner-button\"\n            href=\"https:\/\/impact.be\/fr\/candidats\/travailler-dans-la-construction\/\" title=\"Emplois dans la construction\">\n                <div class=\"button-content\">\n                    <span>Emplois dans la construction<\/span>\n\t\t\t\t    <svg height=\"15\" width=\"15\" xmlns=\"http:\/\/www.w3.org\/2000\/svg\" viewBox=\"0 0 15 13.56\"><path fill=\"currentColor\" d=\"M0,5.64h11.64L7.56,0h2.64l4.8,6.84-4.8,6.72h-2.64l4.08-5.64H0v-2.28Z\"\/><\/svg>\n                <\/div>\n            <\/a>\n        <\/div>\n        <div class=\"sd-block-button  marginbottom-30px align-left button-type-text text-size-normal text-color-white\">\n            <a class=\"inner-button\"\n            href=\"https:\/\/impact.be\/fr\/candidats\/travailler-en-production\/\" title=\"Emplois dans l&#039;industrie manufacturi\u00e8re\">\n                <div class=\"button-content\">\n                    <span>Emplois dans l&#039;industrie manufacturi\u00e8re<\/span>\n\t\t\t\t    <svg height=\"15\" width=\"15\" xmlns=\"http:\/\/www.w3.org\/2000\/svg\" viewBox=\"0 0 15 13.56\"><path fill=\"currentColor\" d=\"M0,5.64h11.64L7.56,0h2.64l4.8,6.84-4.8,6.72h-2.64l4.08-5.64H0v-2.28Z\"\/><\/svg>\n                <\/div>\n            <\/a>\n        <\/div>[\/vc_column_inner][vc_column_inner width=\u00a0\u00bb1\/2&Prime;]\n        <div class=\"sd-block-button  marginbottom-30px align-left button-type-text text-size-normal text-color-white\">\n            <a class=\"inner-button\"\n            href=\"https:\/\/impact.be\/fr\/candidats\/travailler-dans-lingenierie\/\" title=\"Emplois dans l&#039;ing\u00e9nierie\">\n                <div class=\"button-content\">\n                    <span>Emplois dans l&#039;ing\u00e9nierie<\/span>\n\t\t\t\t    <svg height=\"15\" width=\"15\" xmlns=\"http:\/\/www.w3.org\/2000\/svg\" viewBox=\"0 0 15 13.56\"><path fill=\"currentColor\" d=\"M0,5.64h11.64L7.56,0h2.64l4.8,6.84-4.8,6.72h-2.64l4.08-5.64H0v-2.28Z\"\/><\/svg>\n                <\/div>\n            <\/a>\n        <\/div>\n        <div class=\"sd-block-button  marginbottom-30px align-left button-type-text text-size-normal text-color-white\">\n            <a class=\"inner-button\"\n            href=\"https:\/\/impact.be\/fr\/candidats\/travailler-dans-la-logistique-et-le-transport\/\" title=\"Emplois dans la logistique et le transport\">\n                <div class=\"button-content\">\n                    <span>Emplois dans la logistique et le transport<\/span>\n\t\t\t\t    <svg height=\"15\" width=\"15\" xmlns=\"http:\/\/www.w3.org\/2000\/svg\" viewBox=\"0 0 15 13.56\"><path fill=\"currentColor\" d=\"M0,5.64h11.64L7.56,0h2.64l4.8,6.84-4.8,6.72h-2.64l4.08-5.64H0v-2.28Z\"\/><\/svg>\n                <\/div>\n            <\/a>\n        <\/div>[\/vc_column_inner][\/vc_row_inner][\/vc_column][\/vc_row]<\/p>\n<\/div>","protected":false},"excerpt":{"rendered":"<p>[vc_row full_width=\u00a0\u00bbstretch_row\u00a0\u00bb content_placement=\u00a0\u00bbbottom\u00a0\u00bb row_height=\u00a0\u00bbrow_800px\u00a0\u00bb bg_color=\u00a0\u00bbbg_green\u00a0\u00bb css=\u00a0\u00bb.vc_custom_1759838311028{padding-top: 0px !important;padding-bottom: 0px !important;background-color: bg_gray !important;}\u00a0\u00bb][vc_column][\/vc_column][\/vc_row][vc_row][vc_column][\/vc_column][\/vc_row][vc_row full_width=\u00a0\u00bbstretch_row\u00a0\u00bb content_placement=\u00a0\u00bbmiddle\u00a0\u00bb bg_color=\u00a0\u00bbbg_gray\u00a0\u00bb css=\u00a0\u00bb.vc_custom_1759404161127{background-color: bg_gray !important;}\u00a0\u00bb][vc_column width=\u00a0\u00bb1\/2&Prime;][\/vc_column][vc_column width=\u00a0\u00bb1\/12&Prime;][\/vc_column][vc_column width=\u00a0\u00bb5\/12&Prime;][vc_row_inner][vc_column_inner width=\u00a0\u00bb1\/2&Prime;][\/vc_column_inner][vc_column_inner width=\u00a0\u00bb1\/2&Prime;][\/vc_column_inner][\/vc_row_inner][\/vc_column][\/vc_row]<\/p>\n","protected":false},"author":1,"featured_media":0,"parent":5223,"menu_order":0,"comment_status":"closed","ping_status":"closed","template":"","meta":{"_acf_changed":false,"footnotes":""},"class_list":["post-7953","page","type-page","status-publish","hentry"],"acf":[],"yoast_head":"<!-- This site is optimized with the Yoast SEO plugin v26.8 - https:\/\/yoast.com\/product\/yoast-seo-wordpress\/ -->\n<title>T\u00e9moignages | IMPACT<\/title>\n<meta name=\"description\" content=\"Inspire-toi des t\u00e9moignages de travailleurs temporaires satisfaits qui ont trouv\u00e9 un emploi adapt\u00e9 \u00e0 leurs besoins dans le secteur technique ou de la construction gr\u00e2ce \u00e0 IMPACT.\" \/>\n<meta name=\"robots\" content=\"index, follow, max-snippet:-1, max-image-preview:large, max-video-preview:-1\" \/>\n<link rel=\"canonical\" href=\"https:\/\/impact.be\/fr\/candidats\/temoignages\/\" \/>\n<meta property=\"og:locale\" content=\"fr_FR\" \/>\n<meta property=\"og:type\" content=\"article\" \/>\n<meta property=\"og:title\" content=\"T\u00e9moignages | IMPACT\" \/>\n<meta property=\"og:description\" content=\"Inspire-toi des t\u00e9moignages de travailleurs temporaires satisfaits qui ont trouv\u00e9 un emploi adapt\u00e9 \u00e0 leurs besoins dans le secteur technique ou de la construction gr\u00e2ce \u00e0 IMPACT.\" \/>\n<meta property=\"og:url\" content=\"https:\/\/impact.be\/fr\/candidats\/temoignages\/\" \/>\n<meta property=\"og:site_name\" content=\"IMPACT\" \/>\n<meta property=\"article:publisher\" content=\"https:\/\/www.facebook.com\/jobs.impact\" \/>\n<meta property=\"article:modified_time\" content=\"2025-11-07T15:54:37+00:00\" \/>\n<meta property=\"og:image\" content=\"https:\/\/impact.be\/wp-content\/uploads\/2025\/11\/Social-share.jpg\" \/>\n\t<meta property=\"og:image:width\" content=\"1200\" \/>\n\t<meta property=\"og:image:height\" content=\"675\" \/>\n\t<meta property=\"og:image:type\" content=\"image\/jpeg\" \/>\n<meta name=\"twitter:card\" content=\"summary_large_image\" \/>\n<meta name=\"twitter:label1\" content=\"Dur\u00e9e de lecture estim\u00e9e\" \/>\n\t<meta name=\"twitter:data1\" content=\"2 minutes\" \/>\n<script type=\"application\/ld+json\" class=\"yoast-schema-graph\">{\"@context\":\"https:\/\/schema.org\",\"@graph\":[{\"@type\":\"WebPage\",\"@id\":\"https:\/\/impact.be\/fr\/candidats\/temoignages\/\",\"url\":\"https:\/\/impact.be\/fr\/candidats\/temoignages\/\",\"name\":\"T\u00e9moignages | IMPACT\",\"isPartOf\":{\"@id\":\"https:\/\/impact.be\/fr\/#website\"},\"datePublished\":\"2025-09-22T12:23:45+00:00\",\"dateModified\":\"2025-11-07T15:54:37+00:00\",\"description\":\"Inspire-toi des t\u00e9moignages de travailleurs temporaires satisfaits qui ont trouv\u00e9 un emploi adapt\u00e9 \u00e0 leurs besoins dans le secteur technique ou de la construction gr\u00e2ce \u00e0 IMPACT.\",\"breadcrumb\":{\"@id\":\"https:\/\/impact.be\/fr\/candidats\/temoignages\/#breadcrumb\"},\"inLanguage\":\"fr-FR\",\"potentialAction\":[{\"@type\":\"ReadAction\",\"target\":[\"https:\/\/impact.be\/fr\/candidats\/temoignages\/\"]}]},{\"@type\":\"BreadcrumbList\",\"@id\":\"https:\/\/impact.be\/fr\/candidats\/temoignages\/#breadcrumb\",\"itemListElement\":[{\"@type\":\"ListItem\",\"position\":1,\"name\":\"Home\",\"item\":\"https:\/\/impact.be\/fr\/\"},{\"@type\":\"ListItem\",\"position\":2,\"name\":\"Les candidats\",\"item\":\"https:\/\/impact.be\/fr\/\"},{\"@type\":\"ListItem\",\"position\":3,\"name\":\"T\u00e9moignages\"}]},{\"@type\":\"WebSite\",\"@id\":\"https:\/\/impact.be\/fr\/#website\",\"url\":\"https:\/\/impact.be\/fr\/\",\"name\":\"IMPACT\",\"description\":\"Impact website\",\"inLanguage\":\"fr-FR\"}]}<\/script>\n<!-- \/ Yoast SEO plugin. -->","yoast_head_json":{"title":"T\u00e9moignages | IMPACT","description":"Inspire-toi des t\u00e9moignages de travailleurs temporaires satisfaits qui ont trouv\u00e9 un emploi adapt\u00e9 \u00e0 leurs besoins dans le secteur technique ou de la construction gr\u00e2ce \u00e0 IMPACT.","robots":{"index":"index","follow":"follow","max-snippet":"max-snippet:-1","max-image-preview":"max-image-preview:large","max-video-preview":"max-video-preview:-1"},"canonical":"https:\/\/impact.be\/fr\/candidats\/temoignages\/","og_locale":"fr_FR","og_type":"article","og_title":"T\u00e9moignages | IMPACT","og_description":"Inspire-toi des t\u00e9moignages de travailleurs temporaires satisfaits qui ont trouv\u00e9 un emploi adapt\u00e9 \u00e0 leurs besoins dans le secteur technique ou de la construction gr\u00e2ce \u00e0 IMPACT.","og_url":"https:\/\/impact.be\/fr\/candidats\/temoignages\/","og_site_name":"IMPACT","article_publisher":"https:\/\/www.facebook.com\/jobs.impact","article_modified_time":"2025-11-07T15:54:37+00:00","og_image":[{"width":1200,"height":675,"url":"https:\/\/impact.be\/wp-content\/uploads\/2025\/11\/Social-share.jpg","type":"image\/jpeg"}],"twitter_card":"summary_large_image","twitter_misc":{"Dur\u00e9e de lecture estim\u00e9e":"2 minutes"},"schema":{"@context":"https:\/\/schema.org","@graph":[{"@type":"WebPage","@id":"https:\/\/impact.be\/fr\/candidats\/temoignages\/","url":"https:\/\/impact.be\/fr\/candidats\/temoignages\/","name":"T\u00e9moignages | IMPACT","isPartOf":{"@id":"https:\/\/impact.be\/fr\/#website"},"datePublished":"2025-09-22T12:23:45+00:00","dateModified":"2025-11-07T15:54:37+00:00","description":"Inspire-toi des t\u00e9moignages de travailleurs temporaires satisfaits qui ont trouv\u00e9 un emploi adapt\u00e9 \u00e0 leurs besoins dans le secteur technique ou de la construction gr\u00e2ce \u00e0 IMPACT.","breadcrumb":{"@id":"https:\/\/impact.be\/fr\/candidats\/temoignages\/#breadcrumb"},"inLanguage":"fr-FR","potentialAction":[{"@type":"ReadAction","target":["https:\/\/impact.be\/fr\/candidats\/temoignages\/"]}]},{"@type":"BreadcrumbList","@id":"https:\/\/impact.be\/fr\/candidats\/temoignages\/#breadcrumb","itemListElement":[{"@type":"ListItem","position":1,"name":"Home","item":"https:\/\/impact.be\/fr\/"},{"@type":"ListItem","position":2,"name":"Les candidats","item":"https:\/\/impact.be\/fr\/"},{"@type":"ListItem","position":3,"name":"T\u00e9moignages"}]},{"@type":"WebSite","@id":"https:\/\/impact.be\/fr\/#website","url":"https:\/\/impact.be\/fr\/","name":"IMPACT","description":"Impact website","inLanguage":"fr-FR"}]}},"_links":{"self":[{"href":"https:\/\/impact.be\/fr\/wp-json\/wp\/v2\/pages\/7953","targetHints":{"allow":["GET"]}}],"collection":[{"href":"https:\/\/impact.be\/fr\/wp-json\/wp\/v2\/pages"}],"about":[{"href":"https:\/\/impact.be\/fr\/wp-json\/wp\/v2\/types\/page"}],"author":[{"embeddable":true,"href":"https:\/\/impact.be\/fr\/wp-json\/wp\/v2\/users\/1"}],"replies":[{"embeddable":true,"href":"https:\/\/impact.be\/fr\/wp-json\/wp\/v2\/comments?post=7953"}],"version-history":[{"count":11,"href":"https:\/\/impact.be\/fr\/wp-json\/wp\/v2\/pages\/7953\/revisions"}],"predecessor-version":[{"id":13107,"href":"https:\/\/impact.be\/fr\/wp-json\/wp\/v2\/pages\/7953\/revisions\/13107"}],"up":[{"embeddable":true,"href":"https:\/\/impact.be\/fr\/wp-json\/wp\/v2\/pages\/5223"}],"wp:attachment":[{"href":"https:\/\/impact.be\/fr\/wp-json\/wp\/v2\/media?parent=7953"}],"curies":[{"name":"wp","href":"https:\/\/api.w.org\/{rel}","templated":true}]}}