{"id":7487,"date":"2025-10-16T09:37:20","date_gmt":"2025-10-16T07:37:20","guid":{"rendered":"https:\/\/impact.be\/?page_id=7487"},"modified":"2026-03-31T16:40:25","modified_gmt":"2026-03-31T14:40:25","slug":"temoignages","status":"publish","type":"page","link":"https:\/\/impact.be\/fr\/employeurs\/temoignages\/","title":{"rendered":"Les employeurs s&rsquo;expriment"},"content":{"rendered":"<div class=\"wpb-content-wrapper\"><p>[vc_row css=\u00a0\u00bb.vc_custom_1761315477936{padding-top: 0px !important;padding-bottom: 0px !important;background-color: bg_green !important;}\u00a0\u00bb][vc_column]\n            <div class=\"sd-block-testimonial-highlight color-light-gray\">\n                <div class=\"content\">\n                    \n        <div class=\"sd-block-breadcrumb  align-left color-gray_dark marginbottom-0px\n        \">\n            <ul id=\"breadcrumbs\" class=\"breadcrumbs\"><\/ul>\n        <\/div>\n                    \n        <div class=\"sd-block-title \">\n            <h1 class=\"sd-block-title-htag  marginbottom-30px align-left color-gray_dark font-xlarge\n            \">\n\t\t\t\t\n            \tRencontrez Caroline, Responsable RH chez De Bonte\n\t\t\t<\/h1>\n        <\/div>\n                    \n        <div class=\"sd-block-text  marginbottom-30px color-gray_dark\n        \">\n        \t\n            <p>De Bonte fabrique des produits en b\u00e9ton pr\u00e9fabriqu\u00e9 de qualit\u00e9 pour les infrastructures ferroviaires, les \u00e9gouts et les routes.<\/p>\n\n        <\/div>\n                    \n        <div class=\"sd-block-button  marginbottom-0px align-left button-type-background button-size-large background-color-fluent_yellow\">\n            <a class=\"inner-button\"\n            href=\"https:\/\/impact.be\/fr\/employeurs\/testimonials\/caroline-moins\/\" title=\"Lire l\u2019histoire\">\n                <div class=\"button-content\">\n                    <span>Lire l\u2019histoire<\/span>\n\t\t\t\t    <svg height=\"15\" width=\"15\" xmlns=\"http:\/\/www.w3.org\/2000\/svg\" viewBox=\"0 0 15 13.56\"><path fill=\"currentColor\" d=\"M0,5.64h11.64L7.56,0h2.64l4.8,6.84-4.8,6.72h-2.64l4.08-5.64H0v-2.28Z\"\/><\/svg>\n                <\/div>\n            <\/a>\n        <\/div>\n                <\/div>\n                <div class=\"background-image\">\n                    <img decoding=\"async\" src=\"https:\/\/impact.be\/wp-content\/uploads\/2025\/09\/Caroline.jpg\" alt=\"Caroline Moins\">\n                    <svg height=\"15px\" width=\"8px\" xmlns=\"http:\/\/www.w3.org\/2000\/svg\" viewBox=\"0 0 49.62 90\"><polygon fill=\"currentColor\" points=\"0 90 0 0 49.62 0 0 90\"\/><\/svg>\n                <\/div>\n            <\/div>[\/vc_column][\/vc_row][vc_row][vc_column width=\u00a0\u00bb1\/12&Prime;][\/vc_column][vc_column width=\u00a0\u00bb10\/12&Prime;]\n        <div class=\"sd-block-title \">\n            <h2 class=\"sd-block-title-htag  marginbottom-30px align-left color-dark_gray\n            \">\n\t\t\t\t\n            \tD\u00e9couvre toutes les histoires\n\t\t\t<\/h2>\n        <\/div>\n        <div class=\"sd-block-testimonial-overview\n        \t\n\t\t\" data-atts=\"{&quot;posts_per_page&quot;:&quot;12&quot;,&quot;pagination&quot;:&quot;no&quot;,&quot;exclude_first&quot;:&quot;no&quot;}\" data-page-id=\"1\">\n            <div class=\"testimonial-grid\">\n                        <a title=\"Caroline Moins\" href=\"https:\/\/impact.be\/fr\/employeurs\/testimonials\/caroline-moins\/\" class=\"testimonial-tile\">\n                            <div class=\"author\">\n                                \n        <div class=\"sd-block-title \">\n            <h2 class=\"sd-block-title-htag  marginbottom-0px align-left color-white font-small\n            \">\n\t\t\t\t\n            \tRencontrez Caroline\n\t\t\t<\/h2>\n        <\/div>\n                                <div class=\"job-description\">Responsable RH chez De Bonte<\/div>\n                            <\/div>\n                            <img decoding=\"async\" src=\"https:\/\/impact.be\/wp-content\/uploads\/2025\/09\/Caroline.jpg\" alt=\"Caroline Moins\">\n                            <div class=\"testimonial-button\">\n                                <svg height=\"15\" width=\"15\" xmlns=\"http:\/\/www.w3.org\/2000\/svg\" viewBox=\"0 0 15 13.56\"><path fill=\"currentColor\" d=\"M0,5.64h11.64L7.56,0h2.64l4.8,6.84-4.8,6.72h-2.64l4.08-5.64H0v-2.28Z\"\/><\/svg>\n                            <\/div>\n                        <\/a>\n                        <a title=\"Guido Poels\" href=\"https:\/\/impact.be\/fr\/employeurs\/testimonials\/guido-poels\/\" class=\"testimonial-tile\">\n                            <div class=\"author\">\n                                \n        <div class=\"sd-block-title \">\n            <h2 class=\"sd-block-title-htag  marginbottom-0px align-left color-white font-small\n            \">\n\t\t\t\t\n            \tRencontrez Guido\n\t\t\t<\/h2>\n        <\/div>\n                                <div class=\"job-description\">Directeur g\u00e9n\u00e9ral Cevek<\/div>\n                            <\/div>\n                            <img decoding=\"async\" src=\"https:\/\/impact.be\/wp-content\/uploads\/2025\/09\/Guido.jpg\" alt=\"Guido Poels\">\n                            <div class=\"testimonial-button\">\n                                <svg height=\"15\" width=\"15\" xmlns=\"http:\/\/www.w3.org\/2000\/svg\" viewBox=\"0 0 15 13.56\"><path fill=\"currentColor\" d=\"M0,5.64h11.64L7.56,0h2.64l4.8,6.84-4.8,6.72h-2.64l4.08-5.64H0v-2.28Z\"\/><\/svg>\n                            <\/div>\n                        <\/a>\n                        <a title=\"Karolien De Smet\" href=\"https:\/\/impact.be\/fr\/employeurs\/testimonials\/karolien-de-smet\/\" class=\"testimonial-tile\">\n                            <div class=\"author\">\n                                \n        <div class=\"sd-block-title \">\n            <h2 class=\"sd-block-title-htag  marginbottom-0px align-left color-white font-small\n            \">\n\t\t\t\t\n            \tRencontrez Karolien\n\t\t\t<\/h2>\n        <\/div>\n                                <div class=\"job-description\">Conseiller en pr\u00e9vention chez Firma Beel<\/div>\n                            <\/div>\n                            <img decoding=\"async\" src=\"https:\/\/impact.be\/wp-content\/uploads\/2025\/09\/Karolien.jpg\" alt=\"Karolien De Smet\">\n                            <div class=\"testimonial-button\">\n                                <svg height=\"15\" width=\"15\" xmlns=\"http:\/\/www.w3.org\/2000\/svg\" viewBox=\"0 0 15 13.56\"><path fill=\"currentColor\" d=\"M0,5.64h11.64L7.56,0h2.64l4.8,6.84-4.8,6.72h-2.64l4.08-5.64H0v-2.28Z\"\/><\/svg>\n                            <\/div>\n                        <\/a>\n                        <a title=\"Joeri De Coninck\" href=\"https:\/\/impact.be\/fr\/employeurs\/testimonials\/joeri-de-coninck\/\" class=\"testimonial-tile\">\n                            <div class=\"author\">\n                                \n        <div class=\"sd-block-title \">\n            <h2 class=\"sd-block-title-htag  marginbottom-0px align-left color-white font-small\n            \">\n\t\t\t\t\n            \tRencontrez Joeri\n\t\t\t<\/h2>\n        <\/div>\n                                <div class=\"job-description\">Directeur g\u00e9n\u00e9ral de Sadeco<\/div>\n                            <\/div>\n                            <img decoding=\"async\" src=\"https:\/\/impact.be\/wp-content\/uploads\/2025\/09\/Joeri2.jpg\" alt=\"Joeri De Coninck\">\n                            <div class=\"testimonial-button\">\n                                <svg height=\"15\" width=\"15\" xmlns=\"http:\/\/www.w3.org\/2000\/svg\" viewBox=\"0 0 15 13.56\"><path fill=\"currentColor\" d=\"M0,5.64h11.64L7.56,0h2.64l4.8,6.84-4.8,6.72h-2.64l4.08-5.64H0v-2.28Z\"\/><\/svg>\n                            <\/div>\n                        <\/a>\n                        <a title=\"Chris Heeren\" href=\"https:\/\/impact.be\/fr\/employeurs\/testimonials\/chris-heeren\/\" class=\"testimonial-tile\">\n                            <div class=\"author\">\n                                \n        <div class=\"sd-block-title \">\n            <h2 class=\"sd-block-title-htag  marginbottom-0px align-left color-white font-small\n            \">\n\t\t\t\t\n            \tRencontrez Chris\n\t\t\t<\/h2>\n        <\/div>\n                                <div class=\"job-description\">Directeur g\u00e9n\u00e9ral de Hevoform<\/div>\n                            <\/div>\n                            <img decoding=\"async\" src=\"https:\/\/impact.be\/wp-content\/uploads\/2025\/09\/Chris.jpg\" alt=\"Chris Heeren\">\n                            <div class=\"testimonial-button\">\n                                <svg height=\"15\" width=\"15\" xmlns=\"http:\/\/www.w3.org\/2000\/svg\" viewBox=\"0 0 15 13.56\"><path fill=\"currentColor\" d=\"M0,5.64h11.64L7.56,0h2.64l4.8,6.84-4.8,6.72h-2.64l4.08-5.64H0v-2.28Z\"\/><\/svg>\n                            <\/div>\n                        <\/a>\n                        <a title=\"Annelies Oosterlynck\" href=\"https:\/\/impact.be\/fr\/employeurs\/testimonials\/annelies-oosterlynck\/\" class=\"testimonial-tile\">\n                            <div class=\"author\">\n                                \n        <div class=\"sd-block-title \">\n            <h2 class=\"sd-block-title-htag  marginbottom-0px align-left color-white font-small\n            \">\n\t\t\t\t\n            \tRencontrez Annelies\n\t\t\t<\/h2>\n        <\/div>\n                                <div class=\"job-description\">Gestionnaire de cas \u00e0 l'AMR<\/div>\n                            <\/div>\n                            <img decoding=\"async\" src=\"https:\/\/impact.be\/wp-content\/uploads\/2025\/09\/Annelies.jpg\" alt=\"Annelies Oosterlynck\">\n                            <div class=\"testimonial-button\">\n                                <svg height=\"15\" width=\"15\" xmlns=\"http:\/\/www.w3.org\/2000\/svg\" viewBox=\"0 0 15 13.56\"><path fill=\"currentColor\" d=\"M0,5.64h11.64L7.56,0h2.64l4.8,6.84-4.8,6.72h-2.64l4.08-5.64H0v-2.28Z\"\/><\/svg>\n                            <\/div>\n                        <\/a><\/div><\/div>[\/vc_column][vc_column width=\u00a0\u00bb1\/12&Prime;][\/vc_column][\/vc_row]<\/p>\n<\/div>","protected":false},"excerpt":{"rendered":"<p>[vc_row css=\u00a0\u00bb.vc_custom_1761315477936{padding-top: 0px !important;padding-bottom: 0px !important;background-color: bg_green !important;}\u00a0\u00bb][vc_column][\/vc_column][\/vc_row][vc_row][vc_column width=\u00a0\u00bb1\/12&Prime;][\/vc_column][vc_column width=\u00a0\u00bb10\/12&Prime;][\/vc_column][vc_column width=\u00a0\u00bb1\/12&Prime;][\/vc_column][\/vc_row]<\/p>\n","protected":false},"author":1,"featured_media":0,"parent":7415,"menu_order":0,"comment_status":"closed","ping_status":"closed","template":"","meta":{"_acf_changed":false,"footnotes":""},"class_list":["post-7487","page","type-page","status-publish","hentry"],"acf":[],"yoast_head":"<!-- This site is optimized with the Yoast SEO plugin v26.8 - https:\/\/yoast.com\/product\/yoast-seo-wordpress\/ -->\n<title>Les employeurs s&#039;expriment | IMPACT<\/title>\n<meta name=\"description\" content=\"D\u00e9couvrez les t\u00e9moignages de clients d\u2019IMPACT et voyez comment nous aidons les employeurs \u00e0 trouver les bons profils et \u00e0 construire des collaborations durables.\" \/>\n<meta name=\"robots\" content=\"index, follow, max-snippet:-1, max-image-preview:large, max-video-preview:-1\" \/>\n<link rel=\"canonical\" href=\"https:\/\/impact.be\/fr\/employeurs\/temoignages\/\" \/>\n<meta property=\"og:locale\" content=\"fr_FR\" \/>\n<meta property=\"og:type\" content=\"article\" \/>\n<meta property=\"og:title\" content=\"Les employeurs s&#039;expriment | IMPACT\" \/>\n<meta property=\"og:description\" content=\"D\u00e9couvrez les t\u00e9moignages de clients d\u2019IMPACT et voyez comment nous aidons les employeurs \u00e0 trouver les bons profils et \u00e0 construire des collaborations durables.\" \/>\n<meta property=\"og:url\" content=\"https:\/\/impact.be\/fr\/employeurs\/temoignages\/\" \/>\n<meta property=\"og:site_name\" content=\"IMPACT\" \/>\n<meta property=\"article:publisher\" content=\"https:\/\/www.facebook.com\/jobs.impact\" \/>\n<meta property=\"article:modified_time\" content=\"2026-03-31T14:40:25+00:00\" \/>\n<meta property=\"og:image\" content=\"https:\/\/impact.be\/wp-content\/uploads\/2025\/11\/Social-share.jpg\" \/>\n\t<meta property=\"og:image:width\" content=\"1200\" \/>\n\t<meta property=\"og:image:height\" content=\"675\" \/>\n\t<meta property=\"og:image:type\" content=\"image\/jpeg\" \/>\n<meta name=\"twitter:card\" content=\"summary_large_image\" \/>\n<meta name=\"twitter:label1\" content=\"Dur\u00e9e de lecture estim\u00e9e\" \/>\n\t<meta name=\"twitter:data1\" content=\"1 minute\" \/>\n<script type=\"application\/ld+json\" class=\"yoast-schema-graph\">{\"@context\":\"https:\/\/schema.org\",\"@graph\":[{\"@type\":\"WebPage\",\"@id\":\"https:\/\/impact.be\/fr\/employeurs\/temoignages\/\",\"url\":\"https:\/\/impact.be\/fr\/employeurs\/temoignages\/\",\"name\":\"Les employeurs s'expriment | IMPACT\",\"isPartOf\":{\"@id\":\"https:\/\/impact.be\/fr\/#website\"},\"datePublished\":\"2025-10-16T07:37:20+00:00\",\"dateModified\":\"2026-03-31T14:40:25+00:00\",\"description\":\"D\u00e9couvrez les t\u00e9moignages de clients d\u2019IMPACT et voyez comment nous aidons les employeurs \u00e0 trouver les bons profils et \u00e0 construire des collaborations durables.\",\"breadcrumb\":{\"@id\":\"https:\/\/impact.be\/fr\/employeurs\/temoignages\/#breadcrumb\"},\"inLanguage\":\"fr-FR\",\"potentialAction\":[{\"@type\":\"ReadAction\",\"target\":[\"https:\/\/impact.be\/fr\/employeurs\/temoignages\/\"]}]},{\"@type\":\"BreadcrumbList\",\"@id\":\"https:\/\/impact.be\/fr\/employeurs\/temoignages\/#breadcrumb\",\"itemListElement\":[{\"@type\":\"ListItem\",\"position\":1,\"name\":\"Home\",\"item\":\"https:\/\/impact.be\/fr\/\"},{\"@type\":\"ListItem\",\"position\":2,\"name\":\"Employeurs\",\"item\":\"https:\/\/impact.be\/fr\/employeurs\/\"},{\"@type\":\"ListItem\",\"position\":3,\"name\":\"Les employeurs s&#8217;expriment\"}]},{\"@type\":\"WebSite\",\"@id\":\"https:\/\/impact.be\/fr\/#website\",\"url\":\"https:\/\/impact.be\/fr\/\",\"name\":\"IMPACT\",\"description\":\"Impact website\",\"inLanguage\":\"fr-FR\"}]}<\/script>\n<!-- \/ Yoast SEO plugin. -->","yoast_head_json":{"title":"Les employeurs s'expriment | IMPACT","description":"D\u00e9couvrez les t\u00e9moignages de clients d\u2019IMPACT et voyez comment nous aidons les employeurs \u00e0 trouver les bons profils et \u00e0 construire des collaborations durables.","robots":{"index":"index","follow":"follow","max-snippet":"max-snippet:-1","max-image-preview":"max-image-preview:large","max-video-preview":"max-video-preview:-1"},"canonical":"https:\/\/impact.be\/fr\/employeurs\/temoignages\/","og_locale":"fr_FR","og_type":"article","og_title":"Les employeurs s'expriment | IMPACT","og_description":"D\u00e9couvrez les t\u00e9moignages de clients d\u2019IMPACT et voyez comment nous aidons les employeurs \u00e0 trouver les bons profils et \u00e0 construire des collaborations durables.","og_url":"https:\/\/impact.be\/fr\/employeurs\/temoignages\/","og_site_name":"IMPACT","article_publisher":"https:\/\/www.facebook.com\/jobs.impact","article_modified_time":"2026-03-31T14:40:25+00:00","og_image":[{"width":1200,"height":675,"url":"https:\/\/impact.be\/wp-content\/uploads\/2025\/11\/Social-share.jpg","type":"image\/jpeg"}],"twitter_card":"summary_large_image","twitter_misc":{"Dur\u00e9e de lecture estim\u00e9e":"1 minute"},"schema":{"@context":"https:\/\/schema.org","@graph":[{"@type":"WebPage","@id":"https:\/\/impact.be\/fr\/employeurs\/temoignages\/","url":"https:\/\/impact.be\/fr\/employeurs\/temoignages\/","name":"Les employeurs s'expriment | IMPACT","isPartOf":{"@id":"https:\/\/impact.be\/fr\/#website"},"datePublished":"2025-10-16T07:37:20+00:00","dateModified":"2026-03-31T14:40:25+00:00","description":"D\u00e9couvrez les t\u00e9moignages de clients d\u2019IMPACT et voyez comment nous aidons les employeurs \u00e0 trouver les bons profils et \u00e0 construire des collaborations durables.","breadcrumb":{"@id":"https:\/\/impact.be\/fr\/employeurs\/temoignages\/#breadcrumb"},"inLanguage":"fr-FR","potentialAction":[{"@type":"ReadAction","target":["https:\/\/impact.be\/fr\/employeurs\/temoignages\/"]}]},{"@type":"BreadcrumbList","@id":"https:\/\/impact.be\/fr\/employeurs\/temoignages\/#breadcrumb","itemListElement":[{"@type":"ListItem","position":1,"name":"Home","item":"https:\/\/impact.be\/fr\/"},{"@type":"ListItem","position":2,"name":"Employeurs","item":"https:\/\/impact.be\/fr\/employeurs\/"},{"@type":"ListItem","position":3,"name":"Les employeurs s&#8217;expriment"}]},{"@type":"WebSite","@id":"https:\/\/impact.be\/fr\/#website","url":"https:\/\/impact.be\/fr\/","name":"IMPACT","description":"Impact website","inLanguage":"fr-FR"}]}},"_links":{"self":[{"href":"https:\/\/impact.be\/fr\/wp-json\/wp\/v2\/pages\/7487","targetHints":{"allow":["GET"]}}],"collection":[{"href":"https:\/\/impact.be\/fr\/wp-json\/wp\/v2\/pages"}],"about":[{"href":"https:\/\/impact.be\/fr\/wp-json\/wp\/v2\/types\/page"}],"author":[{"embeddable":true,"href":"https:\/\/impact.be\/fr\/wp-json\/wp\/v2\/users\/1"}],"replies":[{"embeddable":true,"href":"https:\/\/impact.be\/fr\/wp-json\/wp\/v2\/comments?post=7487"}],"version-history":[{"count":6,"href":"https:\/\/impact.be\/fr\/wp-json\/wp\/v2\/pages\/7487\/revisions"}],"predecessor-version":[{"id":13633,"href":"https:\/\/impact.be\/fr\/wp-json\/wp\/v2\/pages\/7487\/revisions\/13633"}],"up":[{"embeddable":true,"href":"https:\/\/impact.be\/fr\/wp-json\/wp\/v2\/pages\/7415"}],"wp:attachment":[{"href":"https:\/\/impact.be\/fr\/wp-json\/wp\/v2\/media?parent=7487"}],"curies":[{"name":"wp","href":"https:\/\/api.w.org\/{rel}","templated":true}]}}