{"id":7419,"date":"2025-09-22T13:52:04","date_gmt":"2025-09-22T11:52:04","guid":{"rendered":"https:\/\/impact.be\/?page_id=7419"},"modified":"2025-11-13T21:39:03","modified_gmt":"2025-11-13T20:39:03","slug":"stages","status":"publish","type":"page","link":"https:\/\/impact.be\/fr\/travailler-chez-impact\/stages\/","title":{"rendered":"Stages"},"content":{"rendered":"<div class=\"wpb-content-wrapper\"><p>[vc_row full_width=\u00a0\u00bbstretch_row\u00a0\u00bb content_placement=\u00a0\u00bbbottom\u00a0\u00bb bg_custom_divider=\u00a0\u00bbdiagonal-50&Prime; bg_custom_style=\u00a0\u00bbimage\u00a0\u00bb row_height=\u00a0\u00bbrow_900px\u00a0\u00bb bg_color=\u00a0\u00bbbg_green\u00a0\u00bb bg_custom_img=\u00a0\u00bb2180&Prime; css=\u00a0\u00bb.vc_custom_1759415573867{background-color: bg_gray !important;}\u00a0\u00bb][vc_column width=\u00a0\u00bb2\/5&Prime;]\n        <div class=\"sd-block-breadcrumb  align-left color-white marginbottom-60px\n        \">\n            <ul id=\"breadcrumbs\" class=\"breadcrumbs\"><\/ul>\n        <\/div>\n        <div class=\"sd-block-title \">\n            <h1 class=\"sd-block-title-htag  marginbottom-30px align-left color-white\n            \">\n\t\t\t\t\n            \tUn stage qui a de l'impact\n\t\t\t<\/h1>\n        <\/div>\n        <div class=\"sd-block-text  marginbottom-30px color-white\n        \">\n        \t\n            <p>Tu es un \u00e9tudiant assidu d\u00e9bordant de motivation, d\u00e9sireux de go\u00fbter au secteur des RH et souhaitant vraiment avoir un impact ? IMPACT te propose un stage professionnel aupr\u00e8s d&rsquo;experts motiv\u00e9s dans lequel apprendre, grandir et s&rsquo;amuser sont au centre des pr\u00e9occupations. Saisis ta chance et donne le meilleur de toi-m\u00eame.<\/p>\n\n        <\/div>\n        <div class=\"sd-block-button  marginbottom-30px align-left button-type-background button-size-normal background-color-fluent_yellow\">\n            <a class=\"inner-button\"\n            href=\"https:\/\/impact.be\/fr\/travailler-chez-impact\/contact\/\" title=\"Contact\">\n                <div class=\"button-content\">\n                    <span>Contact<\/span>\n\t\t\t\t    <svg height=\"15\" width=\"15\" xmlns=\"http:\/\/www.w3.org\/2000\/svg\" viewBox=\"0 0 15 13.56\"><path fill=\"currentColor\" d=\"M0,5.64h11.64L7.56,0h2.64l4.8,6.84-4.8,6.72h-2.64l4.08-5.64H0v-2.28Z\"\/><\/svg>\n                <\/div>\n            <\/a>\n        <\/div>[\/vc_column][vc_column width=\u00a0\u00bb3\/5&Prime;][\/vc_column][\/vc_row][vc_row content_placement=\u00a0\u00bbmiddle\u00a0\u00bb][vc_column width=\u00a0\u00bb5\/12&Prime;]\n        <div class=\"sd-block-title \">\n            <h2 class=\"sd-block-title-htag  marginbottom-30px align-left color-dark_gray\n            \">\n\t\t\t\t\n            \tStages pour \u00e9tudiants\n\t\t\t<\/h2>\n        <\/div>\n        <div class=\"sd-block-text  marginbottom-30px color-gray_dark\n        \">\n        \t\n            <p>Tu es \u00e9tudiant en derni\u00e8re ann\u00e9e de lyc\u00e9e ou sur le point de terminer ton parcours \u00e0 l&rsquo;\u00e9cole sup\u00e9rieure ou \u00e0 l&rsquo;universit\u00e9 ? Le secteur des ressources humaines t&rsquo;int\u00e9resse, tu veux travailler avec des recruteurs exp\u00e9riment\u00e9s et d\u00e9couvrir les tenants et aboutissants d&rsquo;une agence d&rsquo;int\u00e9rim ? Mets tes \u00e9paules sous des projets RH sympas ou renforce nos d\u00e9partements au si\u00e8ge.<br \/>\n<strong>Pr\u00eat \u00e0 faire la diff\u00e9rence ? Envoie-nous un courriel avec ton CV, plus d&rsquo;infos sur qui tu es et pourquoi tu veux faire un stage chez IMPACT. <\/strong><\/p>\n\n        <\/div>\n        <div class=\"sd-block-button  marginbottom-30px align-left button-type-background button-size-small background-color-green\">\n            <a class=\"inner-button\"\n            href=\"https:\/\/impact.be\/fr\/travailler-chez-impact\/contact\/\" title=\"Contact\">\n                <div class=\"button-content\">\n                    <span>Contact<\/span>\n\t\t\t\t    <svg height=\"15\" width=\"15\" xmlns=\"http:\/\/www.w3.org\/2000\/svg\" viewBox=\"0 0 15 13.56\"><path fill=\"currentColor\" d=\"M0,5.64h11.64L7.56,0h2.64l4.8,6.84-4.8,6.72h-2.64l4.08-5.64H0v-2.28Z\"\/><\/svg>\n                <\/div>\n            <\/a>\n        <\/div>[\/vc_column][vc_column width=\u00a0\u00bb1\/12&Prime;][\/vc_column][vc_column width=\u00a0\u00bb1\/2&Prime;]\n        <div class=\"sd-block-image image-count-1  align-Left marginbottom-30px\n        \"><img decoding=\"async\" title=\"\" alt=\"\" src=\"https:\/\/impact.be\/wp-content\/uploads\/2025\/10\/Werken_stageplaatsen_voor.jpg\">\n        <\/div>[\/vc_column][\/vc_row][vc_row full_width=\u00a0\u00bbstretch_row\u00a0\u00bb bg_color=\u00a0\u00bbbg_gray\u00a0\u00bb][vc_column width=\u00a0\u00bb1\/12&Prime;][\/vc_column][vc_column width=\u00a0\u00bb10\/12&Prime;]\n        <div class=\"sd-testimonial-slider co_workers marginbottom-30px\">\n            <navigation class=\"nav-buttons\">\n                <div class=\"button button-prev\"><span><svg viewBox=\"0 0 12.5 11.2\" xml:space=\"preserve\" width=\"15px\" height=\"15px\" xmlns=\"http:\/\/www.w3.org\/2000\/svg\"><path d=\"M12.5,6.6H2.8l3.4,4.7H4L0,5.6L4,0h2.2L2.8,4.7h9.7V6.6z\" fill=\"currentColor\" \/><\/svg><\/span><\/div>\n                <div class=\"button button-next\"><span><svg height=\"15\" width=\"15\" xmlns=\"http:\/\/www.w3.org\/2000\/svg\" viewBox=\"0 0 15 13.56\"><path fill=\"currentColor\" d=\"M0,5.64h11.64L7.56,0h2.64l4.8,6.84-4.8,6.72h-2.64l4.08-5.64H0v-2.28Z\"\/><\/svg><\/span><\/div>\n            <\/navigation>\n            <div class=\"slider-inner-row\" data-itemsInView=\"1\">\n                            <div id=\"slide0\" class=\"slide\" data-slide=\"0\">\n                                <div class=\"slide-content\">\n                                    <div class=\"testimonial-image\"><img decoding=\"async\" src=\"https:\/\/impact.be\/wp-content\/uploads\/2025\/09\/Maaike.jpg\" alt=\"Maaike Van Reeth\"><\/div>\n                            \n                                    <div class=\"testimonial-quote\">\n                                        <div class=\"testimonial-quote-category\">Les coll\u00e8gues prennent la parole<\/div>\n                                        <div class=\"quote\">\n                                            <svg viewBox=\"0 0 14.3 11\" xml:space=\"preserve\" width=\"15px\" height=\"15px\" xmlns=\"http:\/\/www.w3.org\/2000\/svg\"><path d=\"M7.2,1L4.7,11c-1.7-0.2-3-0.5-3.9-1C0.3,9.8,0,9.3,0,8.7S0.2,7.6,0.5,7l4-7L7.2,1z M14.3,1l-2.5,10c-1.7-0.2-3-0.5-3.9-1 \tC7.3,9.8,7.1,9.3,7.1,8.7S7.2,7.6,7.5,7l4-7L14.3,1z\" fill=\"currentColor\" \/><\/svg>\n                                            \n        <div class=\"sd-block-title \">\n            <h2 class=\"sd-block-title-htag  marginbottom-30px align-left color-white font-large\n            \">\n\t\t\t\t\n            \tEn tant que Branch Manager de l'agence de Louvain, Maaike peut mettre \u00e0 profit l'exp\u00e9rience de ses postes pr\u00e9c\u00e9dents pour guider les candida&#8230;\n\t\t\t<\/h2>\n        <\/div>\n                                        <\/div>\n                                        <div class=\"testimonial-quote-controls\">\n        <div class=\"sd-block-button  marginbottom-0px align-left button-type-background button-size-small background-color-fluent_yellow\">\n            <a class=\"inner-button\"\n            href=\"https:\/\/impact.be\/fr\/travail-a-limpact\/testimonials\/maaike-van-reeth\/\" title=\"Faites connaissance avec Maaike\">\n                <div class=\"button-content\">\n                    <span>Faites connaissance avec Maaike<\/span>\n\t\t\t\t    <svg height=\"15\" width=\"15\" xmlns=\"http:\/\/www.w3.org\/2000\/svg\" viewBox=\"0 0 15 13.56\"><path fill=\"currentColor\" d=\"M0,5.64h11.64L7.56,0h2.64l4.8,6.84-4.8,6.72h-2.64l4.08-5.64H0v-2.28Z\"\/><\/svg>\n                <\/div>\n            <\/a>\n        <\/div>\n                                            <div class=\"testimonial-quote-logo\">\n                                            <\/div>\n                                        <\/div>\n                                    <\/div>\n                                <\/div>\n                            <\/div>\n                        \n                            <div id=\"slide1\" class=\"slide\" data-slide=\"1\">\n                                <div class=\"slide-content\">\n                                    <div class=\"testimonial-image\"><img decoding=\"async\" src=\"https:\/\/impact.be\/wp-content\/uploads\/2025\/09\/Nele.jpg\" alt=\"Nele Mobouck\"><\/div>\n                            \n                                    <div class=\"testimonial-quote\">\n                                        <div class=\"testimonial-quote-category\">Les coll\u00e8gues prennent la parole<\/div>\n                                        <div class=\"quote\">\n                                            <svg viewBox=\"0 0 14.3 11\" xml:space=\"preserve\" width=\"15px\" height=\"15px\" xmlns=\"http:\/\/www.w3.org\/2000\/svg\"><path d=\"M7.2,1L4.7,11c-1.7-0.2-3-0.5-3.9-1C0.3,9.8,0,9.3,0,8.7S0.2,7.6,0.5,7l4-7L7.2,1z M14.3,1l-2.5,10c-1.7-0.2-3-0.5-3.9-1 \tC7.3,9.8,7.1,9.3,7.1,8.7S7.2,7.6,7.5,7l4-7L14.3,1z\" fill=\"currentColor\" \/><\/svg>\n                                            \n        <div class=\"sd-block-title \">\n            <h2 class=\"sd-block-title-htag  marginbottom-30px align-left color-white font-large\n            \">\n\t\t\t\t\n            \tAvec 15 ans d'IMPACT \u00e0 son compteur, le march\u00e9 de l'emploi n'a plus de secret pour Nele : la personne id\u00e9ale pour t'aider \u00e0 trouver un emplo&#8230;\n\t\t\t<\/h2>\n        <\/div>\n                                        <\/div>\n                                        <div class=\"testimonial-quote-controls\">\n        <div class=\"sd-block-button  marginbottom-0px align-left button-type-background button-size-small background-color-fluent_yellow\">\n            <a class=\"inner-button\"\n            href=\"https:\/\/impact.be\/fr\/travail-a-limpact\/testimonials\/nele-mobouck\/\" title=\"Faites connaissance avec Nele\">\n                <div class=\"button-content\">\n                    <span>Faites connaissance avec Nele<\/span>\n\t\t\t\t    <svg height=\"15\" width=\"15\" xmlns=\"http:\/\/www.w3.org\/2000\/svg\" viewBox=\"0 0 15 13.56\"><path fill=\"currentColor\" d=\"M0,5.64h11.64L7.56,0h2.64l4.8,6.84-4.8,6.72h-2.64l4.08-5.64H0v-2.28Z\"\/><\/svg>\n                <\/div>\n            <\/a>\n        <\/div>\n                                            <div class=\"testimonial-quote-logo\">\n                                            <\/div>\n                                        <\/div>\n                                    <\/div>\n                                <\/div>\n                            <\/div>\n                        \n                            <div id=\"slide2\" class=\"slide\" data-slide=\"2\">\n                                <div class=\"slide-content\">\n                                    <div class=\"testimonial-image\"><img decoding=\"async\" src=\"https:\/\/impact.be\/wp-content\/uploads\/2025\/09\/Michela.jpg\" alt=\"Michela Desimio\"><\/div>\n                            \n                                    <div class=\"testimonial-quote\">\n                                        <div class=\"testimonial-quote-category\">Les coll\u00e8gues prennent la parole<\/div>\n                                        <div class=\"quote\">\n                                            <svg viewBox=\"0 0 14.3 11\" xml:space=\"preserve\" width=\"15px\" height=\"15px\" xmlns=\"http:\/\/www.w3.org\/2000\/svg\"><path d=\"M7.2,1L4.7,11c-1.7-0.2-3-0.5-3.9-1C0.3,9.8,0,9.3,0,8.7S0.2,7.6,0.5,7l4-7L7.2,1z M14.3,1l-2.5,10c-1.7-0.2-3-0.5-3.9-1 \tC7.3,9.8,7.1,9.3,7.1,8.7S7.2,7.6,7.5,7l4-7L14.3,1z\" fill=\"currentColor\" \/><\/svg>\n                                            \n        <div class=\"sd-block-title \">\n            <h2 class=\"sd-block-title-htag  marginbottom-30px align-left color-white font-large\n            \">\n\t\t\t\t\n            \tLorsque j'ai commenc\u00e9 dans le secteur du recrutement, il m'est rapidement apparu que je trouvais ce secteur tr\u00e8s int\u00e9ressant et qu'il me ten&#8230;\n\t\t\t<\/h2>\n        <\/div>\n                                        <\/div>\n                                        <div class=\"testimonial-quote-controls\">\n        <div class=\"sd-block-button  marginbottom-0px align-left button-type-background button-size-small background-color-fluent_yellow\">\n            <a class=\"inner-button\"\n            href=\"https:\/\/impact.be\/fr\/travail-a-limpact\/testimonials\/michela-desimio\/\" title=\"Faites connaissance avec Michela\">\n                <div class=\"button-content\">\n                    <span>Faites connaissance avec Michela<\/span>\n\t\t\t\t    <svg height=\"15\" width=\"15\" xmlns=\"http:\/\/www.w3.org\/2000\/svg\" viewBox=\"0 0 15 13.56\"><path fill=\"currentColor\" d=\"M0,5.64h11.64L7.56,0h2.64l4.8,6.84-4.8,6.72h-2.64l4.08-5.64H0v-2.28Z\"\/><\/svg>\n                <\/div>\n            <\/a>\n        <\/div>\n                                            <div class=\"testimonial-quote-logo\">\n                                            <\/div>\n                                        <\/div>\n                                    <\/div>\n                                <\/div>\n                            <\/div>\n                        <\/div>\n                        <navigation class=\"navigation-bar\">\n                                    <div class=\"item item-0\" data-slide=\"0\">\n                                    <\/div>\n                                    <div class=\"item item-1\" data-slide=\"1\">\n                                    <\/div>\n                                    <div class=\"item item-2\" data-slide=\"2\">\n                                    <\/div>\n                        <\/navigation>\n                <\/div>[\/vc_column][vc_column width=\u00a0\u00bb1\/12&Prime;][\/vc_column][\/vc_row][vc_row content_placement=\u00a0\u00bbmiddle\u00a0\u00bb][vc_column width=\u00a0\u00bb5\/12&Prime;]\n        <div class=\"sd-block-title \">\n            <h2 class=\"sd-block-title-htag  marginbottom-30px align-left color-dark_gray\n            \">\n\t\t\t\t\n            \tPr\u00eat \u00e0 faire IMPACT ?\n\t\t\t<\/h2>\n        <\/div>\n        <div class=\"sd-block-text  marginbottom-30px color-gray_dark list-check\n        \">\n        \t\n            <p>C&rsquo;est ce que nous attendons de toi :<\/p>\n<ul class=\"checks\">\n<li>Une bonne dose de motivation et de soif d&rsquo;apprendre<\/li>\n<li>Un v\u00e9ritable int\u00e9r\u00eat et des affinit\u00e9s avec le secteur des RH<\/li>\n<li>Une personnalit\u00e9 motiv\u00e9e et d\u00e9sireuse de travailler en \u00e9quipe.<\/li>\n<li>Un sac \u00e0 dos suffisamment rempli de comp\u00e9tences en communication.<\/li>\n<\/ul>\n\n        <\/div>\n        <div class=\"sd-block-button  marginbottom-30px align-left button-type-background button-size-small background-color-green\">\n            <a class=\"inner-button\"\n            href=\"https:\/\/impact.be\/fr\/travailler-chez-impact\/contact\/\" title=\"Contact\">\n                <div class=\"button-content\">\n                    <span>Contact<\/span>\n\t\t\t\t    <svg height=\"15\" width=\"15\" xmlns=\"http:\/\/www.w3.org\/2000\/svg\" viewBox=\"0 0 15 13.56\"><path fill=\"currentColor\" d=\"M0,5.64h11.64L7.56,0h2.64l4.8,6.84-4.8,6.72h-2.64l4.08-5.64H0v-2.28Z\"\/><\/svg>\n                <\/div>\n            <\/a>\n        <\/div>[\/vc_column][vc_column width=\u00a0\u00bb1\/12&Prime;][\/vc_column][vc_column width=\u00a0\u00bb1\/2&Prime;]\n        <div class=\"sd-block-image image-count-1  align-Left marginbottom-30px\n        \"><img decoding=\"async\" title=\"\" alt=\"\" src=\"https:\/\/impact.be\/wp-content\/uploads\/2025\/10\/Werken_klaar_om_impact.jpg\">\n        <\/div>[\/vc_column][\/vc_row]<\/p>\n<\/div>","protected":false},"excerpt":{"rendered":"<p>[vc_row full_width=\u00a0\u00bbstretch_row\u00a0\u00bb content_placement=\u00a0\u00bbbottom\u00a0\u00bb bg_custom_divider=\u00a0\u00bbdiagonal-50&Prime; bg_custom_style=\u00a0\u00bbimage\u00a0\u00bb row_height=\u00a0\u00bbrow_900px\u00a0\u00bb bg_color=\u00a0\u00bbbg_green\u00a0\u00bb bg_custom_img=\u00a0\u00bb2180&Prime; css=\u00a0\u00bb.vc_custom_1759415573867{background-color: bg_gray !important;}\u00a0\u00bb][vc_column width=\u00a0\u00bb2\/5&Prime;][\/vc_column][vc_column width=\u00a0\u00bb3\/5&Prime;][\/vc_column][\/vc_row][vc_row content_placement=\u00a0\u00bbmiddle\u00a0\u00bb][vc_column width=\u00a0\u00bb5\/12&Prime;][\/vc_column][vc_column width=\u00a0\u00bb1\/12&Prime;][\/vc_column][vc_column width=\u00a0\u00bb1\/2&Prime;][\/vc_column][\/vc_row][vc_row full_width=\u00a0\u00bbstretch_row\u00a0\u00bb bg_color=\u00a0\u00bbbg_gray\u00a0\u00bb][vc_column width=\u00a0\u00bb1\/12&Prime;][\/vc_column][vc_column width=\u00a0\u00bb10\/12&Prime;][\/vc_column][vc_column width=\u00a0\u00bb1\/12&Prime;][\/vc_column][\/vc_row][vc_row content_placement=\u00a0\u00bbmiddle\u00a0\u00bb][vc_column width=\u00a0\u00bb5\/12&Prime;][\/vc_column][vc_column width=\u00a0\u00bb1\/12&Prime;][\/vc_column][vc_column width=\u00a0\u00bb1\/2&Prime;][\/vc_column][\/vc_row]<\/p>\n","protected":false},"author":1,"featured_media":0,"parent":7417,"menu_order":0,"comment_status":"closed","ping_status":"closed","template":"","meta":{"_acf_changed":false,"footnotes":""},"class_list":["post-7419","page","type-page","status-publish","hentry"],"acf":[],"yoast_head":"<!-- This site is optimized with the Yoast SEO plugin v26.8 - https:\/\/yoast.com\/product\/yoast-seo-wordpress\/ -->\n<title>Stages | IMPACT<\/title>\n<meta name=\"description\" content=\"Tu es un \u00e9tudiant qui veut go\u00fbter au secteur des ressources humaines ? IMPACT te propose un stage avec o\u00f9 apprendre, grandir et s&#039;amuser sont des \u00e9l\u00e9ments cl\u00e9s.\" \/>\n<meta name=\"robots\" content=\"index, follow, max-snippet:-1, max-image-preview:large, max-video-preview:-1\" \/>\n<link rel=\"canonical\" href=\"https:\/\/impact.be\/fr\/travailler-chez-impact\/stages\/\" \/>\n<meta property=\"og:locale\" content=\"fr_FR\" \/>\n<meta property=\"og:type\" content=\"article\" \/>\n<meta property=\"og:title\" content=\"Stages | IMPACT\" \/>\n<meta property=\"og:description\" content=\"Tu es un \u00e9tudiant qui veut go\u00fbter au secteur des ressources humaines ? IMPACT te propose un stage avec o\u00f9 apprendre, grandir et s&#039;amuser sont des \u00e9l\u00e9ments cl\u00e9s.\" \/>\n<meta property=\"og:url\" content=\"https:\/\/impact.be\/fr\/travailler-chez-impact\/stages\/\" \/>\n<meta property=\"og:site_name\" content=\"IMPACT\" \/>\n<meta property=\"article:publisher\" content=\"https:\/\/www.facebook.com\/jobs.impact\" \/>\n<meta property=\"article:modified_time\" content=\"2025-11-13T20:39:03+00:00\" \/>\n<meta property=\"og:image\" content=\"https:\/\/impact.be\/wp-content\/uploads\/2025\/11\/Social-share.jpg\" \/>\n\t<meta property=\"og:image:width\" content=\"1200\" \/>\n\t<meta property=\"og:image:height\" content=\"675\" \/>\n\t<meta property=\"og:image:type\" content=\"image\/jpeg\" \/>\n<meta name=\"twitter:card\" content=\"summary_large_image\" \/>\n<meta name=\"twitter:label1\" content=\"Dur\u00e9e de lecture estim\u00e9e\" \/>\n\t<meta name=\"twitter:data1\" content=\"2 minutes\" \/>\n<script type=\"application\/ld+json\" class=\"yoast-schema-graph\">{\"@context\":\"https:\/\/schema.org\",\"@graph\":[{\"@type\":\"WebPage\",\"@id\":\"https:\/\/impact.be\/fr\/travailler-chez-impact\/stages\/\",\"url\":\"https:\/\/impact.be\/fr\/travailler-chez-impact\/stages\/\",\"name\":\"Stages | IMPACT\",\"isPartOf\":{\"@id\":\"https:\/\/impact.be\/fr\/#website\"},\"datePublished\":\"2025-09-22T11:52:04+00:00\",\"dateModified\":\"2025-11-13T20:39:03+00:00\",\"description\":\"Tu es un \u00e9tudiant qui veut go\u00fbter au secteur des ressources humaines ? IMPACT te propose un stage avec o\u00f9 apprendre, grandir et s'amuser sont des \u00e9l\u00e9ments cl\u00e9s.\",\"breadcrumb\":{\"@id\":\"https:\/\/impact.be\/fr\/travailler-chez-impact\/stages\/#breadcrumb\"},\"inLanguage\":\"fr-FR\",\"potentialAction\":[{\"@type\":\"ReadAction\",\"target\":[\"https:\/\/impact.be\/fr\/travailler-chez-impact\/stages\/\"]}]},{\"@type\":\"BreadcrumbList\",\"@id\":\"https:\/\/impact.be\/fr\/travailler-chez-impact\/stages\/#breadcrumb\",\"itemListElement\":[{\"@type\":\"ListItem\",\"position\":1,\"name\":\"Home\",\"item\":\"https:\/\/impact.be\/fr\/\"},{\"@type\":\"ListItem\",\"position\":2,\"name\":\"Travailler chez IMPACT\",\"item\":\"https:\/\/impact.be\/fr\/travailler-chez-impact\/\"},{\"@type\":\"ListItem\",\"position\":3,\"name\":\"Stages\"}]},{\"@type\":\"WebSite\",\"@id\":\"https:\/\/impact.be\/fr\/#website\",\"url\":\"https:\/\/impact.be\/fr\/\",\"name\":\"IMPACT\",\"description\":\"Impact website\",\"inLanguage\":\"fr-FR\"}]}<\/script>\n<!-- \/ Yoast SEO plugin. -->","yoast_head_json":{"title":"Stages | IMPACT","description":"Tu es un \u00e9tudiant qui veut go\u00fbter au secteur des ressources humaines ? IMPACT te propose un stage avec o\u00f9 apprendre, grandir et s'amuser sont des \u00e9l\u00e9ments cl\u00e9s.","robots":{"index":"index","follow":"follow","max-snippet":"max-snippet:-1","max-image-preview":"max-image-preview:large","max-video-preview":"max-video-preview:-1"},"canonical":"https:\/\/impact.be\/fr\/travailler-chez-impact\/stages\/","og_locale":"fr_FR","og_type":"article","og_title":"Stages | IMPACT","og_description":"Tu es un \u00e9tudiant qui veut go\u00fbter au secteur des ressources humaines ? IMPACT te propose un stage avec o\u00f9 apprendre, grandir et s'amuser sont des \u00e9l\u00e9ments cl\u00e9s.","og_url":"https:\/\/impact.be\/fr\/travailler-chez-impact\/stages\/","og_site_name":"IMPACT","article_publisher":"https:\/\/www.facebook.com\/jobs.impact","article_modified_time":"2025-11-13T20:39:03+00:00","og_image":[{"width":1200,"height":675,"url":"https:\/\/impact.be\/wp-content\/uploads\/2025\/11\/Social-share.jpg","type":"image\/jpeg"}],"twitter_card":"summary_large_image","twitter_misc":{"Dur\u00e9e de lecture estim\u00e9e":"2 minutes"},"schema":{"@context":"https:\/\/schema.org","@graph":[{"@type":"WebPage","@id":"https:\/\/impact.be\/fr\/travailler-chez-impact\/stages\/","url":"https:\/\/impact.be\/fr\/travailler-chez-impact\/stages\/","name":"Stages | IMPACT","isPartOf":{"@id":"https:\/\/impact.be\/fr\/#website"},"datePublished":"2025-09-22T11:52:04+00:00","dateModified":"2025-11-13T20:39:03+00:00","description":"Tu es un \u00e9tudiant qui veut go\u00fbter au secteur des ressources humaines ? IMPACT te propose un stage avec o\u00f9 apprendre, grandir et s'amuser sont des \u00e9l\u00e9ments cl\u00e9s.","breadcrumb":{"@id":"https:\/\/impact.be\/fr\/travailler-chez-impact\/stages\/#breadcrumb"},"inLanguage":"fr-FR","potentialAction":[{"@type":"ReadAction","target":["https:\/\/impact.be\/fr\/travailler-chez-impact\/stages\/"]}]},{"@type":"BreadcrumbList","@id":"https:\/\/impact.be\/fr\/travailler-chez-impact\/stages\/#breadcrumb","itemListElement":[{"@type":"ListItem","position":1,"name":"Home","item":"https:\/\/impact.be\/fr\/"},{"@type":"ListItem","position":2,"name":"Travailler chez IMPACT","item":"https:\/\/impact.be\/fr\/travailler-chez-impact\/"},{"@type":"ListItem","position":3,"name":"Stages"}]},{"@type":"WebSite","@id":"https:\/\/impact.be\/fr\/#website","url":"https:\/\/impact.be\/fr\/","name":"IMPACT","description":"Impact website","inLanguage":"fr-FR"}]}},"_links":{"self":[{"href":"https:\/\/impact.be\/fr\/wp-json\/wp\/v2\/pages\/7419","targetHints":{"allow":["GET"]}}],"collection":[{"href":"https:\/\/impact.be\/fr\/wp-json\/wp\/v2\/pages"}],"about":[{"href":"https:\/\/impact.be\/fr\/wp-json\/wp\/v2\/types\/page"}],"author":[{"embeddable":true,"href":"https:\/\/impact.be\/fr\/wp-json\/wp\/v2\/users\/1"}],"replies":[{"embeddable":true,"href":"https:\/\/impact.be\/fr\/wp-json\/wp\/v2\/comments?post=7419"}],"version-history":[{"count":5,"href":"https:\/\/impact.be\/fr\/wp-json\/wp\/v2\/pages\/7419\/revisions"}],"predecessor-version":[{"id":12674,"href":"https:\/\/impact.be\/fr\/wp-json\/wp\/v2\/pages\/7419\/revisions\/12674"}],"up":[{"embeddable":true,"href":"https:\/\/impact.be\/fr\/wp-json\/wp\/v2\/pages\/7417"}],"wp:attachment":[{"href":"https:\/\/impact.be\/fr\/wp-json\/wp\/v2\/media?parent=7419"}],"curies":[{"name":"wp","href":"https:\/\/api.w.org\/{rel}","templated":true}]}}